{"id":5594,"date":"2025-09-19T23:45:40","date_gmt":"2025-09-19T21:45:40","guid":{"rendered":"https:\/\/agrarpetrovic.rs\/?post_type=product&#038;p=5594"},"modified":"2025-10-27T16:54:48","modified_gmt":"2025-10-27T15:54:48","slug":"__trashed-11","status":"publish","type":"product","link":"https:\/\/agrarpetrovic.rs\/en\/proizvod\/__trashed-11\/","title":{"rendered":"Pictor &#8211; Fungicid"},"content":{"rendered":"<h4><strong>Primena:<\/strong><\/h4>\n<p>Pictor je sistemi\u010dni fungicid sa protektivnim i kurativnim delovanjem, i primenjuje se :<\/p>\n<ul>\n<li>U usevu suncokreta1. za suzbijanje prouzrokova\u010da sive trule\u017ei (Botrytiscinerea) i bele trule\u017ei (Sclerotiniasclerotiorum) u koli\u010dini od 0,3 \u2013 0,5 l\/ha (3-5 ml na 100 m2 ), preventivno, pre sticanja uslova za zara\u017eavanje. Prvo tretiranje obaviti tokom faze butona (BBCH 55-59), a drugo tretiranje u fenofazi punog cvetanja (BBCH 65).<\/li>\n<li>U usevu uljane repice2. za suzbijanje prouzrokova\u010da bele trule\u017ei (Sclerotiniasclerotiorum), crne pegavosti(Alternaria brassicacae) i trule\u017ei (Phoma lingam) u u koli\u010dini od 0,3 \u2013 0,5 l\/ha (3-5 ml u 10 l vode), u fazama pre i posle cvetanja : BBCH 31-51 i BBCH 61-69<\/li>\n<\/ul>\n<p><strong>Utro\u0161ak vode:<\/strong> 400 l\/ha za primenu sa zemlje i 70-80 l\/ha iz vazduhoplova.<\/p>\n<p>Maksimalan broj tretiranja u toku godine na istoj povr\u0161ini : Dva puta u toku godine na istoj povr\u0161ini.<\/p>\n<h4><strong>Me\u0161anje sa drugim pesticidima<\/strong> :<\/h4>\n<ul>\n<li>Kombatibilnost : Mo\u017ee se me\u0161ati sa ve\u0107inom preparata (izuzev dole navedenih), ali se pre svakog konkretnog me\u0161anja preporu\u010duje provera.<\/li>\n<li>Inkombatibilnost : Ne sme se me\u0161ati sa preparatima na bazi malationa, endosulfana i hlorpirifosa .<\/li>\n<\/ul>","protected":false},"excerpt":{"rendered":"<p><strong>Klasa<\/strong>: Fungicidi<\/p>\n<p><strong>Aktivna materija:<\/strong> 200 g\/l Dimoxystrobin + 200 g\/l Boskalid<\/p>\n<p><strong>Formulacija:<\/strong> Koncentrovana suspenzija (SC)<\/p>\n<p><strong>Proizvo\u0111a\u010d<\/strong>: BASF<\/p>","protected":false},"featured_media":8973,"template":"","meta":[],"product_brand":[],"product_cat":[219,239,258],"product_tag":[805],"class_list":{"0":"post-5594","1":"product","2":"type-product","3":"status-publish","4":"has-post-thumbnail","6":"product_cat-fungicidi","7":"product_cat-fungicidi-u-ratarstvu","8":"product_cat-fungicidi-u-uljanoj-repici","9":"product_tag-200-g-l-dimoxystrobin-200-g-l-boskalid","11":"first","12":"outofstock","13":"shipping-taxable","14":"product-type-simple"},"_links":{"self":[{"href":"https:\/\/agrarpetrovic.rs\/en\/wp-json\/wp\/v2\/product\/5594","targetHints":{"allow":["GET"]}}],"collection":[{"href":"https:\/\/agrarpetrovic.rs\/en\/wp-json\/wp\/v2\/product"}],"about":[{"href":"https:\/\/agrarpetrovic.rs\/en\/wp-json\/wp\/v2\/types\/product"}],"wp:featuredmedia":[{"embeddable":true,"href":"https:\/\/agrarpetrovic.rs\/en\/wp-json\/wp\/v2\/media\/8973"}],"wp:attachment":[{"href":"https:\/\/agrarpetrovic.rs\/en\/wp-json\/wp\/v2\/media?parent=5594"}],"wp:term":[{"taxonomy":"product_brand","embeddable":true,"href":"https:\/\/agrarpetrovic.rs\/en\/wp-json\/wp\/v2\/product_brand?post=5594"},{"taxonomy":"product_cat","embeddable":true,"href":"https:\/\/agrarpetrovic.rs\/en\/wp-json\/wp\/v2\/product_cat?post=5594"},{"taxonomy":"product_tag","embeddable":true,"href":"https:\/\/agrarpetrovic.rs\/en\/wp-json\/wp\/v2\/product_tag?post=5594"}],"curies":[{"name":"wp","href":"https:\/\/api.w.org\/{rel}","templated":true}]}}