{"id":5595,"date":"2023-07-13T16:28:09","date_gmt":"2023-07-13T14:28:09","guid":{"rendered":"https:\/\/agrarpetrovic.rs\/?post_type=product&#038;p=5595"},"modified":"2025-10-23T11:55:02","modified_gmt":"2025-10-23T09:55:02","slug":"pulsar-40-herbicid","status":"publish","type":"product","link":"https:\/\/agrarpetrovic.rs\/en\/proizvod\/pulsar-40-herbicid\/","title":{"rendered":"Pulsar 40 &#8211; Herbicid"},"content":{"rendered":"<p>RIMENA: Pulsar\u00ae 40 je selektivni herbicid koji se apsorbuje i listom i korenom u biljkama se translocira do vr\u0161nih meristema. Herbicid kontaktnog i rezidualnog delovanja Inhibira aktivnost enzima acetolaktat sintaze \u2013 ALS &#8211; inhibitor biosinteze esencijalnih aminokiselina (razgranatog lanca): valina, leucina i izoleucina. HRAC klasifikacija: B.<\/p>\n<p>Koli\u010dina primene preparata: Preparat se primenjuje svim tipovima ratarskih prskalica, u zavisnosti od prisutnih korovskih vrsta i inteziteta zakorovljenosti useva, primenjuje u koli\u010dinama od 1,0 \u2013 1,25 l\/ha (10,0 \u2013 12,5 ml\/100m2).<\/p>\n<p>&#8211; pri koli\u010dini primene od 1,0 l\/ha preparat ispoljava:dobru efikasnost (efikasnost &gt; 90 %) u odnosu na:\u0160irokolisne korove, kao \u0161to su: lipica teofrastova (Abutilon theophrasti), \u0161tir hibridni (Amaranthus hybridus), viju\u0161ac njivski (Bilderdykia convolvulus), sla\u010dica (Brassica napus), tar\u010du\u017eak (Capsella bursa-pastoris), pepeljuga obi\u010dna(Chenopodium album), pepeljuga srcolisna (Ch. hybridum), tatula obi\u010dna (Datura stramonium), divlji bro\u0107 (Galium aparine); divlji suncokret (Helianthus annus), crvena mrtva kopriva (Lamium purpureum), bezmirisna kamilica (Matricaria inodora), veliki dvornik (Polygonum lapathifolium), \u017eablja trava (Senecio vulgaris), goru\u0161ica poljska (Sinapis arvensis), pomo\u0107nica obi\u010dna (Solanum nigrum), obi\u010dna gor\u010dika (Sonchus oleraceus), jednogodi\u0161nji \u010distac (Stachys annua), mi\u0161jakinja obi\u010dna (Stellaria media), poljska \u010destoslavica (Veronica arvensis), boca obi\u010dna(Xanthium strumarium).- Uskolisne korove, kao \u0161to su: divlji ovas (Avena fatua), muhar sivi (Setaria glauca), muhar zeleni (S. viridis), muhar lepljivi (S. verticillata), sirak divlji iz semena (Sorghum halepense)<\/p>\n<p>-zadovoljavaju\u0107u efikasnost (efikasnost 75-90 %) u odnosu na: &#8211; \u0160irokolisne korove, kao \u0161to su: ambrozija pelenasta (Ambrosia artemisifolia), poljski prstenak (Anthemis arvensis), ladole\u017e obi\u010dni (Calystegia sepium), palamida njivska (Cirsium arvense), poponac obi\u010dni (Convolvulus arvensis), njivska lubeni\u010darka (Hibiscus trionum), divlja salata (Lactuca seriola), mrtva kopriva (Lamium amplexicaule), bulka (Papaver rhoeas), rapava gor\u010dika (Sonchus asper), poljska \u010destoslavica (Veronica hederifolia), persijska \u010destoslavica(Veronica persica)- Uskolisne korove, kao \u0161to su: prava livadarka (Poa pratensis)slabu efikasnost (efikasnost &lt; 75 %) u odnosu na a) \u0161irokolisne korove, kao \u0161to je: ambrozija (Ambrosia trifida)b) Uskolisni korovi, kao \u0161to su: pirevina obi\u010dna (Agropyrum repens), zuba\u010da obi\u010dna (Cynodon dactylon), sirak divlji iz rizoma (Sorghum halepense)<\/p>\n<p>&#8211; pri koli\u010dini primene od 1,25 l\/ha preparat ispoljava: dobru efikasnost (efikasnost &gt; 90 %) u odnosu na: osim gore navedenih vrsta i na \u0161irokolisne korove, kao \u0161to su: ambrozija pelenasta (Ambrosia artemisifolia), poljski prstenak (Anthemis arvensis), volovod (Orobanche cernua) i uskolisni korov, kao \u0161to je: prava livadarka (Poa pratensis)<\/p>\n<p>zadovoljavaju\u0107u efikasnost (efikasnost 75-90 %) u odnosu na \u0161irokolisni korov, kao \u0161to je: ambrozija (Ambrosia trifida)i uskolisni korov, kao \u0161to je: sirak divlji iz rizoma (Sorghum halepense)slabu efikasnost (efikasnost &lt; 75 %) u odnosu na uskolisne korove, kao \u0161to su: pirevina obi\u010dna (Agropyrum repens), zuba\u010da obi\u010dna (Cynodon dactylon).<\/p>\n<p>Preparat se primenjuje svim tipovima ratarskih prskalica u usevima :<\/p>\n<p>1. Soje, pasulja, gra\u0161ka, lucerke (u zasnivanju) u koli\u010dini od 1,0 &#8211; 1,2 l\/ha, odnosno 10 &#8211; 12 ml na 100 m2, u fazi 1-3 trolista useva (faze 11-13 BBCH- skale) soje, pasulja, gra\u0161ka, odn. u fazi 3 trolista useva (faze 13 BBCH- skale) lucerke (u zasnivanju), a kada su korovi u fazi od kotiledona do razvijenih 6 listova, a optimalno u fazi 1-4 lista .<\/p>\n<p>2. Suncokreta (IMI-hibrid, tolerantan prema herbicidima iz grupe imidazolinoni-Clearfield), u koli\u010dini od 1,2 l\/ha, odnosno 12 ml na 100 m2, primenom kada je suncokret u fazi od nicanja do 3 para listova (faze 05-15 BBCH-skale), a kada su korovi u fazi od kotiledona do razvijenih 6 listova, a optimalno u fazi 1-4 lista. U IMI-hibridima suncokreta Pulsar\u00ae 40 se koristi i za suzbijanje volovoda (Orobanche spp.), i to: u koli\u010dini od 1,2 l\/ha, primenom kada je suncokret u fazi od nicanja do 3 para listova; ili dvokratnom primenom, i to : u koli\u010dini 0,8 l\/ha kada suncokret ima 3 para listova + 0,4 l\/ha 7-10 dana nakon prvog tretiranja.Na parcelama na kojima je volovod jedini problem, \u010dekati kasniju primenu.<\/p>\n<p>Utro\u0161ak vode: 200-400 l\/ha (2-4 l na 100 m2).Maksimalan broj tretiranja u toku jedne godine: Jednom u toku godine na istoj povr\u0161ini.<\/p>","protected":false},"excerpt":{"rendered":"<p>Klasa: Herbicidi<\/p>\n<p>Aktivna materija: 40 g\/l Imazamox<\/p>\n<p>Formulacija: Koncentrovani rastvor (SL)<\/p>\n<p>Proizvo\u0111a\u010d: BASF<\/p>","protected":false},"featured_media":5623,"template":"","meta":[],"product_brand":[],"product_cat":[203,274,261,278,260,211,212,275,264,266,202],"product_tag":[634],"class_list":{"0":"post-5595","1":"product","2":"type-product","3":"status-publish","4":"has-post-thumbnail","6":"product_cat-herbicidi","7":"product_cat-herbicidi-protiv-sirokolisnih-korova-u-suncokretu","8":"product_cat-herbicidi-protiv-sirokolisnih-korova-u-lucerki","9":"product_cat-herbicidi-protiv-sirokolisnih-korova-u-soji","10":"product_cat-herbicidi-u-lucerki","11":"product_cat-herbicidi-u-soji","12":"product_cat-herbicidi-u-suncokretu","13":"product_cat-herbicidi-za-imi-hibride","14":"product_cat-post-em-po-nicanju-useva-u-soji","15":"product_cat-post-em-po-nicanju-useva-u-suncokretu","16":"product_cat-zastita-bilja","17":"product_tag-imazamoks-40-g-l","19":"first","20":"outofstock","21":"shipping-taxable","22":"purchasable","23":"product-type-simple"},"_links":{"self":[{"href":"https:\/\/agrarpetrovic.rs\/en\/wp-json\/wp\/v2\/product\/5595","targetHints":{"allow":["GET"]}}],"collection":[{"href":"https:\/\/agrarpetrovic.rs\/en\/wp-json\/wp\/v2\/product"}],"about":[{"href":"https:\/\/agrarpetrovic.rs\/en\/wp-json\/wp\/v2\/types\/product"}],"wp:featuredmedia":[{"embeddable":true,"href":"https:\/\/agrarpetrovic.rs\/en\/wp-json\/wp\/v2\/media\/5623"}],"wp:attachment":[{"href":"https:\/\/agrarpetrovic.rs\/en\/wp-json\/wp\/v2\/media?parent=5595"}],"wp:term":[{"taxonomy":"product_brand","embeddable":true,"href":"https:\/\/agrarpetrovic.rs\/en\/wp-json\/wp\/v2\/product_brand?post=5595"},{"taxonomy":"product_cat","embeddable":true,"href":"https:\/\/agrarpetrovic.rs\/en\/wp-json\/wp\/v2\/product_cat?post=5595"},{"taxonomy":"product_tag","embeddable":true,"href":"https:\/\/agrarpetrovic.rs\/en\/wp-json\/wp\/v2\/product_tag?post=5595"}],"curies":[{"name":"wp","href":"https:\/\/api.w.org\/{rel}","templated":true}]}}