{"id":5596,"date":"2023-07-13T16:28:09","date_gmt":"2023-07-13T14:28:09","guid":{"rendered":"https:\/\/agrarpetrovic.rs\/?post_type=product&#038;p=5596"},"modified":"2025-10-23T11:55:02","modified_gmt":"2025-10-23T09:55:02","slug":"pulsar-plus-herbicid","status":"publish","type":"product","link":"https:\/\/agrarpetrovic.rs\/en\/proizvod\/pulsar-plus-herbicid\/","title":{"rendered":"Pulsar Plus &#8211; Herbicid"},"content":{"rendered":"<p>Primena: Pulsar Plus je selektivni herbicid koji se primenjuje u usevu suncokreta u fazi dva lista do faze razvijenosti 8 listova (BBCH 12), isklju\u010divo u IMI-hibridima, tolerantnim prema herbicidima iz grupe imidazolinona \u2013 Clearfield\u00aePlus,<\/p>\n<p>Za suzbijanje:<\/p>\n<p>1. Monokotiledonih i dikotiledonih korovskih biljaka koje ni\u010du iz semena: \u0160tir obi\u010dni (Amaranthus retroflexus), \u0161tir (Amaranthus powellii), ambrozija pelenasta (Ambrosia artemisifolia), lipica teofrastova (Abutilon theophrasti), divlji ovas (Avena fatua), tar\u010du\u017eak (Capsella bursa-pastoris), pepeljuga obi\u010dna (Chenopodium album), pepeljuga srcolisna (Ch. hybridum), tatula obi\u010dna (Datura stramonium),veliki muhar (Echinochloa crus-galli), bro\u0107 divlji (Galium aparine), obi\u010dniposunac (Heliotropium europaeum), prosinac (Mercurialis annua), viju\u0161ac njivski (Polygonum convolvulus), veliki dvornik (Polygonum lapathifolia), obi\u010dni dvornik (Polygonum persicaria), muhar zeleni (Setaria viridis), goru\u0161ica poljska (Sinapis arvensis), pomo\u0107nica (Solanum nigrum), \u010distac jednogodi\u0161nji (Stachys annua), boca zelena (Xanthium italicum), boca obi\u010dna (Xanthium strumarium)<\/p>\n<p>2. Parazitne cvetnice: volovod (Orobanche spp.).<\/p>\n<p>Koli\u010dina preparata: 1,2-2,0 L\/ha.<\/p>\n<p>Utro\u0161ak vode: 200-300 L\/ha.<\/p>\n<p>U slu\u010daju jake infestacije korovskim vrstama, protiv razvijenijih korova, ili protiv onih koje se te\u0161ko uni\u0161tavaju, tretiranje se vr\u0161i u ve\u0107oj dozi, od 2,0 l\/ha.<\/p>\n<p>Optimalno vreme tretiranja je kada su korovske vrste &#8211; dikotiledone koji ni\u010du iz semena u fazi 2-4 lista, a u slu\u010daju korovskih vrsta- monokotiledona koji ni\u010du iz semena u fazi 1-3 lista.<\/p>\n<p>Maksimalan broj tretiranja u toku godine na istoj povr\u0161ini: Jednom u toku godine na istoj povr\u0161ini.<\/p>\n<p>Na\u010din delovanja: Preparat se apsorbuje i listom i korenom, a u biljkama se translocira do vr\u0161nih meristema. Ima kontaktno i rezidualno delovanje Inhibira aktivnost enzima acetolaktat sintaze \u2013 ALS &#8211; inhibitor biosinteze esencijalnih aminokiselina (razgranatog lanca): valina, leucina i izoleucina.<\/p>\n<p>Me\u0161anje sa drugim pesticidima: Mo\u017ee se me\u0161ati sa preparatima: Retengo, Pictor.<\/p>","protected":false},"excerpt":{"rendered":"<p>Klasa: Herbicidi<\/p>\n<p>Aktivna materija: 25 g\/l Imazamox<\/p>\n<p>Formulacija: Koncenrtovani rastvor (SL)<\/p>\n<p>Proizvo\u0111a\u010d: BASF<\/p>","protected":false},"featured_media":5624,"template":"","meta":[],"product_brand":[],"product_cat":[203,274,212,275,202],"product_tag":[539],"class_list":{"0":"post-5596","1":"product","2":"type-product","3":"status-publish","4":"has-post-thumbnail","6":"product_cat-herbicidi","7":"product_cat-herbicidi-protiv-sirokolisnih-korova-u-suncokretu","8":"product_cat-herbicidi-u-suncokretu","9":"product_cat-herbicidi-za-imi-hibride","10":"product_cat-zastita-bilja","11":"product_tag-25-g-l-imazamoks","13":"first","14":"outofstock","15":"shipping-taxable","16":"product-type-simple"},"_links":{"self":[{"href":"https:\/\/agrarpetrovic.rs\/en\/wp-json\/wp\/v2\/product\/5596","targetHints":{"allow":["GET"]}}],"collection":[{"href":"https:\/\/agrarpetrovic.rs\/en\/wp-json\/wp\/v2\/product"}],"about":[{"href":"https:\/\/agrarpetrovic.rs\/en\/wp-json\/wp\/v2\/types\/product"}],"wp:featuredmedia":[{"embeddable":true,"href":"https:\/\/agrarpetrovic.rs\/en\/wp-json\/wp\/v2\/media\/5624"}],"wp:attachment":[{"href":"https:\/\/agrarpetrovic.rs\/en\/wp-json\/wp\/v2\/media?parent=5596"}],"wp:term":[{"taxonomy":"product_brand","embeddable":true,"href":"https:\/\/agrarpetrovic.rs\/en\/wp-json\/wp\/v2\/product_brand?post=5596"},{"taxonomy":"product_cat","embeddable":true,"href":"https:\/\/agrarpetrovic.rs\/en\/wp-json\/wp\/v2\/product_cat?post=5596"},{"taxonomy":"product_tag","embeddable":true,"href":"https:\/\/agrarpetrovic.rs\/en\/wp-json\/wp\/v2\/product_tag?post=5596"}],"curies":[{"name":"wp","href":"https:\/\/api.w.org\/{rel}","templated":true}]}}