{"id":5600,"date":"2023-07-13T16:28:09","date_gmt":"2023-07-13T14:28:09","guid":{"rendered":"https:\/\/agrarpetrovic.rs\/?post_type=product&#038;p=5600"},"modified":"2023-07-13T16:28:20","modified_gmt":"2023-07-13T14:28:20","slug":"secardis-fungicid","status":"publish","type":"product","link":"https:\/\/agrarpetrovic.rs\/en\/proizvod\/secardis-fungicid\/","title":{"rendered":"Secardis &#8211; Fungicid"},"content":{"rendered":"<p>PRIMENA: SERCADIS\u00aeje sistemi\u010dni fungicid preventivnog i kurativnog delovanja. Primenjuje se folijarno, prskanjem ili oro\u0161avanjem, u zasadu jabuke za suzbijanje prouzrokova\u010da oboljenja: pepelnice jabuke (Podoshaera leucotricha) i \u010da\u0111ave pegavosti li\u0161\u0107a i krastavosti plodova jabuke (Venturia inaequalis) i u zasadu kru\u0161ke za suzbijanje prouzrokova\u010da \u010da\u0111ave pegavosti li\u0161\u0107a i krastavosti plodova kru\u0161ke (Venturia pirina).<\/p>\n<p>Vreme primene: U zasadu jabuke, a protiv prouzrokova\u010da pepelnice jabuke (Podoshaera leucotricha), od faze kada su prvi listovi vidljivi (faza mi\u0161jih u\u0161iju) i dalje tokom vegetacije (faze 10-78 BBCH-skale).U zasadu jabuke i kru\u0161ke, a protiv prouzrokova\u010da \u010da\u0111ave pegavosti li\u0161\u0107a i krastavosti plodova jabuke (Venturia inaequalis) i kru\u0161ke (Venturia pirina), tokom primarnih zaraza (faze 53-81 BBCH-skale).<\/p>\n<p>Koncentracija\/ koli\u010dina primeme: 0,025% (0,25 L\/ha).Utro\u0161ak vode: 1000 L\/ha (10 L na 100 m2 ).<\/p>\n<p>Maksimalan broj tretiranja u toku godine na istoj povr\u0161ini : Tri puta, na istoj povr\u0161ini, u toku godine<\/p>\n<p>.Na\u010din delovanja: Fluksapiroksad ima preventivno i kurativno delovanje. Spre\u010dava deobu spora i razvoj infekcije. Inhibitor je sukcinat dehidrogenaze. FRAC klasifikacija: 7.Me\u0161anje sa drugim pesticidima: preparat SERCADIS se mo\u017ee me\u0161ati sa ve\u0107inom fingicida i velikim brojem drugih pesticida. U obavljenim ispitivanjima, pokazao je kompatibilnost sa preparatima na bazi: acetamiprida (Mospilan SP, ditianona (Delan 700 WG), difenokonazola (Score EC), tebufenozida (Mimic SC.), metoksifenozida(Runner SC), kombinacije ditianon + dimetomorf, (Forum Gold), ciazofamida (Mildicut), kombinacije fosetil aluminium + fluopikolid (Profiler WG), kombinacije, folpet + mandipropamid (Pergado WG), kombinacije fosetil aluminium + folpet (Flash WG)<\/p>","protected":false},"excerpt":{"rendered":"<p>Klasa: Fungicidi<\/p>\n<p>Aktivna materija:\u00a0 300 g\/l Fluksapiroksad<\/p>\n<p>Formulacija: Koncentrovana suspenzija (SC)<\/p>\n<p>Proizvo\u0111a\u010d: BASF<\/p>","protected":false},"featured_media":5627,"template":"","meta":[],"product_brand":[],"product_cat":[219,224,254,223,222,202],"product_tag":[],"class_list":{"0":"post-5600","1":"product","2":"type-product","3":"status-publish","4":"has-post-thumbnail","6":"product_cat-fungicidi","7":"product_cat-fungicidi-protiv-cadjave-pegavosti-lista-i-krastavosti-plodova","8":"product_cat-fungicidi-protiv-pepelnice-u-jabucastom-vocu","9":"product_cat-fungicidi-u-jabucastom-vocu","10":"product_cat-fungicidi-u-vocarstvu","11":"product_cat-zastita-bilja","13":"first","14":"instock","15":"shipping-taxable","16":"product-type-simple"},"_links":{"self":[{"href":"https:\/\/agrarpetrovic.rs\/en\/wp-json\/wp\/v2\/product\/5600","targetHints":{"allow":["GET"]}}],"collection":[{"href":"https:\/\/agrarpetrovic.rs\/en\/wp-json\/wp\/v2\/product"}],"about":[{"href":"https:\/\/agrarpetrovic.rs\/en\/wp-json\/wp\/v2\/types\/product"}],"wp:featuredmedia":[{"embeddable":true,"href":"https:\/\/agrarpetrovic.rs\/en\/wp-json\/wp\/v2\/media\/5627"}],"wp:attachment":[{"href":"https:\/\/agrarpetrovic.rs\/en\/wp-json\/wp\/v2\/media?parent=5600"}],"wp:term":[{"taxonomy":"product_brand","embeddable":true,"href":"https:\/\/agrarpetrovic.rs\/en\/wp-json\/wp\/v2\/product_brand?post=5600"},{"taxonomy":"product_cat","embeddable":true,"href":"https:\/\/agrarpetrovic.rs\/en\/wp-json\/wp\/v2\/product_cat?post=5600"},{"taxonomy":"product_tag","embeddable":true,"href":"https:\/\/agrarpetrovic.rs\/en\/wp-json\/wp\/v2\/product_tag?post=5600"}],"curies":[{"name":"wp","href":"https:\/\/api.w.org\/{rel}","templated":true}]}}