{"id":5638,"date":"2023-07-13T16:28:28","date_gmt":"2023-07-13T14:28:28","guid":{"rendered":"https:\/\/agrarpetrovic.rs\/?post_type=product&#038;p=5638"},"modified":"2023-07-13T16:28:33","modified_gmt":"2023-07-13T14:28:33","slug":"dizel-agregat-villager-vgd-5500-o","status":"publish","type":"product","link":"https:\/\/agrarpetrovic.rs\/en\/proizvod\/dizel-agregat-villager-vgd-5500-o\/","title":{"rendered":"DIZEL AGREGAT VILLAGER VGD 5500-O"},"content":{"rendered":"<h2>OPIS<\/h2>\n<p>Villager prenosivi agregati za struju su idealan izbor za obezbedjivanje elektri\u010dne energije za sijalice i ku\u0107ne aparate za vreme nestanka struje. Nudimo Vam benzinske i dizel agregate, snage od 2 kW do 5 kW, koji su idealni za primenu na kampovanju, na gradili\u0161tima i u Va\u0161im domovima.<\/p>","protected":false},"excerpt":{"rendered":"<table class=\"table\">\n<thead>\n<tr>\n<th colspan=\"2\">Karakteristike<\/th>\n<\/tr>\n<\/thead>\n<tbody>\n<tr>\n<td>Kategorija<\/td>\n<td><strong>Agregati<\/strong><\/td>\n<\/tr>\n<tr>\n<td>Tip motora<\/td>\n<td><strong>\u010cetvorotaktni, vazdu\u0161no hla\u0111eni<\/strong><\/td>\n<\/tr>\n<tr>\n<td>Zapremina motora<\/td>\n<td><strong>418 cm\u00b3<\/strong><\/td>\n<\/tr>\n<tr>\n<td>Snaga motora<\/td>\n<td><strong>7.4 kW (3600 rpm)<\/strong><\/td>\n<\/tr>\n<tr>\n<td>Tip startera<\/td>\n<td><strong>Reverzibilni \/ Elektro-start<\/strong><\/td>\n<\/tr>\n<tr>\n<td>Nominalna snaga kW \/ kVA<\/td>\n<td><strong>5 kW \/ 6.25 kVA<\/strong><\/td>\n<\/tr>\n<tr>\n<td>Maksimalni snaga kW \/ kVA<\/td>\n<td><strong>5.5 kW \/ 6.9 kVA<\/strong><\/td>\n<\/tr>\n<tr>\n<td>Ja\u010dina elektri\u010dne struje<\/td>\n<td><strong>8.3 A<\/strong><\/td>\n<\/tr>\n<tr>\n<td>Nominalni napon<\/td>\n<td><strong>230 V \/ 400 V<\/strong><\/td>\n<\/tr>\n<tr>\n<td>Uti\u010dnice<\/td>\n<td><strong>1 \u00d7 230 V \/ 1 \u00d7 400 V<\/strong><\/td>\n<\/tr>\n<tr>\n<td>Vreme rada<\/td>\n<td><strong>\u2248 9 h 30 min.<\/strong><\/td>\n<\/tr>\n<tr>\n<td>Gorivo<\/td>\n<td><strong>Dizel<\/strong><\/td>\n<\/tr>\n<tr>\n<td>Masa<\/td>\n<td><strong>120 kg<\/strong><\/td>\n<\/tr>\n<tr>\n<td>Zapremina rezervoara za gorivo<\/td>\n<td><strong>15 l<\/strong><\/td>\n<\/tr>\n<\/tbody>\n<\/table>","protected":false},"featured_media":5668,"template":"","meta":[],"product_brand":[],"product_cat":[328,216],"product_tag":[],"class_list":{"0":"post-5638","1":"product","2":"type-product","3":"status-publish","4":"has-post-thumbnail","6":"product_cat-agregati","7":"product_cat-garden-program","9":"first","10":"instock","11":"shipping-taxable","12":"product-type-simple"},"_links":{"self":[{"href":"https:\/\/agrarpetrovic.rs\/en\/wp-json\/wp\/v2\/product\/5638","targetHints":{"allow":["GET"]}}],"collection":[{"href":"https:\/\/agrarpetrovic.rs\/en\/wp-json\/wp\/v2\/product"}],"about":[{"href":"https:\/\/agrarpetrovic.rs\/en\/wp-json\/wp\/v2\/types\/product"}],"wp:featuredmedia":[{"embeddable":true,"href":"https:\/\/agrarpetrovic.rs\/en\/wp-json\/wp\/v2\/media\/5668"}],"wp:attachment":[{"href":"https:\/\/agrarpetrovic.rs\/en\/wp-json\/wp\/v2\/media?parent=5638"}],"wp:term":[{"taxonomy":"product_brand","embeddable":true,"href":"https:\/\/agrarpetrovic.rs\/en\/wp-json\/wp\/v2\/product_brand?post=5638"},{"taxonomy":"product_cat","embeddable":true,"href":"https:\/\/agrarpetrovic.rs\/en\/wp-json\/wp\/v2\/product_cat?post=5638"},{"taxonomy":"product_tag","embeddable":true,"href":"https:\/\/agrarpetrovic.rs\/en\/wp-json\/wp\/v2\/product_tag?post=5638"}],"curies":[{"name":"wp","href":"https:\/\/api.w.org\/{rel}","templated":true}]}}