{"id":5639,"date":"2023-07-13T16:28:28","date_gmt":"2023-07-13T14:28:28","guid":{"rendered":"https:\/\/agrarpetrovic.rs\/?post_type=product&#038;p=5639"},"modified":"2023-07-13T16:28:34","modified_gmt":"2023-07-13T14:28:34","slug":"inverterski-agregat-villager-vgi-2400","status":"publish","type":"product","link":"https:\/\/agrarpetrovic.rs\/en\/proizvod\/inverterski-agregat-villager-vgi-2400\/","title":{"rendered":"INVERTERSKI AGREGAT VILLAGER VGI 2400"},"content":{"rendered":"<h2>PIS<\/h2>\n<p>Prate\u0107a oprema:<\/p>\n<ul>\n<li>T kljuc<\/li>\n<li>Levak za gorivo<\/li>\n<li>Kabal za punjenje akumulatora<\/li>\n<\/ul>","protected":false},"excerpt":{"rendered":"<table class=\"table\">\n<thead>\n<tr>\n<th colspan=\"2\">Karakteristike<\/th>\n<\/tr>\n<\/thead>\n<tbody>\n<tr>\n<td>Kategorija<\/td>\n<td><strong>Agregati<\/strong><\/td>\n<\/tr>\n<tr>\n<td>Tip motora<\/td>\n<td><strong>\u010cetvorotaktni, vazdu\u0161no hla\u0111eni<\/strong><\/td>\n<\/tr>\n<tr>\n<td>Zapremina motora<\/td>\n<td><strong>98 cm\u00b3<\/strong><\/td>\n<\/tr>\n<tr>\n<td>Snaga motora<\/td>\n<td><strong>3.7 kP (5000 rpm)<\/strong><\/td>\n<\/tr>\n<tr>\n<td>Tip startera<\/td>\n<td><strong>Reverzibilni<\/strong><\/td>\n<\/tr>\n<tr>\n<td>Nominalna snaga kW \/ kVA<\/td>\n<td><strong>2 kW<\/strong><\/td>\n<\/tr>\n<tr>\n<td>Maksimalni snaga kW \/ kVA<\/td>\n<td><strong>2.2 kW<\/strong><\/td>\n<\/tr>\n<tr>\n<td>Ja\u010dina elektri\u010dne struje<\/td>\n<td><strong>8.7 A<\/strong><\/td>\n<\/tr>\n<tr>\n<td>Nominalni napon<\/td>\n<td><strong>230V \/ 12V \/ 5V<\/strong><\/td>\n<\/tr>\n<tr>\n<td>Uti\u010dnice<\/td>\n<td><strong>230V \/ 12V \/ 5V<\/strong><\/td>\n<\/tr>\n<tr>\n<td>Vreme rada<\/td>\n<td><strong>\u2248 4.2 h<\/strong><\/td>\n<\/tr>\n<tr>\n<td>Gorivo<\/td>\n<td><strong>Bezolovni benzin<\/strong><\/td>\n<\/tr>\n<tr>\n<td>Masa<\/td>\n<td><strong>22 kg<\/strong><\/td>\n<\/tr>\n<tr>\n<td>Zapremina rezervoara za gorivo<\/td>\n<td><strong>4.5 l<\/strong><\/td>\n<\/tr>\n<\/tbody>\n<\/table>","protected":false},"featured_media":5669,"template":"","meta":[],"product_brand":[],"product_cat":[328,216],"product_tag":[],"class_list":{"0":"post-5639","1":"product","2":"type-product","3":"status-publish","4":"has-post-thumbnail","6":"product_cat-agregati","7":"product_cat-garden-program","9":"first","10":"instock","11":"shipping-taxable","12":"product-type-simple"},"_links":{"self":[{"href":"https:\/\/agrarpetrovic.rs\/en\/wp-json\/wp\/v2\/product\/5639","targetHints":{"allow":["GET"]}}],"collection":[{"href":"https:\/\/agrarpetrovic.rs\/en\/wp-json\/wp\/v2\/product"}],"about":[{"href":"https:\/\/agrarpetrovic.rs\/en\/wp-json\/wp\/v2\/types\/product"}],"wp:featuredmedia":[{"embeddable":true,"href":"https:\/\/agrarpetrovic.rs\/en\/wp-json\/wp\/v2\/media\/5669"}],"wp:attachment":[{"href":"https:\/\/agrarpetrovic.rs\/en\/wp-json\/wp\/v2\/media?parent=5639"}],"wp:term":[{"taxonomy":"product_brand","embeddable":true,"href":"https:\/\/agrarpetrovic.rs\/en\/wp-json\/wp\/v2\/product_brand?post=5639"},{"taxonomy":"product_cat","embeddable":true,"href":"https:\/\/agrarpetrovic.rs\/en\/wp-json\/wp\/v2\/product_cat?post=5639"},{"taxonomy":"product_tag","embeddable":true,"href":"https:\/\/agrarpetrovic.rs\/en\/wp-json\/wp\/v2\/product_tag?post=5639"}],"curies":[{"name":"wp","href":"https:\/\/api.w.org\/{rel}","templated":true}]}}