{"id":5642,"date":"2023-07-13T16:28:28","date_gmt":"2023-07-13T14:28:28","guid":{"rendered":"https:\/\/agrarpetrovic.rs\/?post_type=product&#038;p=5642"},"modified":"2023-07-13T16:28:36","modified_gmt":"2023-07-13T14:28:36","slug":"agregat-villager-5900-s","status":"publish","type":"product","link":"https:\/\/agrarpetrovic.rs\/en\/proizvod\/agregat-villager-5900-s\/","title":{"rendered":"AGREGAT VILLAGER 5900 S"},"content":{"rendered":"","protected":false},"excerpt":{"rendered":"<table class=\"table\">\n<thead>\n<tr>\n<th colspan=\"2\">Karakteristike<\/th>\n<\/tr>\n<\/thead>\n<tbody>\n<tr>\n<td>Kategorija<\/td>\n<td><strong>Agregati<\/strong><\/td>\n<\/tr>\n<tr>\n<td>Tip motora<\/td>\n<td><strong>\u010cetvorotaktni, vazdu\u0161no hla\u0111eni<\/strong><\/td>\n<\/tr>\n<tr>\n<td>Zapremina motora<\/td>\n<td><strong>420 cm\u00b3<\/strong><\/td>\n<\/tr>\n<tr>\n<td>Snaga motora<\/td>\n<td><strong>9 kW (3600 rpm)<\/strong><\/td>\n<\/tr>\n<tr>\n<td>Tip startera<\/td>\n<td><strong>Reverzibilni \/ Elektro-start<\/strong><\/td>\n<\/tr>\n<tr>\n<td>Nominalna snaga kW \/ kVA<\/td>\n<td><strong>5 kW<\/strong><\/td>\n<\/tr>\n<tr>\n<td>Maksimalni snaga kW \/ kVA<\/td>\n<td><strong>5.4 kW<\/strong><\/td>\n<\/tr>\n<tr>\n<td>Ja\u010dina elektri\u010dne struje<\/td>\n<td><strong>22 A<\/strong><\/td>\n<\/tr>\n<tr>\n<td>Nominalni napon<\/td>\n<td><strong>230 V<\/strong><\/td>\n<\/tr>\n<tr>\n<td>Uti\u010dnice<\/td>\n<td><strong>3 \u00d7 230 V<\/strong><\/td>\n<\/tr>\n<tr>\n<td>Vreme rada<\/td>\n<td><strong>\u2248 11 h 30 min.<\/strong><\/td>\n<\/tr>\n<tr>\n<td>Gorivo<\/td>\n<td><strong>Bezolovni benzin<\/strong><\/td>\n<\/tr>\n<tr>\n<td>Masa<\/td>\n<td><strong>79 kg<\/strong><\/td>\n<\/tr>\n<tr>\n<td>Zapremina rezervoara za gorivo<\/td>\n<td><strong>25 l<\/strong><\/td>\n<\/tr>\n<\/tbody>\n<\/table>","protected":false},"featured_media":5672,"template":"","meta":[],"product_brand":[],"product_cat":[328,216],"product_tag":[],"class_list":{"0":"post-5642","1":"product","2":"type-product","3":"status-publish","4":"has-post-thumbnail","6":"product_cat-agregati","7":"product_cat-garden-program","9":"first","10":"instock","11":"shipping-taxable","12":"product-type-simple"},"_links":{"self":[{"href":"https:\/\/agrarpetrovic.rs\/en\/wp-json\/wp\/v2\/product\/5642","targetHints":{"allow":["GET"]}}],"collection":[{"href":"https:\/\/agrarpetrovic.rs\/en\/wp-json\/wp\/v2\/product"}],"about":[{"href":"https:\/\/agrarpetrovic.rs\/en\/wp-json\/wp\/v2\/types\/product"}],"wp:featuredmedia":[{"embeddable":true,"href":"https:\/\/agrarpetrovic.rs\/en\/wp-json\/wp\/v2\/media\/5672"}],"wp:attachment":[{"href":"https:\/\/agrarpetrovic.rs\/en\/wp-json\/wp\/v2\/media?parent=5642"}],"wp:term":[{"taxonomy":"product_brand","embeddable":true,"href":"https:\/\/agrarpetrovic.rs\/en\/wp-json\/wp\/v2\/product_brand?post=5642"},{"taxonomy":"product_cat","embeddable":true,"href":"https:\/\/agrarpetrovic.rs\/en\/wp-json\/wp\/v2\/product_cat?post=5642"},{"taxonomy":"product_tag","embeddable":true,"href":"https:\/\/agrarpetrovic.rs\/en\/wp-json\/wp\/v2\/product_tag?post=5642"}],"curies":[{"name":"wp","href":"https:\/\/api.w.org\/{rel}","templated":true}]}}