{"id":5644,"date":"2023-07-13T16:28:29","date_gmt":"2023-07-13T14:28:29","guid":{"rendered":"https:\/\/agrarpetrovic.rs\/?post_type=product&#038;p=5644"},"modified":"2023-07-13T16:28:37","modified_gmt":"2023-07-13T14:28:37","slug":"usisivac-villager-vvc-18-s","status":"publish","type":"product","link":"https:\/\/agrarpetrovic.rs\/en\/proizvod\/usisivac-villager-vvc-18-s\/","title":{"rendered":"USISIVA\u010c VILLAGER VVC 18 S"},"content":{"rendered":"<h2>OPIS<\/h2>\n<p>\u010cistite &#8211; gotovo svuda sa VIllager usisiva\u010dima. Ra\u010dunajte na Villager izdr\u017eljivost i \u00a0vi\u0161enamensku primenu u gotovo bilo kom okru\u017eenju sa mogu\u0107nostima usisavanja u te\u0161kim uslovima rada, sa malom masom uredjaja, jednim motorom, vla\u017enim-suvim usisavanjem i primenom na velikom prostoru.<br \/>\nPrate\u0107a oprema:<\/p>\n<ul>\n<li>Uska sisaljka;<\/li>\n<li>\u0160iroka sisaljka;<\/li>\n<li>Sisaljka za auto;<\/li>\n<li>\u010cetka za podove;<\/li>\n<li>Okrugla \u010detka;<\/li>\n<li>Teleskopska cev<\/li>\n<\/ul>","protected":false},"excerpt":{"rendered":"<table class=\"table\">\n<thead>\n<tr>\n<th colspan=\"2\">Karakteristike<\/th>\n<\/tr>\n<\/thead>\n<tbody>\n<tr>\n<td>Kategorija<\/td>\n<td><strong>Usisiva\u010di<\/strong><\/td>\n<\/tr>\n<tr>\n<td>Napon<\/td>\n<td><strong>230 V ~ 50 Hz<\/strong><\/td>\n<\/tr>\n<tr>\n<td>Priklju\u010dna snaga<\/td>\n<td><strong>1500 W<\/strong><\/td>\n<\/tr>\n<tr>\n<td>Maksimalni vakum<\/td>\n<td><strong>19 kPa<\/strong><\/td>\n<\/tr>\n<tr>\n<td>Maksimalni protok vazduha<\/td>\n<td><strong>65 l\/s<\/strong><\/td>\n<\/tr>\n<tr>\n<td>Zapremina posude<\/td>\n<td><strong>18 l<\/strong><\/td>\n<\/tr>\n<tr>\n<td>Du\u017eina creva<\/td>\n<td><strong>4 m<\/strong><\/td>\n<\/tr>\n<tr>\n<td>Pre\u010dnik creva<\/td>\n<td><strong>42 mm<\/strong><\/td>\n<\/tr>\n<tr>\n<td>Suvi filter<\/td>\n<td><strong>Filter pra\u0161ine, Vre\u0107a za pra\u0161inu<\/strong><\/td>\n<\/tr>\n<tr>\n<td>Vla\u017eni filter<\/td>\n<td><strong>Sun\u0111erasto-penasti filter<\/strong><\/td>\n<\/tr>\n<tr>\n<td>Masa<\/td>\n<td><strong>10.38 kg<\/strong><\/td>\n<\/tr>\n<\/tbody>\n<\/table>","protected":false},"featured_media":5674,"template":"","meta":[],"product_brand":[],"product_cat":[216,329],"product_tag":[],"class_list":{"0":"post-5644","1":"product","2":"type-product","3":"status-publish","4":"has-post-thumbnail","6":"product_cat-garden-program","7":"product_cat-usisivaci","9":"first","10":"instock","11":"shipping-taxable","12":"product-type-simple"},"_links":{"self":[{"href":"https:\/\/agrarpetrovic.rs\/en\/wp-json\/wp\/v2\/product\/5644","targetHints":{"allow":["GET"]}}],"collection":[{"href":"https:\/\/agrarpetrovic.rs\/en\/wp-json\/wp\/v2\/product"}],"about":[{"href":"https:\/\/agrarpetrovic.rs\/en\/wp-json\/wp\/v2\/types\/product"}],"wp:featuredmedia":[{"embeddable":true,"href":"https:\/\/agrarpetrovic.rs\/en\/wp-json\/wp\/v2\/media\/5674"}],"wp:attachment":[{"href":"https:\/\/agrarpetrovic.rs\/en\/wp-json\/wp\/v2\/media?parent=5644"}],"wp:term":[{"taxonomy":"product_brand","embeddable":true,"href":"https:\/\/agrarpetrovic.rs\/en\/wp-json\/wp\/v2\/product_brand?post=5644"},{"taxonomy":"product_cat","embeddable":true,"href":"https:\/\/agrarpetrovic.rs\/en\/wp-json\/wp\/v2\/product_cat?post=5644"},{"taxonomy":"product_tag","embeddable":true,"href":"https:\/\/agrarpetrovic.rs\/en\/wp-json\/wp\/v2\/product_tag?post=5644"}],"curies":[{"name":"wp","href":"https:\/\/api.w.org\/{rel}","templated":true}]}}