{"id":5645,"date":"2023-07-13T16:28:29","date_gmt":"2023-07-13T14:28:29","guid":{"rendered":"https:\/\/agrarpetrovic.rs\/?post_type=product&#038;p=5645"},"modified":"2023-07-13T16:28:38","modified_gmt":"2023-07-13T14:28:38","slug":"usisivac-villager-vvc-1500-30","status":"publish","type":"product","link":"https:\/\/agrarpetrovic.rs\/en\/proizvod\/usisivac-villager-vvc-1500-30\/","title":{"rendered":"USISIVA\u010c VILLAGER VVC 1500-30"},"content":{"rendered":"<h2>OPIS<\/h2>\n<p>Prate\u0107a oprema:<\/p>\n<ul>\n<li>Teleskopska cev od nerdjaju\u0107eg \u010delika,<\/li>\n<li>\u010detka za usisavanje poda,<\/li>\n<li>sisaljka za pukotine i \u0161upljine,<\/li>\n<li>okrugla \u010detka za \u010di\u0161\u0107enje pra\u0161ine,<\/li>\n<li>ru\u010dka sa regulacijom protoka vazduha,<\/li>\n<li>adapter za elektri\u010dni alat<\/li>\n<\/ul>","protected":false},"excerpt":{"rendered":"<table class=\"table\">\n<thead>\n<tr>\n<th colspan=\"2\">Karakteristike<\/th>\n<\/tr>\n<\/thead>\n<tbody>\n<tr>\n<td>Kategorija<\/td>\n<td><strong>Usisiva\u010di<\/strong><\/td>\n<\/tr>\n<tr>\n<td>Napon<\/td>\n<td><strong>230 V ~ 50 Hz<\/strong><\/td>\n<\/tr>\n<tr>\n<td>Priklju\u010dna snaga<\/td>\n<td><strong>1500 W<\/strong><\/td>\n<\/tr>\n<tr>\n<td>Maksimalni vakum<\/td>\n<td><strong>18 kPa<\/strong><\/td>\n<\/tr>\n<tr>\n<td>Maksimalni protok vazduha<\/td>\n<td><strong>58 l\/s<\/strong><\/td>\n<\/tr>\n<tr>\n<td>Zapremina posude<\/td>\n<td><strong>30 l<\/strong><\/td>\n<\/tr>\n<tr>\n<td>Du\u017eina creva<\/td>\n<td><strong>2.5 m<\/strong><\/td>\n<\/tr>\n<tr>\n<td>Pre\u010dnik creva<\/td>\n<td><strong>35 mm<\/strong><\/td>\n<\/tr>\n<tr>\n<td>Suvi filter<\/td>\n<td><strong>filter za pra\u0161inu, kesa za pra\u0161inu<\/strong><\/td>\n<\/tr>\n<tr>\n<td>Vla\u017eni filter<\/td>\n<td><strong>sundjerasto-penasti filter<\/strong><\/td>\n<\/tr>\n<tr>\n<td>Masa<\/td>\n<td><strong>9 kg<\/strong><\/td>\n<\/tr>\n<\/tbody>\n<\/table>","protected":false},"featured_media":5675,"template":"","meta":[],"product_brand":[],"product_cat":[216,329],"product_tag":[],"class_list":{"0":"post-5645","1":"product","2":"type-product","3":"status-publish","4":"has-post-thumbnail","6":"product_cat-garden-program","7":"product_cat-usisivaci","9":"first","10":"instock","11":"shipping-taxable","12":"product-type-simple"},"_links":{"self":[{"href":"https:\/\/agrarpetrovic.rs\/en\/wp-json\/wp\/v2\/product\/5645","targetHints":{"allow":["GET"]}}],"collection":[{"href":"https:\/\/agrarpetrovic.rs\/en\/wp-json\/wp\/v2\/product"}],"about":[{"href":"https:\/\/agrarpetrovic.rs\/en\/wp-json\/wp\/v2\/types\/product"}],"wp:featuredmedia":[{"embeddable":true,"href":"https:\/\/agrarpetrovic.rs\/en\/wp-json\/wp\/v2\/media\/5675"}],"wp:attachment":[{"href":"https:\/\/agrarpetrovic.rs\/en\/wp-json\/wp\/v2\/media?parent=5645"}],"wp:term":[{"taxonomy":"product_brand","embeddable":true,"href":"https:\/\/agrarpetrovic.rs\/en\/wp-json\/wp\/v2\/product_brand?post=5645"},{"taxonomy":"product_cat","embeddable":true,"href":"https:\/\/agrarpetrovic.rs\/en\/wp-json\/wp\/v2\/product_cat?post=5645"},{"taxonomy":"product_tag","embeddable":true,"href":"https:\/\/agrarpetrovic.rs\/en\/wp-json\/wp\/v2\/product_tag?post=5645"}],"curies":[{"name":"wp","href":"https:\/\/api.w.org\/{rel}","templated":true}]}}