{"id":5681,"date":"2023-07-13T16:28:52","date_gmt":"2023-07-13T14:28:52","guid":{"rendered":"https:\/\/agrarpetrovic.rs\/?post_type=product&#038;p=5681"},"modified":"2023-07-13T16:29:06","modified_gmt":"2023-07-13T14:29:06","slug":"devrinol-45-f-herbicid","status":"publish","type":"product","link":"https:\/\/agrarpetrovic.rs\/en\/proizvod\/devrinol-45-f-herbicid\/","title":{"rendered":"Devrinol 45 F &#8211; Herbicid"},"content":{"rendered":"<p>Selektivni sistemi\u010dni herbicid za suzbijanje jednogodi\u0161njih travnih i \u0161irokolisnih korova u zasadu vo\u0107a, vinove loze, jagode i povr\u0107a (pre rasa\u0111ivanja)<\/p>\n<p>Osobine i na\u010din primene:<br \/>\nPreparat se primenjuje za suzbijanje jednogodi\u0161njih travnih i \u0161irokolisnih korova pre njihovog nicanja, tretiranjem (prskanjem) zemlji\u0161ta pre setve (sadnje, rasa\u0111ivanja) useva. Posle prskanja, neophodno je uraditi plitku inkorporaciju (uno\u0161enje) u zemlji\u0161te, na dubini 2\u00ad5 cm. Nakon primene, po\u017eeljna je ki\u0161a ili navodnjavanje.<br \/>\nPrimena:<br \/>\nDEVRINOL 45-F se primenjuje u:<\/p>\n<ol>\n<li>\u00a0zasadu jagode, u koli\u010dini 3-6 l\/ha (30-60 ml\/100 m\u00b2), tretiranjem zemlji\u0161ta u vreme mirovanja vegetacije, a pre kretanja korova, uz obaveznu inkorporaciju na dubini od 2\u00ad5 cm<\/li>\n<li>paprici i paradajzu, u koli\u010dini od 2,5-4 l\/ha (25-40 ml\/100 m\u00b2), tretiranjem zemlji\u0161ta pre rasa\u0111ivanja, uz obaveznu inkorporaciju na dubini od 2\u00ad5 cm ( ne primenjuje se kod ranih sorti)<\/li>\n<li>kelju, kupusu i karfolu u koli\u010dini: 2-4 l\/ha (20-40 ml\/100 m\u00b2), tretiranjem zemlji\u0161ta pre rasa\u0111ivanja, uz obaveznu inkorporaciju na dubini od 2\u00ad5 cm<\/li>\n<li>duvanu, 3 l\/ha (30 ml\/100 m\u00b2), tretiranjem zemlji\u0161ta u lejama za proizvodnju rasada, pre setve, ili,\u00a0 2,5-4 l\/ha (25-40 ml\/100 m\u00b2), tretiranjem zemlji\u0161ta u polju pre rasa\u0111ivanja, uz inkorporaciju na<br \/>\n2\u00ad5 cm dubine<\/li>\n<li>zasadima vo\u0107a i vinove loze, 7-10 l\/ha (70-100 ml\/100 m\u00b2), tretiranjem zemlji\u0161ta u prole\u0107e, u zasadima starijim od godinu dana, pre nicanja korova ili posle obrade zemlji\u0161ta, uz plitku inkorporaciju od 2\u00ad5 cm dubine.<\/li>\n<\/ol>\n<p>Utro\u0161ak vode: 200-400 l\/ha (2-4 l\/100 m\u00b2).<\/p>\n<p><span class=\"fontstyle0\">Spektar delovanja:<br \/>\n<\/span><\/p>\n<ol>\n<li><span class=\"fontstyle2\">Vrste korova koje <\/span><span class=\"fontstyle0\">dobro suzbija <\/span><span class=\"fontstyle2\">u koli\u010dinama primene od <\/span><span class=\"fontstyle0\">2,5-6 l\/ha<\/span><span class=\"fontstyle2\">: svra\u010dica crvena <\/span><span class=\"fontstyle3\">(Digitaria sanguinalis)<\/span><span class=\"fontstyle2\">, proso korovsko <\/span><span class=\"fontstyle3\">(Echinochloa crusgalli)<\/span><span class=\"fontstyle2\">, muhari <\/span><span class=\"fontstyle3\">(Setaria spp)<\/span><span class=\"fontstyle2\">, divlji sirak iz semena <\/span><span class=\"fontstyle3\">(Sorghum halepense)<\/span><span class=\"fontstyle2\">, \u0161tir obi\u010dni <\/span><span class=\"fontstyle3\">(Amaranthus retro\ufb02exus)<\/span><span class=\"fontstyle2\">, dvozub obi\u010dni <\/span><span class=\"fontstyle3\">(Bidens tripartita)<\/span><span class=\"fontstyle2\">, pepeljuga obi\u010dna <\/span><span class=\"fontstyle3\">(Chenopodium album)<\/span><span class=\"fontstyle2\">, tu\u0161t obi\u010dni <\/span><span class=\"fontstyle3\">(Portulaca oleracea)<\/span><span class=\"fontstyle2\">, loboda obi\u010dna <\/span><span class=\"fontstyle3\">(Atriplex patula)<\/span><span class=\"fontstyle2\">, lubeni\u010darka njivska <\/span><span class=\"fontstyle3\">(Hibiscus trionum)<\/span><span class=\"fontstyle2\">, konica obi\u010dna <\/span><span class=\"fontstyle3\">(Galinsoga parvi\ufb02ora)<\/span><span class=\"fontstyle2\">.<br \/>\n<\/span><\/li>\n<li><span class=\"fontstyle2\">Vrste korova koje <\/span><span class=\"fontstyle0\">dobro suzbija <\/span><span class=\"fontstyle2\">u koli\u010dinama primene od <\/span><span class=\"fontstyle0\">7-10 l\/ha, <\/span><span class=\"fontstyle2\">a <\/span><span class=\"fontstyle0\">zadovoljavaju\u0107e <\/span><span class=\"fontstyle2\">u koli\u010dini <\/span><span class=\"fontstyle0\">2,5-6 l\/ha<\/span><span class=\"fontstyle2\">: livadarka jednogodi\u0161nja <\/span><span class=\"fontstyle3\">(Poa annua)<\/span><span class=\"fontstyle2\">, muhar zeleni <\/span><span class=\"fontstyle3\">(Setaria viridis)<\/span><span class=\"fontstyle2\">, divlja salata <\/span><span class=\"fontstyle3\">(Lactuca serriola)<\/span><span class=\"fontstyle2\">, mi\u0161jakinja obi\u010dna <\/span><span class=\"fontstyle3\">(Stellaria media)<\/span><span class=\"fontstyle2\">, gor\u010dika obi\u010d\u00adna <\/span><span class=\"fontstyle3\">(Sonchus oleraceus)<\/span><span class=\"fontstyle2\">, dvornik pti\u010dji <\/span><span class=\"fontstyle3\">(Polygonum aviculare)<\/span><span class=\"fontstyle2\">, dvornik obi\u010d\u00adni <\/span><span class=\"fontstyle3\">(Polygonum persicaria)<\/span><span class=\"fontstyle2\">.<br \/>\n<\/span><\/li>\n<\/ol>\n<p><span class=\"fontstyle2\">Vrste korova koje <\/span><span class=\"fontstyle0\">slabo suzbija: <\/span><span class=\"fontstyle2\">pirevina obi\u010dna <\/span><span class=\"fontstyle3\">(Agropyrum repens)<\/span><span class=\"fontstyle2\">, divlji sirak iz rizoma <\/span><span class=\"fontstyle3\">(Sorghum halepense)<\/span><span class=\"fontstyle2\">, vrste iz familije <\/span><span class=\"fontstyle3\">Brassicaceae<\/span><span class=\"fontstyle2\">, mrtva kopriva <\/span><span class=\"fontstyle3\">(Lamium purpureum)<\/span><span class=\"fontstyle2\">, pomo\u0107nica obi\u010dna <\/span><span class=\"fontstyle3\">(Solanum nigrum)<\/span><span class=\"fontstyle2\">, palamida njivska <\/span><span class=\"fontstyle3\">(Cirsium arvense)<\/span><span class=\"fontstyle2\">, poponac njivski <\/span><span class=\"fontstyle3\">(Convolvulus arvensis)<\/span><span class=\"fontstyle2\">.<br \/>\n<\/span><\/p>\n<p><span class=\"fontstyle0\">Me\u0161anje sa drugim preparatima: <\/span><span class=\"fontstyle2\">DEVRINOL 45-F se mo\u017ee me\u0161ati sa preparatima na bazi \ufb02urohloridona u zasadima vo\u0107a, dok se u usevima povr\u00ad\u0107a mo\u017ee me\u0161ati sa preparatima na bazi tri\ufb02uralina.<br \/>\n<\/span><\/p>\n<p><span class=\"fontstyle0\">Plodored:<br \/>\n<\/span><span class=\"fontstyle2\">16 meseci posle primene mo\u017ee se sejati ovas<br \/>\n12 meseci posle primene mogu se sejati: p\u0161enica, je\u010dam, ra\u017e, kukuruz, sirak, \u0161e\u0107erna repa, sto\u010dna repa i salata<br \/>\nNarednog prole\u0107a nakon primene mogu se sejati: kupusnja\u010de, paprika, paradajz, duvan, uljana repica, krompir, pasulj, suncokret<br \/>\n<\/span><span class=\"fontstyle0\">Karenca: <\/span><span class=\"fontstyle2\">70 dana za kelj, kupus, karfol<br \/>\nOVP za vinovu lozu, vo\u0107e, jagodu, duvan, papriku, paradajz<br \/>\n<\/span><span class=\"fontstyle0\">NAPOMENA: <\/span><span class=\"fontstyle2\">Ne sme se primenjivati na slabo humusnim zemlji\u0161tima (laka i peskovita zemlji\u0161ta sa &lt; 1% humusa), na tresetnim i polutresetnim zemlji\u00ad \u0161tima (&gt; 10 % humusa), na izrazito suvim i izrazito vla\u017enim zemlji\u0161tima.<br \/>\n<\/span><span class=\"fontstyle0\">Maksimalan broj tretiranja: <\/span><span class=\"fontstyle2\">Jednom na istoj parceli, tokom vegetacije<br \/>\n<\/span><span class=\"fontstyle0\">Pakovanje: 1l , 100 ml<\/span><\/p>","protected":false},"excerpt":{"rendered":"<p>Klasa: Herbicidi<\/p>\n<p>Aktivna materija: Napropamid 450 g\/l<\/p>\n<p>Formulacija: koncentrovana suspenzija (SC)<\/p>\n<p>Proizvo\u0111a\u010d: UPL<\/p>","protected":false},"featured_media":5711,"template":"","meta":[],"product_brand":[],"product_cat":[203,269,268,270,202],"product_tag":[],"class_list":{"0":"post-5681","1":"product","2":"type-product","3":"status-publish","4":"has-post-thumbnail","6":"product_cat-herbicidi","7":"product_cat-herbicidi-pre-sadnje","8":"product_cat-herbicidi-u-povrcu","9":"product_cat-herbicidi-u-vocu","10":"product_cat-zastita-bilja","12":"first","13":"instock","14":"shipping-taxable","15":"product-type-simple"},"_links":{"self":[{"href":"https:\/\/agrarpetrovic.rs\/en\/wp-json\/wp\/v2\/product\/5681","targetHints":{"allow":["GET"]}}],"collection":[{"href":"https:\/\/agrarpetrovic.rs\/en\/wp-json\/wp\/v2\/product"}],"about":[{"href":"https:\/\/agrarpetrovic.rs\/en\/wp-json\/wp\/v2\/types\/product"}],"wp:featuredmedia":[{"embeddable":true,"href":"https:\/\/agrarpetrovic.rs\/en\/wp-json\/wp\/v2\/media\/5711"}],"wp:attachment":[{"href":"https:\/\/agrarpetrovic.rs\/en\/wp-json\/wp\/v2\/media?parent=5681"}],"wp:term":[{"taxonomy":"product_brand","embeddable":true,"href":"https:\/\/agrarpetrovic.rs\/en\/wp-json\/wp\/v2\/product_brand?post=5681"},{"taxonomy":"product_cat","embeddable":true,"href":"https:\/\/agrarpetrovic.rs\/en\/wp-json\/wp\/v2\/product_cat?post=5681"},{"taxonomy":"product_tag","embeddable":true,"href":"https:\/\/agrarpetrovic.rs\/en\/wp-json\/wp\/v2\/product_tag?post=5681"}],"curies":[{"name":"wp","href":"https:\/\/api.w.org\/{rel}","templated":true}]}}