{"id":5686,"date":"2023-07-13T16:28:52","date_gmt":"2023-07-13T14:28:52","guid":{"rendered":"https:\/\/agrarpetrovic.rs\/?post_type=product&#038;p=5686"},"modified":"2023-07-13T16:29:07","modified_gmt":"2023-07-13T14:29:07","slug":"kompresor-villager-vat-50-l","status":"publish","type":"product","link":"https:\/\/agrarpetrovic.rs\/en\/proizvod\/kompresor-villager-vat-50-l\/","title":{"rendered":"KOMPRESOR VILLAGER VAT 50 L"},"content":{"rendered":"<h2>OPIS<\/h2>\n<p>Villager je prepoznatljiv po svom konkurentnim asortimanu klipnih kompresora, kako za polu-profesionalne, profesionalne, \u00a0tako i za industrijske potrebe. \u201cUklju\u010di \u00a0i \u00a0koristi\u201dre\u0161enje sa epitetom kvaliteta, uvek dostupno i spremno za kori\u0161\u0107enje.<br \/>\nKarakteristike:<\/p>\n<ul>\n<li>Uljano podmazivanje<\/li>\n<li>Sigurnosna sklopka<\/li>\n<\/ul>","protected":false},"excerpt":{"rendered":"<table class=\"table\">\n<thead>\n<tr>\n<th colspan=\"2\">Karakteristike<\/th>\n<\/tr>\n<\/thead>\n<tbody>\n<tr>\n<td>Kategorija<\/td>\n<td><strong>Kompresori<\/strong><\/td>\n<\/tr>\n<tr>\n<td>Napon<\/td>\n<td><strong>230 V ~ 50 Hz<\/strong><\/td>\n<\/tr>\n<tr>\n<td>Priklju\u010dna snaga<\/td>\n<td><strong>1.5 kW<\/strong><\/td>\n<\/tr>\n<tr>\n<td>Tip motora<\/td>\n<td><strong>Redni<\/strong><\/td>\n<\/tr>\n<tr>\n<td>Protok vazduha<\/td>\n<td><strong>206 l\/min<\/strong><\/td>\n<\/tr>\n<tr>\n<td>Radni pritisak<\/td>\n<td><strong>8 bar<\/strong><\/td>\n<\/tr>\n<tr>\n<td>Broj izlaza<\/td>\n<td><strong>2<\/strong><\/td>\n<\/tr>\n<tr>\n<td>Masa<\/td>\n<td><strong>32 kg<\/strong><\/td>\n<\/tr>\n<\/tbody>\n<\/table>","protected":false},"featured_media":5714,"template":"","meta":[],"product_brand":[],"product_cat":[216,332],"product_tag":[],"class_list":{"0":"post-5686","1":"product","2":"type-product","3":"status-publish","4":"has-post-thumbnail","6":"product_cat-garden-program","7":"product_cat-kompresori","9":"first","10":"instock","11":"shipping-taxable","12":"product-type-simple"},"_links":{"self":[{"href":"https:\/\/agrarpetrovic.rs\/en\/wp-json\/wp\/v2\/product\/5686","targetHints":{"allow":["GET"]}}],"collection":[{"href":"https:\/\/agrarpetrovic.rs\/en\/wp-json\/wp\/v2\/product"}],"about":[{"href":"https:\/\/agrarpetrovic.rs\/en\/wp-json\/wp\/v2\/types\/product"}],"wp:featuredmedia":[{"embeddable":true,"href":"https:\/\/agrarpetrovic.rs\/en\/wp-json\/wp\/v2\/media\/5714"}],"wp:attachment":[{"href":"https:\/\/agrarpetrovic.rs\/en\/wp-json\/wp\/v2\/media?parent=5686"}],"wp:term":[{"taxonomy":"product_brand","embeddable":true,"href":"https:\/\/agrarpetrovic.rs\/en\/wp-json\/wp\/v2\/product_brand?post=5686"},{"taxonomy":"product_cat","embeddable":true,"href":"https:\/\/agrarpetrovic.rs\/en\/wp-json\/wp\/v2\/product_cat?post=5686"},{"taxonomy":"product_tag","embeddable":true,"href":"https:\/\/agrarpetrovic.rs\/en\/wp-json\/wp\/v2\/product_tag?post=5686"}],"curies":[{"name":"wp","href":"https:\/\/api.w.org\/{rel}","templated":true}]}}