{"id":5725,"date":"2023-07-13T16:29:14","date_gmt":"2023-07-13T14:29:14","guid":{"rendered":"https:\/\/agrarpetrovic.rs\/?post_type=product&#038;p=5725"},"modified":"2023-07-13T16:29:18","modified_gmt":"2023-07-13T14:29:18","slug":"lontrel-300-herbicid","status":"publish","type":"product","link":"https:\/\/agrarpetrovic.rs\/en\/proizvod\/lontrel-300-herbicid\/","title":{"rendered":"LONTREL 300 &#8211; Herbicid"},"content":{"rendered":"<p><span class=\"fontstyle0\">Selektivni herbicid za suzbijanje \u0161irokolisnih korova u \u0161e\u0107ernoj repi, kukuruzu, p\u0161enici i je\u010dmu<\/span><span class=\"fontstyle2\"><br \/>\n<\/span><span class=\"fontstyle4\"><br \/>\nAktivna materija preparata Lontrel 300, klopiralid je sistemi\u010dno kontaktni herbicid. Klopiralid je sinteti\u010dki oblik prirodnih hormona rasta\u2013 auksina. <\/span><\/p>\n<p><span class=\"fontstyle4\"><br \/>\n<\/span><span class=\"fontstyle3\">Primena:<br \/>\n<\/span><span class=\"fontstyle3\">\u0160e\u0107erna repa <\/span><span class=\"fontstyle4\">u koli\u010dini 0,2\u2013 0,4 l\/ha jednokratno \u2013 tretiranjem posle<br \/>\nnicanja useva ili 0,13 &#8211; 0,2 l\/ha dvokratno u split aplikaciji \u2013 posle nicanja useva i korova<br \/>\n<\/span><span class=\"fontstyle3\">P\u0161enica i je\u010dam <\/span><span class=\"fontstyle4\">u koli\u010dini 0,3 \u2013 0,4 l\/ha tretiranjem posle nicanja useva<br \/>\n<\/span><span class=\"fontstyle3\">Kukuruz <\/span><span class=\"fontstyle4\">u koli\u010dini 0,2 \u2013 0,3 l\/ha tretiranjem kada je usev u fazi 2-4 lista<br \/>\n<\/span><span class=\"fontstyle3\">Vreme primene u odnosu na korove: <\/span><span class=\"fontstyle4\">kada su korovi u fazi 2-\u00ad6 listova, kada je palamida <\/span><span class=\"fontstyle0\">(Cirsium arvense) <\/span><span class=\"fontstyle4\">od faze rozete do visine 10 &#8211; \u00ad15 cm.<\/span><\/p>\n<p><span class=\"fontstyle4\"><br \/>\n<\/span><span class=\"fontstyle3\">Spektar delovanja: <\/span><span class=\"fontstyle4\">Jednogodi\u0161nji i vi\u0161egodi\u0161nji \u0161irokolisni korovi:<br \/>\n<\/span><span class=\"fontstyle0\">Ambrosia artemisifolia, Anthemis arvensis, A.cotula, Bifora radians, Bilderdykia convolvulus, Capsella bursa-pastoris, Centaurea cyanus, Chenopodium hybridum, Cirsium arvense, Datura stramonium, Daucus carota, Erigeron canadensis, Fumaria ofcinali, Helianthus annus, Lamium<br \/>\npurpureum, Matricaria chamomilla, Melilothus ofcinalis, Senesio vulgaris, Solanum nigrum, Sonchus oleraceus, Sonchus aper, Tusilago farfara, Vicia cracca, Xanthium strumarium<\/span><\/p>\n<p><span class=\"fontstyle0\">Lontrel 300 je herbicid koji, pored delovanja na ostale korovske vrste, ima odli\u010dno delovanje na <\/span><span class=\"fontstyle2\">palamidu, ambroziju, samonikli suncokret <\/span><span class=\"fontstyle0\">i <\/span><span class=\"fontstyle2\">\u010di\u010dak.<br \/>\n<\/span><span class=\"fontstyle0\">Upravo to ga \u010dini nezamenjivim u suzbijanju korova u usevu \u0161e\u0107erne repe. \u0160e\u0107erna repa je izuzetno tolerantna na ovaj herbicid, i dobro ga podnosi \u010dak i u pove\u0107anim koli\u010dinama od preporu\u010denih.<br \/>\n<\/span><span class=\"fontstyle2\">NAPOMENA: <\/span><span class=\"fontstyle0\">U jesen iste godine i u prole\u0107e naredne ne smeju se sejati<br \/>\nlucerka, salata, gra\u0161ak i mrkva.<\/span><\/p>","protected":false},"excerpt":{"rendered":"<p>Klasa: Herbicidi<\/p>\n<p><span class=\"fontstyle3\">Aktivna materija: <\/span><span class=\"fontstyle4\">Klopiralid (300 g\/l preparata)<\/span><\/p>\n<p><span class=\"fontstyle3\">Formulacija: <\/span><span class=\"fontstyle4\">koncentrovani rastvor (SL)<\/span><\/p>\n<p>Proizvo\u0111a\u010d: DOW<\/p>","protected":false},"featured_media":5755,"template":"","meta":[],"product_brand":[],"product_cat":[203,280,208,206,204,205,210,207,262],"product_tag":[],"class_list":{"0":"post-5725","1":"product","2":"type-product","3":"status-publish","4":"has-post-thumbnail","6":"product_cat-herbicidi","7":"product_cat-herbicidi-protiv-sirokolisnih-korova-u-secernoj-repi","8":"product_cat-herbicidi-protiv-sirokolisnih-korova","9":"product_cat-herbicidi-protiv-sirokolisnih-korova-u-psenici","10":"product_cat-herbicidi-u-kukuruzu","11":"product_cat-herbicidi-u-psenici","12":"product_cat-herbicidi-u-secernoj-repi","13":"product_cat-post-em-po-nicanju-useva","14":"product_cat-post-em-po-nicanju-useva-u-secernoj-repi","16":"first","17":"instock","18":"shipping-taxable","19":"product-type-simple"},"_links":{"self":[{"href":"https:\/\/agrarpetrovic.rs\/en\/wp-json\/wp\/v2\/product\/5725","targetHints":{"allow":["GET"]}}],"collection":[{"href":"https:\/\/agrarpetrovic.rs\/en\/wp-json\/wp\/v2\/product"}],"about":[{"href":"https:\/\/agrarpetrovic.rs\/en\/wp-json\/wp\/v2\/types\/product"}],"wp:featuredmedia":[{"embeddable":true,"href":"https:\/\/agrarpetrovic.rs\/en\/wp-json\/wp\/v2\/media\/5755"}],"wp:attachment":[{"href":"https:\/\/agrarpetrovic.rs\/en\/wp-json\/wp\/v2\/media?parent=5725"}],"wp:term":[{"taxonomy":"product_brand","embeddable":true,"href":"https:\/\/agrarpetrovic.rs\/en\/wp-json\/wp\/v2\/product_brand?post=5725"},{"taxonomy":"product_cat","embeddable":true,"href":"https:\/\/agrarpetrovic.rs\/en\/wp-json\/wp\/v2\/product_cat?post=5725"},{"taxonomy":"product_tag","embeddable":true,"href":"https:\/\/agrarpetrovic.rs\/en\/wp-json\/wp\/v2\/product_tag?post=5725"}],"curies":[{"name":"wp","href":"https:\/\/api.w.org\/{rel}","templated":true}]}}