{"id":5730,"date":"2023-07-13T16:29:14","date_gmt":"2023-07-13T14:29:14","guid":{"rendered":"https:\/\/agrarpetrovic.rs\/?post_type=product&#038;p=5730"},"modified":"2025-10-23T11:55:02","modified_gmt":"2025-10-23T09:55:02","slug":"tender-herbicid","status":"publish","type":"product","link":"https:\/\/agrarpetrovic.rs\/en\/proizvod\/tender-herbicid\/","title":{"rendered":"Tender &#8211; Herbicid"},"content":{"rendered":"<p>Primena<br \/>\nTENDER je selektivni zemlji\u0161ni translokacioni herbicid za suzbijanje jednogodi\u0161njih travnih i nekih \u0161irokolisnih korova, primenom posle setve, a pre nicanja useva i korovskih biljaka uusevu:<br \/>\n\u2022 kukuruza, soje i \u0161e\u0107erne repe u koli\u010dini od 1,4 l\/ha, odnosno 14 ml na 100 m2 na humoznim zemlji\u0161tima (3\u00ad5%humusa) i u koli\u010dini od 1,5 l\/ha, tj. 15 ml na 100 m2 na jako humoznim zemlji\u0161tima (sa vi\u0161e od 5%\u00a0 humusa);<br \/>\n\u2022 suncokreta, u koli\u010dini od 1 l\/ha, odnosno 10 ml na 100 m2 na humoznim zemlji\u0161tima (3- 5% humusa) i u koli\u010dini od1,2 l\/ha, tj. 12 ml na 100 m2 na jako humoznim zemlji\u0161tima(sa vi\u0161e od 5% humusa)<br \/>\nSpektar delovanja:<br \/>\nDivlji sirak iz semena (Sorghum halepense), divlji proso (Echinochloa crus-galli), muhari (Setaria spp.), svra\u010dica (Digitaria sanguinalis), klasa\u010da (Bromus mollis) i nekih \u0161irokolisnih kao \u0161to su<br \/>\n\u0161tir obi\u010dni (Amaranthus retro\ufb02exus), ambrozija (Ambrosia artemisiifolia), pepeljuga (Chenopodium album) i drugi<\/p>\n<p>Kao i svi zemlji\u0161ni herbicidi, i TENDER za dobro delovanje zahteva manju koli\u010dinu vlage u zemlji\u0161tu. Dugi period (2-4 nedelje) bez ki\u0161e ili zalivanjaposle tretiranja mo\u017ee izazvati smanjene efkasnosti herbicida TENDER.<\/p>\n<p>Treba imati u vidu da ovaj preparat ne deluje na korove koji su ve\u0107 niklii razvili vi\u0161e od dva prava lista. Ukoliko do\u0111e do pojave dugotrajne su\u0161e nakon aplikacije, a korovi po\u010dnu sa klijanjem i nicanjem, preporu\u010duje se plitka inkorporacija preparata na 1\u00ad2 cm dubine.<br \/>\nTENDER se na istoj povr\u0161ini mo\u017ee primeniti samo jednom u toku godine.<\/p>\n<p>Plodored:<br \/>\nU slu\u010daju prevremenog preoravanja, na tretiranoj povr\u0161ini najmanje \u0161est<br \/>\nmeseci od tretiranja ne smeju se sejati strna \u017eita i drugi travni usevi, izuzev kukuruza i \u0161irokolisnih kultura.<\/p>\n<p>Karenca:70 dana za sila\u017eni kukuruz, a za suncokret, soju i merkatilni kukuruz<\/p>\n<p>Pakovanje: 1 l, 250 m<\/p>","protected":false},"excerpt":{"rendered":"<p>Klasa: Herbicidi<\/p>\n<p>Aktivna materija: S-metolahlor (960 g\/l)<\/p>\n<p>Formulacija: koncentrovana emulzija (EC)<\/p>\n<p>Proizvo\u0111a\u010d: Sygenta<\/p>","protected":false},"featured_media":5760,"template":"","meta":[],"product_brand":[],"product_cat":[203,204,210,211,212,215,213,209,214],"product_tag":[700],"class_list":{"0":"post-5730","1":"product","2":"type-product","3":"status-publish","4":"has-post-thumbnail","6":"product_cat-herbicidi","7":"product_cat-herbicidi-u-kukuruzu","8":"product_cat-herbicidi-u-secernoj-repi","9":"product_cat-herbicidi-u-soji","10":"product_cat-herbicidi-u-suncokretu","11":"product_cat-pre-em-posle-setve-a-pre-nicanja-useva-u-soji","12":"product_cat-pre-em-posle-setve-a-pre-nicanja-useva-u-secernoj-repi","13":"product_cat-pre-em-posle-setve-a-pre-nicanja-useva","14":"product_cat-pre-em-posle-setve-a-pre-nicanja-useva-u-suncokretu","15":"product_tag-s-metolahlor-960-g-l-preparata","17":"first","18":"outofstock","19":"shipping-taxable","20":"purchasable","21":"product-type-simple"},"_links":{"self":[{"href":"https:\/\/agrarpetrovic.rs\/en\/wp-json\/wp\/v2\/product\/5730","targetHints":{"allow":["GET"]}}],"collection":[{"href":"https:\/\/agrarpetrovic.rs\/en\/wp-json\/wp\/v2\/product"}],"about":[{"href":"https:\/\/agrarpetrovic.rs\/en\/wp-json\/wp\/v2\/types\/product"}],"wp:featuredmedia":[{"embeddable":true,"href":"https:\/\/agrarpetrovic.rs\/en\/wp-json\/wp\/v2\/media\/5760"}],"wp:attachment":[{"href":"https:\/\/agrarpetrovic.rs\/en\/wp-json\/wp\/v2\/media?parent=5730"}],"wp:term":[{"taxonomy":"product_brand","embeddable":true,"href":"https:\/\/agrarpetrovic.rs\/en\/wp-json\/wp\/v2\/product_brand?post=5730"},{"taxonomy":"product_cat","embeddable":true,"href":"https:\/\/agrarpetrovic.rs\/en\/wp-json\/wp\/v2\/product_cat?post=5730"},{"taxonomy":"product_tag","embeddable":true,"href":"https:\/\/agrarpetrovic.rs\/en\/wp-json\/wp\/v2\/product_tag?post=5730"}],"curies":[{"name":"wp","href":"https:\/\/api.w.org\/{rel}","templated":true}]}}