{"id":5735,"date":"2023-07-13T16:29:15","date_gmt":"2023-07-13T14:29:15","guid":{"rendered":"https:\/\/agrarpetrovic.rs\/?post_type=product&#038;p=5735"},"modified":"2023-07-13T16:29:20","modified_gmt":"2023-07-13T14:29:20","slug":"pergado-f-45-wg-fungicid","status":"publish","type":"product","link":"https:\/\/agrarpetrovic.rs\/en\/proizvod\/pergado-f-45-wg-fungicid\/","title":{"rendered":"PERGADO\u2122 F 45 WG &#8211; Fungicid"},"content":{"rendered":"<p>Preventivni fungicid za suzbijanje prouzrokova\u010da plamenja\u010de vinove loze<br \/>\nPrimena:<br \/>\nPergado\u2122 F se primenjuje preventivno za suzbijanje plamenja\u010de vinove loze u koli\u010dini 2,5 kg\/ha i uz maksimalan broj od 4 tretmana u razmacima 8-14 dana (zavisno od ja\u010dine napada, brzine porasta biljke i vremenskihuslova). Tretiranje se obavlja preventivno, po nastanku povoljnih uslova za pojavu bolesti (desetak litara ki\u0161e tokom 2\u00ad3 dana pri umerenim temperaturama vazduha) ili prema preporuci prognozno-izve\u0161tajne slu\u017ebe.<\/p>\n<p>Utro\u0161ak vode 800-1000 l\/ha.<\/p>\n<p>Maksimalan broj tretiranja u toku godine na istoj povr\u0161ini: 4.<\/p>\n<p>Karenca: 35 dana za vinovu lozu<\/p>\n<p>Pakovanje: 1 kg ; 5 k<\/p>\n<p>Na\u010din delovanja:<br \/>\nPergado\u2122 F je predvodnik nove generacije fungicida za suzbijanje plamenja\u010de vinove loze.<br \/>\nFleksibilnost pri primeni, visoka tolerancija za lozu i odli\u010dan toksikolo\u0161ki profl \u010dine Pergado\u2122 F neizostavnim preparatom u integralnoj za\u0161titi vinove loze.<br \/>\nAktivna materija mandipropamid dugotrajno i sigurno \u0161titi vinovu lozu.<br \/>\nDodatak folpeta u formulaciji garantuje i dobro sporedno delovanje na sivu trule\u017e.<br \/>\nLOK + FLO\u2122 tehnologija garantuje dobro vezivanje aktivne materije za vo\u0161tanu navlaku i njeno postepeno otpu\u0161tanje kao i izuzetnu otpornost na ispiranje ki\u0161om, te se posebno se preporu\u010duje upotreba Pergada\u2122 F u vreme posle cvetanja i za vreme razvoja bobica.<br \/>\nLOK + FLO\u2122 tehnologija je jedinstvena kombinacija tri zna\u010dajne prednosti:<br \/>\n1. Visoka efkasnost \u2013 za vrhunsko i pouzdano spre\u010davanje pojave bolesti. Aktivna materija mandipropamid veoma efkasno spre\u010dava klijanje spora, zaustavlja rast gljive i sporulaciju i dalje \u0161irenje<br \/>\nbolesti. Sna\u017eno delovanje Pergado\u2122 F vinogradarima garantuje zdravo gro\u017e\u0111e i rod vrhunskog kvaliteta.<br \/>\n2. LOK efkasnost \u2013 podrazumeva trenutno vezivanje aktivne materije za vo\u0161tanu prevlaku lista i bobica \u010dime se posti\u017ee otpornost na ispiranje ki\u0161om \u010dim se rastvor osu\u0161i na biljci. Mandipropamid se jako vezuje za vo\u0161tanu navlaku. Time se posti\u017ee vrlo pouzdana za\u0161tita i nezavisnost od vremenskih uslova.<br \/>\n3. FLO delovanje \u2013 re\u010d je o procesu postepenog otpu\u0161tanja aktivne materije iz vo\u0161tanog sloja, \u0161to omogu\u0107uje kretanje a.m. u biljci, dugotrajno preventivno i zna\u010dajno kurativno delovanje preparata. Kada se aktivna materija jednom deponuje u vo\u0161tanom sloju, neprekidno se otpu\u0161ta u tkivo bobica i li\u0161\u0107a a zatim se translaminarno prenosi i na drugu stranu lista, koju tako\u0111e \u0161titi.<\/p>","protected":false},"excerpt":{"rendered":"<p>Klasa: Fungicidi<\/p>\n<p>Aktivna materija: mandipropamid 50 g\/kg + folpet 400 g\/kg<\/p>\n<p>Formulacija: vodotopive granule (WG)<\/p>\n<p>Proizvo\u0111a\u010d:Sygenta<\/p>","protected":false},"featured_media":5765,"template":"","meta":[],"product_brand":[],"product_cat":[219,227,221,202],"product_tag":[],"class_list":{"0":"post-5735","1":"product","2":"type-product","3":"status-publish","4":"has-post-thumbnail","6":"product_cat-fungicidi","7":"product_cat-fungicidi-protiv-plamenjace-u-vinovoj-lozi","8":"product_cat-fungicidi-u-vinovoj-lozi","9":"product_cat-zastita-bilja","11":"first","12":"instock","13":"shipping-taxable","14":"product-type-simple"},"_links":{"self":[{"href":"https:\/\/agrarpetrovic.rs\/en\/wp-json\/wp\/v2\/product\/5735","targetHints":{"allow":["GET"]}}],"collection":[{"href":"https:\/\/agrarpetrovic.rs\/en\/wp-json\/wp\/v2\/product"}],"about":[{"href":"https:\/\/agrarpetrovic.rs\/en\/wp-json\/wp\/v2\/types\/product"}],"wp:featuredmedia":[{"embeddable":true,"href":"https:\/\/agrarpetrovic.rs\/en\/wp-json\/wp\/v2\/media\/5765"}],"wp:attachment":[{"href":"https:\/\/agrarpetrovic.rs\/en\/wp-json\/wp\/v2\/media?parent=5735"}],"wp:term":[{"taxonomy":"product_brand","embeddable":true,"href":"https:\/\/agrarpetrovic.rs\/en\/wp-json\/wp\/v2\/product_brand?post=5735"},{"taxonomy":"product_cat","embeddable":true,"href":"https:\/\/agrarpetrovic.rs\/en\/wp-json\/wp\/v2\/product_cat?post=5735"},{"taxonomy":"product_tag","embeddable":true,"href":"https:\/\/agrarpetrovic.rs\/en\/wp-json\/wp\/v2\/product_tag?post=5735"}],"curies":[{"name":"wp","href":"https:\/\/api.w.org\/{rel}","templated":true}]}}