{"id":5743,"date":"2023-07-13T16:29:15","date_gmt":"2023-07-13T14:29:15","guid":{"rendered":"https:\/\/agrarpetrovic.rs\/?post_type=product&#038;p=5743"},"modified":"2023-07-13T16:29:22","modified_gmt":"2023-07-13T14:29:22","slug":"icon-10-cs-insekticid","status":"publish","type":"product","link":"https:\/\/agrarpetrovic.rs\/en\/proizvod\/icon-10-cs-insekticid\/","title":{"rendered":"Icon 10 CS &#8211; Insekticid"},"content":{"rendered":"<p>Biocidni proizvod-insekticid za suzbijanje \u017eutih mrava i buba \u0161vaba u zatvorenom prostoru i krpelja na otvorenim povr\u0161inama<\/p>\n<p>Primena:<br \/>\nIcon 10 CS se razbla\u017euje vodom i to:<br \/>\n\u2022 za suzbijanje buba \u0161vaba primenjuje se u koncetraciji od 0,2-0,4%, osnosno 20 &#8211; 40 ml biocidnog proizvoda rastvoriti u 10 l vode, pri \u010demu se tretiraju povr\u0161ine u prostorijama, uz utro\u0161ak<br \/>\n25 &#8211; 50 ml rastvora proizvoda na povr\u0161ini od 1 m\u00b2.<br \/>\n\u2022 za suzbijanje \u017eutih mrava primenjuje se u koncentraciji 0,4%, odnosno 40 ml biocidnog proizvoda rastvoriti u 10 l vode, pri \u010demu se tretiraju povr\u0161ine u prostorijama, uz utor\u0161ak 25 ml rastvora<br \/>\nbicidnog proizvoda na povr\u0161ini od 1 m\u00b2.<br \/>\n\u2022 za suzbijanje krpelja primenjuje se u koncetraciji 0,06%, odnosno 6 ml biocidnog proizvoda rastvoriti u 10 l vode, pri \u010demu se tretiraju otvorene povr\u0161ine na kojima se pojavljuju krpelji, uz utro\u0161ak 30 ml rastvora biocidnog proizvoda na povr\u0161ini od 1 m\u00b2.<br \/>\n\u2022 Preporuke i napomene vezane za primenu:<br \/>\n\u2022 Prva primena se preporu\u010duje kada se primete \u017euti mravi, buba \u0161vabe i krpelji. Rastvor biocidnog proizvoda se primenjuje ru\u010dnom prskalicom. Tretiranje ponoviti nakon 6 sedmica, a po potrebi i ranije, nakon 2 &#8211; 4 sedmice.<\/p>\n<p>Vreme trajanja primene biocidnog proizvoda ne sme da bude du\u017ee od 120 minuta dnevno. Ne dozvoliti pristup ljudima i \u017eivotinjama na tretirane povr\u0161ine dok tretirana povr\u0161ina ne ostane suva.<br \/>\n\u2022 Razli\u010dite podloge u razli\u010ditoj meri apsorbuju rastvor biocidnog proizvoda, tako da od vrste podloge u velikoj meri zavisi ukupna povr\u0161ina koja se mo\u017ee pokriti pripremljenim rastvorom. Manje koli\u010dine rastvora se potro\u0161e na glatkim i tvrdim podlogama, kao \u0161to su kerami\u010dke plo\u010dice, lim i staklo, na\u0161to ve\u0107e na povr\u0161inama kao \u0161to su beton, linoleum i lakirani parket, a najve\u0107e na podlogama tipa nelakirano drvo, malter, cigla i razne vrste sinteti\u010dkih i prirodnih prostirki.<br \/>\nPakovanje: 20 ml, 250 ml<\/p>","protected":false},"excerpt":{"rendered":"<p>Klasa: Insekticidi<\/p>\n<p>Aktivna materija: lambda cihalotrin 100 g\/lit<\/p>\n<p>Formulacija: kapsulisana suspenzija (CS)<\/p>\n<p>Proizvo\u0111a\u010d: Sygenta<\/p>","protected":false},"featured_media":5773,"template":"","meta":[],"product_brand":[],"product_cat":[234,202],"product_tag":[],"class_list":{"0":"post-5743","1":"product","2":"type-product","3":"status-publish","4":"has-post-thumbnail","6":"product_cat-insekticidi","7":"product_cat-zastita-bilja","9":"first","10":"instock","11":"shipping-taxable","12":"product-type-simple"},"_links":{"self":[{"href":"https:\/\/agrarpetrovic.rs\/en\/wp-json\/wp\/v2\/product\/5743","targetHints":{"allow":["GET"]}}],"collection":[{"href":"https:\/\/agrarpetrovic.rs\/en\/wp-json\/wp\/v2\/product"}],"about":[{"href":"https:\/\/agrarpetrovic.rs\/en\/wp-json\/wp\/v2\/types\/product"}],"wp:featuredmedia":[{"embeddable":true,"href":"https:\/\/agrarpetrovic.rs\/en\/wp-json\/wp\/v2\/media\/5773"}],"wp:attachment":[{"href":"https:\/\/agrarpetrovic.rs\/en\/wp-json\/wp\/v2\/media?parent=5743"}],"wp:term":[{"taxonomy":"product_brand","embeddable":true,"href":"https:\/\/agrarpetrovic.rs\/en\/wp-json\/wp\/v2\/product_brand?post=5743"},{"taxonomy":"product_cat","embeddable":true,"href":"https:\/\/agrarpetrovic.rs\/en\/wp-json\/wp\/v2\/product_cat?post=5743"},{"taxonomy":"product_tag","embeddable":true,"href":"https:\/\/agrarpetrovic.rs\/en\/wp-json\/wp\/v2\/product_tag?post=5743"}],"curies":[{"name":"wp","href":"https:\/\/api.w.org\/{rel}","templated":true}]}}