{"id":5745,"date":"2023-07-13T16:29:16","date_gmt":"2023-07-13T14:29:16","guid":{"rendered":"https:\/\/agrarpetrovic.rs\/?post_type=product&#038;p=5745"},"modified":"2023-07-13T16:29:23","modified_gmt":"2023-07-13T14:29:23","slug":"armada-akaricid","status":"publish","type":"product","link":"https:\/\/agrarpetrovic.rs\/en\/proizvod\/armada-akaricid\/","title":{"rendered":"ARMADA &#8211; Akaricid"},"content":{"rendered":"<p>Ograni\u010deno sistemi\u010dni insekticid i akaricid sa kontaktnim i digestivnim delovanjem<\/p>\n<p>Primena:<br \/>\nPreparat ARMADA koristi se:<br \/>\n\u2022 za suzbijanje crvene vo\u0107ne grinje (Panonychus ulmi) u zasadu jabuke, u koncentracijama 0,05%-0,1% (5 \u00ad 10 ml u 10 litara vode),<br \/>\n\u2022 za suzbijanje obi\u010dnog pauka (Tetranychus urticae) u usevu krastavca, u koli\u010dini 0,5-1 l\/ha.<br \/>\n\u2022 za suzbijanje kru\u0161kine buve (Psylla pyri) u zasadu kru\u0161ke, u koncentracijama 0,05%-0,1% (5 \u00ad 10 ml u 10 litara vode)<br \/>\nPreporuke i napomene vezane za primenu:<br \/>\n\u2022 Tretiranje se vr\u0161i na po\u010detku ili tokom vegetacije, a pri pojaviprvih pokretnih formi grinja i insekata.<br \/>\n\u2022 Preparat ima znatno \u0161iri spektar delovanja: koristi se i za suzbijanje tripsa u povr\u0107u, grinja na mnogim drugim kulturama, krompirove zlatice itd.<br \/>\n\u2022 Maksimalno delovanje preparat posti\u017ee 3-4 dana nakon primene, me\u0111utim, \u0161tetni insekti odmah nakon usvajanja preparata nisu vi\u0161e u mogu\u0107nosti da ugroze usev jer prestaju sa ishranom i bivaju paralizovani.<br \/>\n\u2022 Radi boljeg delovanja preparatu se mo\u017ee dodati 0,25% mineralnog ulja. Ova kombinacija se ne sme primentiti 3 dana pre i 3 dana posle prskanja kru\u0161ke fungicidima na bazi sumpora ili kaptana.<br \/>\n\u2022 Ispoljava dobro delovanje i na ni\u017eim temperaturama.<br \/>\n\u2022 Ispoljava dugotrajno delovanje<\/p>","protected":false},"excerpt":{"rendered":"<p>Klasa: Akaricidi<\/p>\n<p>Aktivna materija: abamektin 18 g\/l<\/p>\n<p>Formulacija: koncentrat za emulziju (EC)<\/p>\n<p>Proizvo\u0111a\u010d: Willowood<\/p>","protected":false},"featured_media":5775,"template":"","meta":[],"product_brand":[],"product_cat":[281,197,202],"product_tag":[],"class_list":{"0":"post-5745","1":"product","2":"type-product","3":"status-publish","4":"has-post-thumbnail","6":"product_cat-akaricidi","7":"product_cat-razni-artikli","8":"product_cat-zastita-bilja","10":"first","11":"instock","12":"shipping-taxable","13":"product-type-simple"},"_links":{"self":[{"href":"https:\/\/agrarpetrovic.rs\/en\/wp-json\/wp\/v2\/product\/5745","targetHints":{"allow":["GET"]}}],"collection":[{"href":"https:\/\/agrarpetrovic.rs\/en\/wp-json\/wp\/v2\/product"}],"about":[{"href":"https:\/\/agrarpetrovic.rs\/en\/wp-json\/wp\/v2\/types\/product"}],"wp:featuredmedia":[{"embeddable":true,"href":"https:\/\/agrarpetrovic.rs\/en\/wp-json\/wp\/v2\/media\/5775"}],"wp:attachment":[{"href":"https:\/\/agrarpetrovic.rs\/en\/wp-json\/wp\/v2\/media?parent=5745"}],"wp:term":[{"taxonomy":"product_brand","embeddable":true,"href":"https:\/\/agrarpetrovic.rs\/en\/wp-json\/wp\/v2\/product_brand?post=5745"},{"taxonomy":"product_cat","embeddable":true,"href":"https:\/\/agrarpetrovic.rs\/en\/wp-json\/wp\/v2\/product_cat?post=5745"},{"taxonomy":"product_tag","embeddable":true,"href":"https:\/\/agrarpetrovic.rs\/en\/wp-json\/wp\/v2\/product_tag?post=5745"}],"curies":[{"name":"wp","href":"https:\/\/api.w.org\/{rel}","templated":true}]}}