{"id":5746,"date":"2023-07-13T16:29:16","date_gmt":"2023-07-13T14:29:16","guid":{"rendered":"https:\/\/agrarpetrovic.rs\/?post_type=product&#038;p=5746"},"modified":"2023-07-13T16:29:23","modified_gmt":"2023-07-13T14:29:23","slug":"vilotrin-10-wp-insekticid","status":"publish","type":"product","link":"https:\/\/agrarpetrovic.rs\/en\/proizvod\/vilotrin-10-wp-insekticid\/","title":{"rendered":"VILOTRIN 10 WP &#8211; Insekticid"},"content":{"rendered":"<p>Biocidni proizvod za suzbijanje \u0161tetnih insekata u komunalnoj i javnoj higijeni<\/p>\n<p>Primena:<br \/>\nPreparat VILOTRIN 10 WP koristi se:<br \/>\n\u2022 za suzbijanje crne (Blatta orientalis) i sme\u0111e (Blatella germanica) buba\u0161vabe, tretiranjem zidova i podova prostorija, u koli\u010dini 50 grama na 10 litara vode uz primenu 40-50 ml\/m\u00b2.<br \/>\n\u2022 za suzbijanje \u017eutih mrava (Monomorium pharaonis), tretiranjem zidova i podova prostorija, u koli\u010dini 50 grama na 10 litara vode uz primenu 40 ml\/m\u00b2.<br \/>\n\u2022 za suzbijanje ku\u0107ne (Musca domestica) i stajske (Stomoxys calcitrans) muve, tretiranjem zidova i podova stambenih objekata, \u0161tala i staja, u koli\u010dini 50 grama na 10 litara vode uz primenu 50 ml\/m\u00b2.<br \/>\n\u2022 za suzbijanje komaraca tretiranjem unutra\u0161njih i spoljnih zidova objekata, u koli\u010dini od 50 grama na 10 litara vode uz primenu 50 ml\/m\u00b2.<br \/>\nPreporuke i napomene vezane za primenu:<br \/>\n\u2022 \u0160tetni insekti suzbijaju se prilikom dodira sa preparatom koji ostaje na isprskanim povr\u0161inama. Depozit preparata je dugo postojan.<br \/>\n\u2022 Preparat ne ostavlja \ufb02eke na povr\u0161ini koja se prska. Nema inhalaciono delovanje (ne deluje parama).<br \/>\n\u2022 Preparat se koristi isklju\u010divo za tretiranje zidova i podova prostorija.<br \/>\n\u2022 Preparat ne sme dospeti na namirnice i sto\u010dnu hranu. Ne tretirati direktno prehrambene i poljoprivredne proizvode i sto\u010dnu hranu. Preparat se nikako ne sme nanositi direktno na doma\u0107e \u017eivotinje.<br \/>\n\u2022 Potpuno o\u010distiti tretirane povr\u0161ine pre primene preparata ina\u010de dolazi do smanjene efkasnosti.<br \/>\n\u2022 Koli\u010dina rastvora koja se utro\u0161i pri tretiranju zavisi od osobina samih povr\u0161ina odnosno podloga.<br \/>\n\u2022 Manje koli\u010dine se koriste na tvrdim i glatkim podlogama a ve\u0107e na povr\u0161inama kao malter, cigla, nelakirano drvo i druge neravne podloge. Tako\u0111e koli\u010dina rastvora zavisi i od intenziteta napada \u0161teto\u010dina. Za tretiranje jednog kvadratnog metra u zavisnosti od svih ovih uslova trebalo bi koristiti od 30-\u00ad50 ml rastvora.<br \/>\nPakovanje: 50 g<\/p>","protected":false},"excerpt":{"rendered":"<p>Klasa: Insekticidi<\/p>\n<p>Aktivna materija: lambda cihalotrin 10%<\/p>\n<p>Formulacija: kva\u0161ljivi pra\u0161ak (WP)<\/p>\n<p>Proizvo\u0111a\u010d: Willowood<\/p>","protected":false},"featured_media":5776,"template":"","meta":[],"product_brand":[],"product_cat":[234,202],"product_tag":[],"class_list":{"0":"post-5746","1":"product","2":"type-product","3":"status-publish","4":"has-post-thumbnail","6":"product_cat-insekticidi","7":"product_cat-zastita-bilja","9":"first","10":"instock","11":"shipping-taxable","12":"product-type-simple"},"_links":{"self":[{"href":"https:\/\/agrarpetrovic.rs\/en\/wp-json\/wp\/v2\/product\/5746","targetHints":{"allow":["GET"]}}],"collection":[{"href":"https:\/\/agrarpetrovic.rs\/en\/wp-json\/wp\/v2\/product"}],"about":[{"href":"https:\/\/agrarpetrovic.rs\/en\/wp-json\/wp\/v2\/types\/product"}],"wp:featuredmedia":[{"embeddable":true,"href":"https:\/\/agrarpetrovic.rs\/en\/wp-json\/wp\/v2\/media\/5776"}],"wp:attachment":[{"href":"https:\/\/agrarpetrovic.rs\/en\/wp-json\/wp\/v2\/media?parent=5746"}],"wp:term":[{"taxonomy":"product_brand","embeddable":true,"href":"https:\/\/agrarpetrovic.rs\/en\/wp-json\/wp\/v2\/product_brand?post=5746"},{"taxonomy":"product_cat","embeddable":true,"href":"https:\/\/agrarpetrovic.rs\/en\/wp-json\/wp\/v2\/product_cat?post=5746"},{"taxonomy":"product_tag","embeddable":true,"href":"https:\/\/agrarpetrovic.rs\/en\/wp-json\/wp\/v2\/product_tag?post=5746"}],"curies":[{"name":"wp","href":"https:\/\/api.w.org\/{rel}","templated":true}]}}