{"id":5749,"date":"2023-07-13T16:29:16","date_gmt":"2023-07-13T14:29:16","guid":{"rendered":"https:\/\/agrarpetrovic.rs\/?post_type=product&#038;p=5749"},"modified":"2025-10-23T11:55:02","modified_gmt":"2025-10-23T09:55:02","slug":"laser-240-sc-insekticid","status":"publish","type":"product","link":"https:\/\/agrarpetrovic.rs\/en\/proizvod\/laser-240-sc-insekticid\/","title":{"rendered":"LASER 240 SC &#8211; Insekticid"},"content":{"rendered":"<p>Kontaktni insekticid \u0161irokog spektra delovanja za suzbijanje\u00a0 \u0161teto\u010dina u vo\u0107arstvu, povrtarstvu i \u0161umarstvu<\/p>\n<p>Zbog izrazito malog ili zanemarljivog negativnog delovanja na korisne organizme, \u0161iroko se primenjuje u programima integralne za\u0161tite kao i u organskoj proizvodnji (u mnogim zemljama Laser 240 SC je na listi preparata koji se primenjuju u organskoj proizvodnji).<\/p>\n<p>Primena:<\/p>\n<ul>\n<li>Jabuka za suzbijanje smotavca (Cydia pomonella) u koli\u010dini od 400 ml\/ha, tretiranjem na po\u010detku masovnog piljenja larvi, uz utro\u0161ak vode 600-1000 lit \/ha.<\/li>\n<li>Krastavac (u za\u0161ti\u0107enom prostoru) za suzbijanje tripsa (Frankliniella occidentalis) u koli\u010dini 300-400 ml\/ha (3-4 ml\/100m2), odmah nakon pojave pokretnih formi<\/li>\n<li>Vinova loza za suzbijanje sivog grozdovog smotavca (Lobesia botrana) u koli\u010dini 0,008-0,01% (0.8-1 ml u 10 l vode), pre po\u010detka ubu\u0161ivanja gusenice u bobice<\/li>\n<li>Krompir za suzbijanje krompirove zlatice (Leptinotarsa decemlineata)u koli\u010dini 50-100 ml\/ha (0.5-1 ml\/100m2), u vreme kada preovla\u0111uju larve I\u00adIII stupnja<\/li>\n<\/ul>\n<p>Pored tripsa u svetu se ovaj insekticid koristi i za suzbijanje jabukinog smotavca, lisnih minera, lukovog moljca, tre\u0161njine muve, gusenica roda Agrotis (sovice), malinine mu\u0161ice, malinine mu\u0161ice galice, &#8230;<\/p>\n<p>Me\u0161anje sa drugim preparatima: Ne sme se me\u0161ati sa preparatima alkalne reakcije<\/p>\n<p>Karenca:<br \/>\nKrastavac 3 dana, jabuka 7 dana, gro\u017e\u0111e 14 dana, krompir 14 dana<br \/>\nPakovanje: 50 ml; 1l<\/p>","protected":false},"excerpt":{"rendered":"<p><strong>Klasa:<\/strong> Insekticidi<\/p>\n<p><strong>Aktivna materija:<\/strong> Spinosad 240 g\/l preparata<\/p>\n<p><strong>Formulacija:<\/strong> koncentrat za suspenziju (SC)<\/p>\n<p><strong>Proizvo\u0111a\u010d:<\/strong> Dow<\/p>","protected":false},"featured_media":5779,"template":"","meta":[],"product_brand":[],"product_cat":[234],"product_tag":[709],"class_list":{"0":"post-5749","1":"product","2":"type-product","3":"status-publish","4":"has-post-thumbnail","6":"product_cat-insekticidi","7":"product_tag-spinosad","9":"first","10":"outofstock","11":"shipping-taxable","12":"purchasable","13":"product-type-simple"},"_links":{"self":[{"href":"https:\/\/agrarpetrovic.rs\/en\/wp-json\/wp\/v2\/product\/5749","targetHints":{"allow":["GET"]}}],"collection":[{"href":"https:\/\/agrarpetrovic.rs\/en\/wp-json\/wp\/v2\/product"}],"about":[{"href":"https:\/\/agrarpetrovic.rs\/en\/wp-json\/wp\/v2\/types\/product"}],"wp:featuredmedia":[{"embeddable":true,"href":"https:\/\/agrarpetrovic.rs\/en\/wp-json\/wp\/v2\/media\/5779"}],"wp:attachment":[{"href":"https:\/\/agrarpetrovic.rs\/en\/wp-json\/wp\/v2\/media?parent=5749"}],"wp:term":[{"taxonomy":"product_brand","embeddable":true,"href":"https:\/\/agrarpetrovic.rs\/en\/wp-json\/wp\/v2\/product_brand?post=5749"},{"taxonomy":"product_cat","embeddable":true,"href":"https:\/\/agrarpetrovic.rs\/en\/wp-json\/wp\/v2\/product_cat?post=5749"},{"taxonomy":"product_tag","embeddable":true,"href":"https:\/\/agrarpetrovic.rs\/en\/wp-json\/wp\/v2\/product_tag?post=5749"}],"curies":[{"name":"wp","href":"https:\/\/api.w.org\/{rel}","templated":true}]}}