{"id":5751,"date":"2023-07-13T16:29:16","date_gmt":"2023-07-13T14:29:16","guid":{"rendered":"https:\/\/agrarpetrovic.rs\/?post_type=product&#038;p=5751"},"modified":"2023-07-13T16:29:24","modified_gmt":"2023-07-13T14:29:24","slug":"silwet-l-77-okvasivac","status":"publish","type":"product","link":"https:\/\/agrarpetrovic.rs\/en\/proizvod\/silwet-l-77-okvasivac\/","title":{"rendered":"SILWET\u00ae L-77 &#8211; Okva\u0161iva\u010d"},"content":{"rendered":"<p>Primena:<br \/>\nPreporu\u010dena koncentracija za Silwet\u00ae kre\u0107e se od 0,01%\u20130,15%, sa maksimalnom koli\u010dinom primene od 0,3 l\/ha. U ratarskimusevima naj\u010de\u0161\u0107a koli\u010dina primene je 0,1 l\/ha uz upotrebu100-200 l\/ha vode. Ve\u0107a koli\u010dina Silweta ne pobolj\u0161ava efekat, ve\u0107 postoji opasnost da se upotrebljeni pesticidni rastvor<br \/>\nslije niz biljku.<\/p>\n<p>\u017ditarice:<br \/>\n\u2022 bolesti prizemnog dela stabla i bolesti lista: 100 ml Silwet\u00ae uz 150-200 l\/ha vode<br \/>\n\u2022 bolesti klasa (fuzarioze): 100 ml Silwet\u00ae uz 150-200 l\/havode<br \/>\nKrompir\u2013plamenja\u010da:<br \/>\n\u2022 visina biljaka 15-20cm: 25 \u2013 50 ml Silwet\u00ae u 120 l\/ha vode<br \/>\n\u2022 visina biljaka 20-65cm: 25 \u2013 50 ml Silwet\u00ae u 200 l\/ha vode<br \/>\n\u2022 visina biljaka preko 65cm: 75\u2013100 ml Silwet\u00ae u 200 l\/ha vode<\/p>\n<p>Uljana repica, suncokret, \u0161e\u0107erna repa, soja: 100 ml Silwet\u00ae u 150-200 l\/ha vode<\/p>\n<p>Vo\u0107e i vinova loza: 50 \u2013 100 ml na 1000 l\/ha vode. Koristi se u koli\u010dini 200 \u2013 250 ml na 1000 l vode za suzbijanje psile (Psylla pyri) kada ima punomedne rose.<\/p>\n<p>Povr\u0107e: 15 ml Silwet\u00ae u 120 litara vode.<\/p>\n<p>Preparat Silwet\u00ae nalazi primenu i u plasteni\u010dkoj proizvodnji gde se koristi za spre\u010davanje formiranja kapljica tretmanom folija sa rastvorom 5 ml\/10 l vode.<br \/>\nZemlji\u0161ni herbicidi, insekticidi i fungicidi: 100 ml Silwet\u00ae po hektaru.<\/p>\n<p>Herbicidi na bazi glifosata (totalni herbicidi): 0,025 \u2013 0,05% Silwet\u00ae u200 l\/ha vode<\/p>\n<p>Navedene koli\u010dine vode su informativnog karaktera i treba ih prilagoditi uslovima na terenu (tip prskalice, rasprskiva\u010di, visina biljaka).<\/p>\n<p>Pakovanje: 100ml, 1l<\/p>","protected":false},"excerpt":{"rendered":"<p>Klasa: Okva\u0161iva\u010di<\/p>\n<p>Aktivna materija: Trisiloksan<\/p>\n<p>Proizvo\u0111a\u010d: Chemtura Europe Limited<\/p>","protected":false},"featured_media":5781,"template":"","meta":[],"product_brand":[],"product_cat":[272,202],"product_tag":[],"class_list":{"0":"post-5751","1":"product","2":"type-product","3":"status-publish","4":"has-post-thumbnail","6":"product_cat-pomocna-sredstva","7":"product_cat-zastita-bilja","9":"first","10":"instock","11":"shipping-taxable","12":"product-type-simple"},"_links":{"self":[{"href":"https:\/\/agrarpetrovic.rs\/en\/wp-json\/wp\/v2\/product\/5751","targetHints":{"allow":["GET"]}}],"collection":[{"href":"https:\/\/agrarpetrovic.rs\/en\/wp-json\/wp\/v2\/product"}],"about":[{"href":"https:\/\/agrarpetrovic.rs\/en\/wp-json\/wp\/v2\/types\/product"}],"wp:featuredmedia":[{"embeddable":true,"href":"https:\/\/agrarpetrovic.rs\/en\/wp-json\/wp\/v2\/media\/5781"}],"wp:attachment":[{"href":"https:\/\/agrarpetrovic.rs\/en\/wp-json\/wp\/v2\/media?parent=5751"}],"wp:term":[{"taxonomy":"product_brand","embeddable":true,"href":"https:\/\/agrarpetrovic.rs\/en\/wp-json\/wp\/v2\/product_brand?post=5751"},{"taxonomy":"product_cat","embeddable":true,"href":"https:\/\/agrarpetrovic.rs\/en\/wp-json\/wp\/v2\/product_cat?post=5751"},{"taxonomy":"product_tag","embeddable":true,"href":"https:\/\/agrarpetrovic.rs\/en\/wp-json\/wp\/v2\/product_tag?post=5751"}],"curies":[{"name":"wp","href":"https:\/\/api.w.org\/{rel}","templated":true}]}}