{"id":5790,"date":"2023-07-13T16:29:27","date_gmt":"2023-07-13T14:29:27","guid":{"rendered":"https:\/\/agrarpetrovic.rs\/?post_type=product&#038;p=5790"},"modified":"2023-07-13T16:29:31","modified_gmt":"2023-07-13T14:29:31","slug":"mystik-250-ec-fungicid","status":"publish","type":"product","link":"https:\/\/agrarpetrovic.rs\/en\/proizvod\/mystik-250-ec-fungicid\/","title":{"rendered":"Mystik 250 EC &#8211; Fungicid"},"content":{"rendered":"<p>PRIMENA: Mystik 250 EC\u00a0je sistemi\u010dni fungicid sa preventivnim, kurativnim i eradikativnim delovanjem koji se koristi u zasadima\/usevima:<\/p>\n<p>U zasadu jabuke za suzbijanje prouzrokova\u010da \u010da\u0111ave pegavosti li\u0161\u0107a i krastavosti plodova jabuke (Venturia inaequalis) tokom perioda primarnih zaraza, kada je jabuka u fazi razvoja (BBCH 26-78) u koli\u010dini 0,7 l\/ha (7 ml na 100 m2);<\/p>\n<p>U zasadu vinove loze u cilju suzbijanja prouzrokova\u010da pepelnice vinove loze (Uncinula necator), tokom perioda primarnih zaraza, u koli\u010dini 0,7 l\/ha (7 ml na 100 m2);<\/p>\n<p>U usevu p\u0161enice u cilju suzbijanja pepelnice (Erysiphe graminis), r\u0111e (Puccinia spp) i trule\u017ei klasa (Fusarium spp), u koli\u010dini primene od 0,5-1 l\/ha (5-10 ml na 100 m2), preventivno ili po pojavi prvih simptoma (za Fusarium spp faze 61- 65 BBCH skale).<br \/>\nMEHANIZAM DELOVANJA: Tebukonazol pripada hemijskoj grupi triazola i deluje inhibitorno na biosintezu ergosterola, koja je gradivna materija \u0107elijskog zida gljiva i na taj na\u010din spre\u010dava njihov razvoj.<\/p>\n<p>NAPOMENA: Preparat se koristi uz utro\u0161ak vode od 1000 l\/ha\u00a0(10 L na 100 m2) za jabuku i vinovu lozu i 200-400 l\/ha za p\u0161enicu (2-4 L na\u00a0100 m2).<\/p>\n<p>KARENCA:<\/p>\n<p>21 dan za jabuku i vinovu lozu;<\/p>\n<p>42 dana za p\u0161enicu.<\/p>\n<p>PAKOVANJE: 50 ml, 200 ml, 1 L<\/p>\n<p>&nbsp;<\/p>\n<p>Informacije sadr\u017eane na sajtu isklju\u010divo su informativnog karaktera. Pre sprovo\u0111enja mera za\u0161tite pa\u017eljivo pro\u010ditajte detaljno uputstvo koje se nalazi uz svaki proizvod!<\/p>","protected":false},"excerpt":{"rendered":"<p>KLASA: Fungicidi<\/p>\n<p>AKTIVNA MATERIJA: Tebukonazol 250 \u00b1 15 g\/l<\/p>\n<p>FORMULACIJA: Koncentrat za emulziju (EC)<\/p>\n<p>PROIZVO\u0110A\u010c: Nufarm<\/p>\n<p>&nbsp;<\/p>","protected":false},"featured_media":5820,"template":"","meta":[],"product_brand":[],"product_cat":[219,224,246,243,235,244,239,240,221,222,202],"product_tag":[],"class_list":{"0":"post-5790","1":"product","2":"type-product","3":"status-publish","4":"has-post-thumbnail","6":"product_cat-fungicidi","7":"product_cat-fungicidi-protiv-cadjave-pegavosti-lista-i-krastavosti-plodova","8":"product_cat-fungicidi-protiv-palezi-klasa-fusarium-sp","9":"product_cat-fungicidi-protiv-pepelnice-u-strnim-zitima","10":"product_cat-fungicidi-protiv-pepelnice-u-vinovoj-lozi","11":"product_cat-fungicidi-protiv-rdje-lista","12":"product_cat-fungicidi-u-ratarstvu","13":"product_cat-fungicidi-u-strnim-zitima","14":"product_cat-fungicidi-u-vinovoj-lozi","15":"product_cat-fungicidi-u-vocarstvu","16":"product_cat-zastita-bilja","18":"first","19":"instock","20":"shipping-taxable","21":"product-type-simple"},"_links":{"self":[{"href":"https:\/\/agrarpetrovic.rs\/en\/wp-json\/wp\/v2\/product\/5790","targetHints":{"allow":["GET"]}}],"collection":[{"href":"https:\/\/agrarpetrovic.rs\/en\/wp-json\/wp\/v2\/product"}],"about":[{"href":"https:\/\/agrarpetrovic.rs\/en\/wp-json\/wp\/v2\/types\/product"}],"wp:featuredmedia":[{"embeddable":true,"href":"https:\/\/agrarpetrovic.rs\/en\/wp-json\/wp\/v2\/media\/5820"}],"wp:attachment":[{"href":"https:\/\/agrarpetrovic.rs\/en\/wp-json\/wp\/v2\/media?parent=5790"}],"wp:term":[{"taxonomy":"product_brand","embeddable":true,"href":"https:\/\/agrarpetrovic.rs\/en\/wp-json\/wp\/v2\/product_brand?post=5790"},{"taxonomy":"product_cat","embeddable":true,"href":"https:\/\/agrarpetrovic.rs\/en\/wp-json\/wp\/v2\/product_cat?post=5790"},{"taxonomy":"product_tag","embeddable":true,"href":"https:\/\/agrarpetrovic.rs\/en\/wp-json\/wp\/v2\/product_tag?post=5790"}],"curies":[{"name":"wp","href":"https:\/\/api.w.org\/{rel}","templated":true}]}}