{"id":5791,"date":"2023-07-13T16:29:27","date_gmt":"2023-07-13T14:29:27","guid":{"rendered":"https:\/\/agrarpetrovic.rs\/?post_type=product&#038;p=5791"},"modified":"2025-10-23T11:55:02","modified_gmt":"2025-10-23T09:55:02","slug":"mystik-pro-500-ec-fungicid","status":"publish","type":"product","link":"https:\/\/agrarpetrovic.rs\/en\/proizvod\/mystik-pro-500-ec-fungicid\/","title":{"rendered":"Mystik Pro 500 EC &#8211; Fungicid"},"content":{"rendered":"<p>PRIMENA: Mystic Pro 500 EC\u00a0je sistemi\u010dni fungicid koji se koristi:<\/p>\n<p>U zasadu vi\u0161nje u cilju suzbijanja prouzrokova\u010da su\u0161enja cvetova i gran\u010dica i mrke trule\u017ei plodova vi\u0161nje (Monilia laxa) u koli\u010dini primene od 0,8 L\/ha;<\/p>\n<p>U usevu p\u0161enice u cilju suzbijanja prouzrokova\u010da pepelnice (Erysiphe graminis) u koli\u010dini primene od 0,5-0,75 L\/ha i prouzrokova\u010da fuzarioze klasa p\u0161enice (Fusarium sp), u koli\u010dini primene od 1,25 L\/ha.<\/p>\n<p>MEHANIZAM DELOVANJA: Ovaj preparat se sastoji iz dve aktivne materije koje pripadaju razli\u010ditim hemijskim grupama, ali imaju isti mehanizam delovanja. Tebukonazol pripada hemijskoj grupi triazola, dok prohloraz pripada imidazolima. Obe aktivne materije inhibiraju sintezu ergosterola u gljivama koji u\u010destvuje u izgradnji \u0107elijskog zida, bez kog gljive gube sposobnost za \u017eivot.<\/p>\n<p>NAPOMENE: Preparat se korist uz utro\u0161ak vode od 1000 l\/ha u zasadu vi\u0161nje i 200-400 l\/ha u usevu p\u0161enice. Pesticid se primenjuje le\u0111nom ili traktorskom prskalicom i atomizerima.<\/p>\n<p>Mystic Pro 500 EC\u00a0se mo\u017ee primeniti 2 puta na istoj povr\u0161ini u toku jedne godine. Tretiranje iz vazduhoplova nije dozvoljeno. Ne sme se me\u0161ati sa preparatima jako kisele i jako alkalne reakcije.<\/p>\n<p>Preparat nije fitotoksi\u010dan za tretirane biljke ako se primenjuje prema uputstvu proizvo\u0111a\u010da. Prilikom tretiranja treba po\u0161tovati vodoza\u0161titne zone i spre\u010diti kontaminaciju voda (vodotokova, jezera, izvori\u0161ta voda i bunara), tretiraju\u0107i najmanje 20 m udaljeno od njih.<\/p>\n<p>Veoma toksi\u010dan za vodene organizme. \u0160tetan za p\u010dele i \u010doveka.<\/p>\n<p>KARENCA: Obezbe\u0111ena vremenom primene (OVP) &#8211; vi\u0161nja i p\u0161enica.<\/p>\n<p>PAKOVANJE: 1 L<\/p>\n<p>Informacije sadr\u017eane na sajtu isklju\u010divo su informativnog karaktera. Pre sprovo\u0111enja mera za\u0161tite pa\u017eljivo pro\u010ditajte detaljno uputstvo koje se nalazi uz svaki proizvod!<\/p>","protected":false},"excerpt":{"rendered":"<p>KLASA: Fungicidi<\/p>\n<p>AKTIVNA MATERIJA: \u00a0Tebukonazol 200 g\/l + Prohloraz 300 g\/l<\/p>\n<p>FORMULACIJA: Koncentrat za emulziju (EC)<\/p>\n<p>PROIZVO\u0110A\u010c: Nufarm<\/p>","protected":false},"featured_media":5821,"template":"","meta":[],"product_brand":[],"product_cat":[219,231,246,243,230,239,240,222,202],"product_tag":[718],"class_list":{"0":"post-5791","1":"product","2":"type-product","3":"status-publish","4":"has-post-thumbnail","6":"product_cat-fungicidi","7":"product_cat-fungicidi-protiv-monilia-spp","8":"product_cat-fungicidi-protiv-palezi-klasa-fusarium-sp","9":"product_cat-fungicidi-protiv-pepelnice-u-strnim-zitima","10":"product_cat-fungicidi-u-kosticavom-vocu","11":"product_cat-fungicidi-u-ratarstvu","12":"product_cat-fungicidi-u-strnim-zitima","13":"product_cat-fungicidi-u-vocarstvu","14":"product_cat-zastita-bilja","15":"product_tag-tebukonazol-200-g-l-prohloraz-300-g-l","17":"first","18":"outofstock","19":"shipping-taxable","20":"product-type-simple"},"_links":{"self":[{"href":"https:\/\/agrarpetrovic.rs\/en\/wp-json\/wp\/v2\/product\/5791","targetHints":{"allow":["GET"]}}],"collection":[{"href":"https:\/\/agrarpetrovic.rs\/en\/wp-json\/wp\/v2\/product"}],"about":[{"href":"https:\/\/agrarpetrovic.rs\/en\/wp-json\/wp\/v2\/types\/product"}],"wp:featuredmedia":[{"embeddable":true,"href":"https:\/\/agrarpetrovic.rs\/en\/wp-json\/wp\/v2\/media\/5821"}],"wp:attachment":[{"href":"https:\/\/agrarpetrovic.rs\/en\/wp-json\/wp\/v2\/media?parent=5791"}],"wp:term":[{"taxonomy":"product_brand","embeddable":true,"href":"https:\/\/agrarpetrovic.rs\/en\/wp-json\/wp\/v2\/product_brand?post=5791"},{"taxonomy":"product_cat","embeddable":true,"href":"https:\/\/agrarpetrovic.rs\/en\/wp-json\/wp\/v2\/product_cat?post=5791"},{"taxonomy":"product_tag","embeddable":true,"href":"https:\/\/agrarpetrovic.rs\/en\/wp-json\/wp\/v2\/product_tag?post=5791"}],"curies":[{"name":"wp","href":"https:\/\/api.w.org\/{rel}","templated":true}]}}