{"id":5798,"date":"2023-07-13T16:29:27","date_gmt":"2023-07-13T14:29:27","guid":{"rendered":"https:\/\/agrarpetrovic.rs\/?post_type=product&#038;p=5798"},"modified":"2023-07-13T16:29:35","modified_gmt":"2023-07-13T14:29:35","slug":"cuproxat-fungicid","status":"publish","type":"product","link":"https:\/\/agrarpetrovic.rs\/en\/proizvod\/cuproxat-fungicid\/","title":{"rendered":"Cuproxat &#8211; Fungicid"},"content":{"rendered":"<p>PRIMENA: Cuproxat\u00a0je preventivni fungicid na bazi trobaznog bakar sulfata proizveden po najnovijoj tehnologiji, koji se koristi:<\/p>\n<ol>\n<li>U zasadu jabuke\u00a0u cilju suzbijanja prouzrokova\u010da\u00a0pegavosti li\u0161\u0107ai\u00a0\u010da\u0111ave krastavosti ploda\u00a0(Venturia inaequalis): 0,5-0,6% (50-60 ml u 10 l vode) u toku mirovanja vegetacije; 0,4-0,45% (40-45 ml u 10 l vode) do fenofaze \u201cmi\u0161je u\u0161i\u201d (BBCH 54);<\/li>\n<li>U zasadu kru\u0161ke u cilju suzbijanja prouzrokova\u010da pegavosti li\u0161\u0107a i \u010da\u0111ave krastavosti ploda (Venturia pyrina): 0,5-0,6% (50-60 ml u 10 L vode) u toku mirovanja vegetacije; 0,4-0,45% (40-45 ml u 10 L vode) do fenofaze \u201cmi\u0161je u\u0161i\u201d (BBCH 54);<\/li>\n<li>U zasadu breskve\u00a0u cilju suzbijanjaprouzrokova\u010da\u00a0kovrd\u017eavosti li\u0161\u0107a breskve\u00a0(Taphrina deformans)\u00a0i\u00a0\u0161upljikavosti li\u0161\u0107a ko\u0161ti\u010davog vo\u0107a\u00a0(Stigmina carpophila): 0,25-0,35% (25-35 u 10 L vode), u toku mirovanja vegetacije;<\/li>\n<li>U ostalom ko\u0161ti\u010davom vo\u0107u: (\u0161ljiva, tre\u0161nja, vi\u0161nja) u cilju suzbijanja prouzrokova\u010da\u00a0\u0161upljikavosti li\u0161\u0107a ko\u0161ti\u010davog vo\u0107a(Stigmina carpophila), 0,2% (20 ml u 10 L vode) u toku mirovanja vegetacije;<\/li>\n<li>U zasadu vinove loze u cilju suzbijanja prouzrokova\u010da plamenja\u010de vinove loze (Plasmopara viticola) i crvenila li\u0161\u0107a vinove loze (Pseudopeziza tracheiphila), 0,2-0,35% (20-35 ml u 10 L vode), tretiranjem pri pojavi prvih pega primarne zaraze, a pre sticanja uslova za sekundarne zaraze;<\/li>\n<li>U hmeljuu cilju suzbijanja prouzrokova\u010da\u00a0plamenja\u010de hmelja\u00a0(Pseudoperonospora humuli): 0,2% (20 ml u 10 L vode), tretiranjem pre ostvarivanja uslova za zarazu, a najkasnije u vreme pojave prvih simptoma i postojanju uslova za \u0161irenje oboljenja;<\/li>\n<li>U usevima krompira i paradajzau cilju suzbijanja prouzrokova\u010da\u00a0plamenja\u010de krompira i paradajza\u00a0(Phytophthora infestans) i prouzrokova\u010da\u00a0crne pegavosti\u00a0(Alternaria solani): 0,2% (20 ml u 10 L vode), tretiranjem pre ostvarivanja uslova za zarazu, a najkasnije po pojavi prvih simptoma i postojanju uslova za \u0161irenje oboljenja.<\/li>\n<\/ol>\n<p>MEHANIZAM DELOVANJA: Nesistemi\u010dni fungicid sa preventivnim delovanjem. Preparat se primenjuje pre klijanja spora prouzrokova\u010da biljnih bolesti, preventivno.<\/p>\n<p>NAPOMENE: Cuproxat\u00a0je formulisan po posebnoj tehnologiji proizvodnje ultra malih \u010destica (najmanje 70% \u010destica u formulaciji je manje od 1 mikrona). Op\u0161te je poznato da je kod bakarnih preparata od ve\u0107e va\u017enosti \u0161to uniformnija pokrivenost tretiranog li\u0161\u0107a nego sama koli\u010dina preparata. Ova formulacija\u00a0Cuproxat-a omogu\u0107ava 100 % pokrivenost tretiranog li\u0161\u0107a.<\/p>\n<p>KARENCA:<\/p>\n<p>7 dana za krompir i paradajz;<\/p>\n<p>14 dana za hmelj;<\/p>\n<p>21 dan za stone sorte vinove loze;<\/p>\n<p>28 dana za vinske sorte vinove loze;<\/p>\n<p>obezbe\u0111ena vremenom primene (OVP) u vo\u0107u.<\/p>","protected":false},"excerpt":{"rendered":"<p>KLASA: Fungicidi<\/p>\n<p>AKTIVNA MATERIJA: Bakar (Cu) 190 g\/l (trobazni bakar sulfat 345 g\/l)<\/p>\n<p>FORMULACIJA: Koncentrovana suspenzija (SC)<\/p>\n<p>PROIZVO\u0110A\u010c: Nufarm<\/p>","protected":false},"featured_media":5827,"template":"","meta":[],"product_brand":[],"product_cat":[219,224,290,233,225,226,227,238,223,230,220,221,222,202],"product_tag":[],"class_list":{"0":"post-5798","1":"product","2":"type-product","3":"status-publish","4":"has-post-thumbnail","6":"product_cat-fungicidi","7":"product_cat-fungicidi-protiv-cadjave-pegavosti-lista-i-krastavosti-plodova","8":"product_cat-fungicidi-protiv-crvenila-lisca","9":"product_cat-fungicidi-protiv-kovrdzavosti-lista","10":"product_cat-fungicidi-protiv-pegavosti-lista","11":"product_cat-fungicidi-protiv-plamenjace","12":"product_cat-fungicidi-protiv-plamenjace-u-vinovoj-lozi","13":"product_cat-fungicidi-protiv-supljikavosti-lista","14":"product_cat-fungicidi-u-jabucastom-vocu","15":"product_cat-fungicidi-u-kosticavom-vocu","16":"product_cat-fungicidi-u-povrtarstvu","17":"product_cat-fungicidi-u-vinovoj-lozi","18":"product_cat-fungicidi-u-vocarstvu","19":"product_cat-zastita-bilja","21":"first","22":"instock","23":"shipping-taxable","24":"product-type-simple"},"_links":{"self":[{"href":"https:\/\/agrarpetrovic.rs\/en\/wp-json\/wp\/v2\/product\/5798","targetHints":{"allow":["GET"]}}],"collection":[{"href":"https:\/\/agrarpetrovic.rs\/en\/wp-json\/wp\/v2\/product"}],"about":[{"href":"https:\/\/agrarpetrovic.rs\/en\/wp-json\/wp\/v2\/types\/product"}],"wp:featuredmedia":[{"embeddable":true,"href":"https:\/\/agrarpetrovic.rs\/en\/wp-json\/wp\/v2\/media\/5827"}],"wp:attachment":[{"href":"https:\/\/agrarpetrovic.rs\/en\/wp-json\/wp\/v2\/media?parent=5798"}],"wp:term":[{"taxonomy":"product_brand","embeddable":true,"href":"https:\/\/agrarpetrovic.rs\/en\/wp-json\/wp\/v2\/product_brand?post=5798"},{"taxonomy":"product_cat","embeddable":true,"href":"https:\/\/agrarpetrovic.rs\/en\/wp-json\/wp\/v2\/product_cat?post=5798"},{"taxonomy":"product_tag","embeddable":true,"href":"https:\/\/agrarpetrovic.rs\/en\/wp-json\/wp\/v2\/product_tag?post=5798"}],"curies":[{"name":"wp","href":"https:\/\/api.w.org\/{rel}","templated":true}]}}