{"id":5799,"date":"2023-07-13T16:29:27","date_gmt":"2023-07-13T14:29:27","guid":{"rendered":"https:\/\/agrarpetrovic.rs\/?post_type=product&#038;p=5799"},"modified":"2023-07-13T16:29:35","modified_gmt":"2023-07-13T14:29:35","slug":"megathrin-25-ec-insekticidi","status":"publish","type":"product","link":"https:\/\/agrarpetrovic.rs\/en\/proizvod\/megathrin-25-ec-insekticidi\/","title":{"rendered":"Megathrin 2,5 EC &#8211; Insekticidi"},"content":{"rendered":"<p>PRIMENA: Preparat Megathrin 2,5 EC\u00a0se primenjuje kao nesistemi\u010dni insekticid sa kontaktnim i utrobnim delovanjem u zasadima jabuke\u00a0u cilju suzbijanja\u00a0jabukinog smotavca\u00a0(Cydia pomonella), u koncentraciji\u00a00,02%\u00a0uz utro\u0161ak vode 1000 l\/ha, tretiranjem posle maksimalnog leta leptira ili po\u010detkom piljenja gusenica, a drugo po potrebi oko 14 dana posle prvog tretmana.<\/p>\n<p>MEHANIZAM DELOVANJA: Lambda-cihalotrin je aktivna materija koja pripada grupi piretroida i deluje kao modulator natrijumovih kanala.\u00a0 Aktivna materija lambda-cihalotrin spada u najefikasnije\u00a0insekticide iz grupe piretroida i ima\u00a0prvenstveno kontaktno delovanje. Ova aktivna\u00a0materija nema sistemi\u010dno delovanje i nije isparljiva\u00a0(ne deluje parama).<\/p>\n<p>NAPOMENE: Megathrin 2,5 EC\u00a0se ne sme me\u0161ati sa bordovskom \u010dorbom i alkalnim preparatima. Tretiranje iz vazduhoplova nije dozvoljeno.<\/p>\n<p>KARENCA: 14 dana za jabuku.<\/p>\n<p>PAKOVANJE: \u00a050 ml, 100 ml, 200 ml, 1 L<\/p>\n<p>&nbsp;<\/p>\n<p>Informacije sadr\u017eane na sajtu isklju\u010divo su informativnog karaktera. Pre sprovo\u0111enja mera za\u0161tite pa\u017eljivo pro\u010ditajte detaljno uputstvo koje se nalazi uz svaki proizvod!<\/p>","protected":false},"excerpt":{"rendered":"<p>KLASA: Insekticid<\/p>\n<p>AKTIVNA MATERIJA: Lambda-cihalotrin 25 g\/l<\/p>\n<p>FORMULACIJA: Te\u010dni koncentrat za emulziju (EC)<\/p>\n<p>PROIZVO\u0110A\u010c: Rallis India Limited<\/p>\n<p>&nbsp;<\/p>","protected":false},"featured_media":5828,"template":"","meta":[],"product_brand":[],"product_cat":[234,202],"product_tag":[],"class_list":{"0":"post-5799","1":"product","2":"type-product","3":"status-publish","4":"has-post-thumbnail","6":"product_cat-insekticidi","7":"product_cat-zastita-bilja","9":"first","10":"instock","11":"shipping-taxable","12":"product-type-simple"},"_links":{"self":[{"href":"https:\/\/agrarpetrovic.rs\/en\/wp-json\/wp\/v2\/product\/5799","targetHints":{"allow":["GET"]}}],"collection":[{"href":"https:\/\/agrarpetrovic.rs\/en\/wp-json\/wp\/v2\/product"}],"about":[{"href":"https:\/\/agrarpetrovic.rs\/en\/wp-json\/wp\/v2\/types\/product"}],"wp:featuredmedia":[{"embeddable":true,"href":"https:\/\/agrarpetrovic.rs\/en\/wp-json\/wp\/v2\/media\/5828"}],"wp:attachment":[{"href":"https:\/\/agrarpetrovic.rs\/en\/wp-json\/wp\/v2\/media?parent=5799"}],"wp:term":[{"taxonomy":"product_brand","embeddable":true,"href":"https:\/\/agrarpetrovic.rs\/en\/wp-json\/wp\/v2\/product_brand?post=5799"},{"taxonomy":"product_cat","embeddable":true,"href":"https:\/\/agrarpetrovic.rs\/en\/wp-json\/wp\/v2\/product_cat?post=5799"},{"taxonomy":"product_tag","embeddable":true,"href":"https:\/\/agrarpetrovic.rs\/en\/wp-json\/wp\/v2\/product_tag?post=5799"}],"curies":[{"name":"wp","href":"https:\/\/api.w.org\/{rel}","templated":true}]}}