{"id":5801,"date":"2023-07-13T16:29:28","date_gmt":"2023-07-13T14:29:28","guid":{"rendered":"https:\/\/agrarpetrovic.rs\/?post_type=product&#038;p=5801"},"modified":"2023-07-13T16:29:36","modified_gmt":"2023-07-13T14:29:36","slug":"mospilan-20-sg-insekticid","status":"publish","type":"product","link":"https:\/\/agrarpetrovic.rs\/en\/proizvod\/mospilan-20-sg-insekticid\/","title":{"rendered":"Mospilan 20 SG &#8211; Insekticid"},"content":{"rendered":"<p>&nbsp;<\/p>\n<p>PRIMENA: U\u00a0zasadu jabuke\u00a0za suzbijanje:<\/p>\n<ul>\n<li>jabukinog smotavca\u00a0(Cydia pomonella) u koncentraciji\u00a00,025%\u00a0(2,5 g u 10 L vode) na po\u010detku\u00a0piljenja prvih gusenica;<\/li>\n<li>\u017eza suzbijanje minera (Lyonetiidae) u koncentraciji 0,0125-0,025% (1,25-2,5 g u 10 L vode) u vreme leta leptira i formiranja prvih mina;\n<p>l<\/li>\n<li>isnih va\u0161i\u00a0(Aphis spp) u zasadu jabuke u koncentraciji\u00a00,02-0,025%\u00a0(2-2,5 g u 10 L vode) na\u00a0po\u010detku formiranja prvih kolonija;<\/li>\n<\/ul>\n<p>U\u00a0usevu krompira\u00a0za suzbijanje:<\/p>\n<ul>\n<li>krompirove zlatice\u00a0(Leptinotarsa decemlineata),\u00a0u koli\u010dini\u00a00,2-0,25 kg\/ha\u00a0(2,0-2,5 g na 100\u00a0m\u00b2), tretiranjem pri pojavi prvih larvi \u010detvrtog\u00a0stupnja;<\/li>\n<\/ul>\n<p>U\u00a0usevu paradajza\u00a0za suzbijanje:<\/p>\n<ul>\n<li>bele leptiraste va\u0161i\u00a0(Trialeurodes vaporariorum),\u00a0tretiranjem u vreme pojave larvi, u\u00a0koli\u010dini\u00a00,25 kg\/ha\u00a0(2,5 g na 100 m\u00b2).<\/li>\n<\/ul>\n<p>MEHANIZAM DELOVANJA: Mospilan 20 SG\u00a0je insekticid iz hemijske grupe\u00a0neonikotinoida. Aktivna materija ovog insekticida, acetamiprid, deluje kao antagonist acetiholinskih\u00a0receptora u centralnom nervnom sistemu (CNS) insekata, odnosno\u00a0spre\u010dava njihovu funkciju. Ovakvo delovanje\u00a0ima za posledicu nepreno\u0161enje nervnih impulsa, \u0161to dovodi do gubitka orijentacije kod insekata, njihovog prestanka sa ishranom i do\u00a0uginjavanja.<\/p>\n<p>NAPOMENE: Mospilan 20 SG\u00a0se na istoj povr\u0161ini mo\u017ee primeniti\u00a0jednom u sezoni. Na primenu ovog insekticida ne uti\u010de visoka\u00a0temperatura vazduha.<\/p>\n<p>Preparat se mo\u017ee me\u0161ati sa drugim insekticidima\u00a0i fungicidima osim onih alkalne reakcije\u00a0kao \u0161to je bordovska \u010dorba.<\/p>\n<p>Mospilan 20 SG\u00a0ima izuzetno inicijalno i rezidualno\u00a0delovanje. Otrovan za ptice i p\u010dele.<\/p>\n<p>KARENCA:<\/p>\n<p>14 dana za krompir i paradajz;<\/p>\n<p>28 dana za jabuku.<\/p>\n<p>PAKOVANJE: 2,5 g i 1kg<\/p>\n<p>&nbsp;<\/p>\n<p>Informacije sadr\u017eane na sajtu isklju\u010divo su informativnog karaktera. Pre sprovo\u0111enja mera za\u0161tite pa\u017eljivo pro\u010ditajte detaljno uputstvo koje se nalazi uz svaki proizvod!<\/p>","protected":false},"excerpt":{"rendered":"<p>KLASA: Insekticidi<\/p>\n<p>AKTIVNA MATERIJA: Acetamiprid 200 g\/kg<\/p>\n<p>FORMULACIJA: Vodorastvorljive granule (SG)<\/p>\n<p>PROIZVO\u0110A\u010c: Nippon Soda<\/p>","protected":false},"featured_media":5830,"template":"","meta":[],"product_brand":[],"product_cat":[234],"product_tag":[],"class_list":{"0":"post-5801","1":"product","2":"type-product","3":"status-publish","4":"has-post-thumbnail","6":"product_cat-insekticidi","8":"first","9":"instock","10":"shipping-taxable","11":"product-type-simple"},"_links":{"self":[{"href":"https:\/\/agrarpetrovic.rs\/en\/wp-json\/wp\/v2\/product\/5801","targetHints":{"allow":["GET"]}}],"collection":[{"href":"https:\/\/agrarpetrovic.rs\/en\/wp-json\/wp\/v2\/product"}],"about":[{"href":"https:\/\/agrarpetrovic.rs\/en\/wp-json\/wp\/v2\/types\/product"}],"wp:featuredmedia":[{"embeddable":true,"href":"https:\/\/agrarpetrovic.rs\/en\/wp-json\/wp\/v2\/media\/5830"}],"wp:attachment":[{"href":"https:\/\/agrarpetrovic.rs\/en\/wp-json\/wp\/v2\/media?parent=5801"}],"wp:term":[{"taxonomy":"product_brand","embeddable":true,"href":"https:\/\/agrarpetrovic.rs\/en\/wp-json\/wp\/v2\/product_brand?post=5801"},{"taxonomy":"product_cat","embeddable":true,"href":"https:\/\/agrarpetrovic.rs\/en\/wp-json\/wp\/v2\/product_cat?post=5801"},{"taxonomy":"product_tag","embeddable":true,"href":"https:\/\/agrarpetrovic.rs\/en\/wp-json\/wp\/v2\/product_tag?post=5801"}],"curies":[{"name":"wp","href":"https:\/\/api.w.org\/{rel}","templated":true}]}}