{"id":5804,"date":"2023-07-13T16:29:28","date_gmt":"2023-07-13T14:29:28","guid":{"rendered":"https:\/\/agrarpetrovic.rs\/?post_type=product&#038;p=5804"},"modified":"2023-07-13T16:29:36","modified_gmt":"2023-07-13T14:29:36","slug":"nissuron-10-ec-akaricid","status":"publish","type":"product","link":"https:\/\/agrarpetrovic.rs\/en\/proizvod\/nissuron-10-ec-akaricid\/","title":{"rendered":"Nissuron 10 EC &#8211; Akaricid"},"content":{"rendered":"<p>PRIMENA: Nissorun 10 EC\u00a0se koristi za suzbijanje\u00a0crvene vo\u0107ne grinje\u00a0(Panonychus ulmi) u zasadima\u00a0jabuke, breskve i vinove loze\u00a0u koncentraciji\u00a00,03-0,05%\u00a0(3-5 ml u 10 L vode), tretiranjem zimskih jaja do po\u010detka piljenja ili letnjih jaja do momenta kada se na jednom listu nalazi najvi\u0161e 2-3 pokretna stadijuma.<\/p>\n<p>MEHANIZAM DELOVANJA: Aktivna materija preparata Nissorun 10 EC\u00a0 pripada hemijskoj grupi karboksamida i deluje inhibitorno na razvoj grinja. Ovo je nesistemi\u010dni akaricid sa kontaktnim i digestivnim delovanjem. Nissorun 10 EC\u00a0uspe\u0161no\u00a0suzbija jaja, larve i nimfe \u0161tetnih grinja sa obe\u00a0strane lista zahvaljuju\u0107i svom izrazitom translaminarnom\u00a0kretanju. Ne ispoljava delovanje\u00a0na odrasle grinje.<\/p>\n<p>NAPOMENE: Nissorun 10 EC\u00a0je prakti\u010dno neotrovan za\u00a0ptice i p\u010dele. Ne primenjivati\u00a0sa akaricidima sli\u010dnog mehanizma\u00a0delovanja (flufenzin, klofentenzin), zbog\u00a0ukr\u0161tene rezistentnosti. Nissorun 10 EC\u00a0se ne me\u0161a sa preparatima\u00a0WP formulacija.<\/p>\n<p>Tretiranje iz vazduhoplova nije dozvoljeno.<\/p>\n<p>U toku jedne godine\u00a0Nissorun 10 EC\u00a0se mo\u017ee\u00a0primeniti samo jednom na istoj povr\u0161ini.<\/p>\n<p>KARENCA: 35 dana za jabuku, breskvu i vinovu lozu.<\/p>\n<p>PAKOVANJE: 50 ml, 1 L<\/p>\n<p>&nbsp;<\/p>\n<p>Informacije sadr\u017eane na sajtu isklju\u010divo su informativnog karaktera. Pre sprovo\u0111enja mera za\u0161tite pa\u017eljivo pro\u010ditajte detaljno uputstvo koje se nalazi uz svaki proizvod!<\/p>","protected":false},"excerpt":{"rendered":"<p>KLASA: Akaricidi<\/p>\n<p>AKTIVNA MATERIJA: Heksitiazoks 100 g\/l<\/p>\n<p>FORMULACIJA: Koncentrat za emulziju (EC)<\/p>\n<p>PROIZVO\u0110A\u010c: Nippon Soda<\/p>\n<p>&nbsp;<\/p>","protected":false},"featured_media":5833,"template":"","meta":[],"product_brand":[],"product_cat":[281],"product_tag":[],"class_list":{"0":"post-5804","1":"product","2":"type-product","3":"status-publish","4":"has-post-thumbnail","6":"product_cat-akaricidi","8":"first","9":"instock","10":"shipping-taxable","11":"product-type-simple"},"_links":{"self":[{"href":"https:\/\/agrarpetrovic.rs\/en\/wp-json\/wp\/v2\/product\/5804","targetHints":{"allow":["GET"]}}],"collection":[{"href":"https:\/\/agrarpetrovic.rs\/en\/wp-json\/wp\/v2\/product"}],"about":[{"href":"https:\/\/agrarpetrovic.rs\/en\/wp-json\/wp\/v2\/types\/product"}],"wp:featuredmedia":[{"embeddable":true,"href":"https:\/\/agrarpetrovic.rs\/en\/wp-json\/wp\/v2\/media\/5833"}],"wp:attachment":[{"href":"https:\/\/agrarpetrovic.rs\/en\/wp-json\/wp\/v2\/media?parent=5804"}],"wp:term":[{"taxonomy":"product_brand","embeddable":true,"href":"https:\/\/agrarpetrovic.rs\/en\/wp-json\/wp\/v2\/product_brand?post=5804"},{"taxonomy":"product_cat","embeddable":true,"href":"https:\/\/agrarpetrovic.rs\/en\/wp-json\/wp\/v2\/product_cat?post=5804"},{"taxonomy":"product_tag","embeddable":true,"href":"https:\/\/agrarpetrovic.rs\/en\/wp-json\/wp\/v2\/product_tag?post=5804"}],"curies":[{"name":"wp","href":"https:\/\/api.w.org\/{rel}","templated":true}]}}