{"id":5805,"date":"2023-07-13T16:29:28","date_gmt":"2023-07-13T14:29:28","guid":{"rendered":"https:\/\/agrarpetrovic.rs\/?post_type=product&#038;p=5805"},"modified":"2023-07-13T16:29:37","modified_gmt":"2023-07-13T14:29:37","slug":"moxa-regulator-rasta","status":"publish","type":"product","link":"https:\/\/agrarpetrovic.rs\/en\/proizvod\/moxa-regulator-rasta\/","title":{"rendered":"MOXA &#8211; Regulator rasta"},"content":{"rendered":"<p>Moxa je proizvod koji spada u grupu regulatora rasta. Aktivna materija trinexapac-etil inhibira delovanje hormona rasta giberelina i na taj na\u010din spre\u010dava suvi\u0161no izdu\u017eivanje stabla kod p\u0161enice i je\u010dma. Doprinosi prevenciji poleganja useva, zatim bolje i ja\u010de ukorenjivanje kao i intenzivnije kori\u0161\u0107enje vode i hraniva. Sat vremena posle primene preparata po\u010dinje njegova aktivacija.<\/p>\n<p>PRIMENA: Koristi se u p\u0161enici u koli\u010dini primene od 0,3-0,4 l\/ha i je\u010dmu u koli\u010dini primene od 0,4 l\/ha u fenofazi rasta p\u0161enice i je\u010dma 30-39 BBCH skale.<\/p>\n<p>BENEFITI PRIMENE: Kod tretiranih biljaka internodije (razmaci izme\u0111u kolenaca) su kra\u0107e u pore\u0111enju sa netretiranim biljkama, a samim tim su biljke otpornije na poleganje. Primena preparata Moxa u ranim fazama rasta i razvoja doprinosi i ja\u010dem ukorenjavanju biljaka i boljem kori\u0161\u0107enju vode i hraniva u zemlji\u0161tu, \u0161to ima za rezultat zna\u010dajno pove\u0107anje prinosa strnih \u017eita.<\/p>\n<p>NAPOMENA: Ne primenjivati ukoliko se o\u010dekuje period sa temperaturom ispod 0\u00b0C.<\/p>\n<p>KARENCA: Odre\u0111ena vremenom primene.<\/p>\n<p>PAKOVANJE: 1 L<\/p>","protected":false},"excerpt":{"rendered":"<p>KLASA: Regulator rasta<\/p>\n<p>AKTIVNA MATERIJA: Trinexapac-etil 250 g\/L<\/p>\n<p>FORMULACIJA: Koncentrat za emulziju (EC)<\/p>\n<p>PROIZVO\u0110A\u010c: Belchim<\/p>","protected":false},"featured_media":5834,"template":"","meta":[],"product_brand":[],"product_cat":[310],"product_tag":[],"class_list":{"0":"post-5805","1":"product","2":"type-product","3":"status-publish","4":"has-post-thumbnail","6":"product_cat-regulatori-rasta","8":"first","9":"instock","10":"shipping-taxable","11":"product-type-simple"},"_links":{"self":[{"href":"https:\/\/agrarpetrovic.rs\/en\/wp-json\/wp\/v2\/product\/5805","targetHints":{"allow":["GET"]}}],"collection":[{"href":"https:\/\/agrarpetrovic.rs\/en\/wp-json\/wp\/v2\/product"}],"about":[{"href":"https:\/\/agrarpetrovic.rs\/en\/wp-json\/wp\/v2\/types\/product"}],"wp:featuredmedia":[{"embeddable":true,"href":"https:\/\/agrarpetrovic.rs\/en\/wp-json\/wp\/v2\/media\/5834"}],"wp:attachment":[{"href":"https:\/\/agrarpetrovic.rs\/en\/wp-json\/wp\/v2\/media?parent=5805"}],"wp:term":[{"taxonomy":"product_brand","embeddable":true,"href":"https:\/\/agrarpetrovic.rs\/en\/wp-json\/wp\/v2\/product_brand?post=5805"},{"taxonomy":"product_cat","embeddable":true,"href":"https:\/\/agrarpetrovic.rs\/en\/wp-json\/wp\/v2\/product_cat?post=5805"},{"taxonomy":"product_tag","embeddable":true,"href":"https:\/\/agrarpetrovic.rs\/en\/wp-json\/wp\/v2\/product_tag?post=5805"}],"curies":[{"name":"wp","href":"https:\/\/api.w.org\/{rel}","templated":true}]}}