{"id":5810,"date":"2023-07-13T16:29:28","date_gmt":"2023-07-13T14:29:28","guid":{"rendered":"https:\/\/agrarpetrovic.rs\/?post_type=product&#038;p=5810"},"modified":"2023-07-13T16:29:38","modified_gmt":"2023-07-13T14:29:38","slug":"basamid-gtranulat-fumigant","status":"publish","type":"product","link":"https:\/\/agrarpetrovic.rs\/en\/proizvod\/basamid-gtranulat-fumigant\/","title":{"rendered":"Basamid gtranulat &#8211; Fumigant"},"content":{"rendered":"<p>Primena<br \/>\nFumigant za dezinfekciju zemlji\u0161ta na otvorenom i u zatvorenom prostoru (plastenici i staklenici)<\/p>\n<p>Basamid\u00ae Granulat se primenjuje u:<\/p>\n<p>proizvodnji jagoda, povr\u0107a, cve\u0107a i ukrasnog bilja;<br \/>\nlejama za proizvodnju rasada povr\u0107a, duvana, cve\u0107a i ukrasnog bilja;<br \/>\nrasadnicima vo\u0107a i ukrasnog bilja;<br \/>\n\u0161umskim rasadnicima;<br \/>\ndezinfekciji supstrata u proizvodnji pe\u010duraka;<br \/>\nzasnivanju travnjaka.<br \/>\nBasamid\u00ae Granulat primenjuje se za suzbijanje:<\/p>\n<p>cistolikih i slobodno\u017eivu\u0107ih korenovih nematoda;<br \/>\nzapadnog cvetnog tripsa (Frankliniella occidentalis);<br \/>\nba\u0161tenskog pauka (Tetranychus urticae);<br \/>\nprouzrokova\u010da trule\u017ei (Aphanomyces spp., Botrytis spp., Pythium spp., Rhyzoctonia spp.);<br \/>\nprouzrokova\u010da plamenja\u010de (Bremia spp., Phythopthora spp.);<br \/>\nprouzrokova\u010da zelenog uvenu\u0107a (Fusarium spp.);<br \/>\nprouzrokova\u010da uvenu\u0107a (Verticillium spp.);<br \/>\nlisnog minera paradajza (Tuta absoluta).<br \/>\nKoli\u010dina primene:<br \/>\n30-60 g\/m2, odnosno za dezinfekciju komposta u koli\u010dini 250-300 g\/m3.<br \/>\nKarakteristike<br \/>\nNA\u010cIN UPOTREBE<\/p>\n<p>Pripremiti zemlji\u0161te kao za setvu. Ukoliko je zemlji\u0161te suvo, ovla\u017eiti ga do 60-70% vodnog kapaciteta, rasturiti granule preparata uniformno ma\u0161inski ili ru\u010dno (Basamid\u00ae Granulat aktivira se za oko 2 sata od dolaska u kontakt sa vlagom).<br \/>\nPrekriti zemlji\u0161te plasti\u010dnom folijom i dr\u017eati je 7-35 dana u zavisnosti od temperature. Posle ovog vremena ukloniti plasti\u010dnu foliju, sa\u010dekati 2-3 dana i obraditi zemlji\u0161te na dubini na kojoj je vr\u0161ena inkorporacija preparata.<br \/>\nProvetravanje zemlji\u0161ta traje 3-30 dana u zavisnosti od temperature zemlji\u0161ta, a potom treba uraditi bio-test klijavosti sa semenom salate. Uzme se \u010da\u010dkalica koja na vrhu ima malo vla\u017ene vate, na vatu se stavi malo semena i zabode u teglu u kojoj je uzet uzorak zemlje posle tretmana preparatom Basamid\u00ae Granulat.<br \/>\nBio-test se radi uporedo sa zemljom koja nije tretirana preparatom Basamid\u00ae Granulat. Ukoliko seme klija u obe tegle, gas je oslobo\u0111en i zemlji\u0161te je spremno za novi usev.<br \/>\nAko se dezinfekcija radi u staklari ili plastenicima, oni moraju biti prazni jer je gas fitotoksi\u010dan za sve \u0161to se nalazi u zatvorenom prostoru.<br \/>\nBasamid\u00ae Granulat deluje na navedene \u0161tetne organizme samo u sloju zemlje u koji je unesen.<\/p>","protected":false},"excerpt":{"rendered":"<p>Klasa: Funigant<\/p>\n<p>Aktivna materija: Dazomet 970 g\/kg<\/p>\n<p>Formulacija: Makrogranule (\u041cG)<\/p>\n<p>Proizvo\u0111a\u010d: Arysta LifeScience<\/p>","protected":false},"featured_media":5839,"template":"","meta":[],"product_brand":[],"product_cat":[333],"product_tag":[],"class_list":{"0":"post-5810","1":"product","2":"type-product","3":"status-publish","4":"has-post-thumbnail","6":"product_cat-fumigant","8":"first","9":"instock","10":"shipping-taxable","11":"product-type-simple"},"_links":{"self":[{"href":"https:\/\/agrarpetrovic.rs\/en\/wp-json\/wp\/v2\/product\/5810","targetHints":{"allow":["GET"]}}],"collection":[{"href":"https:\/\/agrarpetrovic.rs\/en\/wp-json\/wp\/v2\/product"}],"about":[{"href":"https:\/\/agrarpetrovic.rs\/en\/wp-json\/wp\/v2\/types\/product"}],"wp:featuredmedia":[{"embeddable":true,"href":"https:\/\/agrarpetrovic.rs\/en\/wp-json\/wp\/v2\/media\/5839"}],"wp:attachment":[{"href":"https:\/\/agrarpetrovic.rs\/en\/wp-json\/wp\/v2\/media?parent=5810"}],"wp:term":[{"taxonomy":"product_brand","embeddable":true,"href":"https:\/\/agrarpetrovic.rs\/en\/wp-json\/wp\/v2\/product_brand?post=5810"},{"taxonomy":"product_cat","embeddable":true,"href":"https:\/\/agrarpetrovic.rs\/en\/wp-json\/wp\/v2\/product_cat?post=5810"},{"taxonomy":"product_tag","embeddable":true,"href":"https:\/\/agrarpetrovic.rs\/en\/wp-json\/wp\/v2\/product_tag?post=5810"}],"curies":[{"name":"wp","href":"https:\/\/api.w.org\/{rel}","templated":true}]}}