{"id":5847,"date":"2023-07-13T16:29:41","date_gmt":"2023-07-13T14:29:41","guid":{"rendered":"https:\/\/agrarpetrovic.rs\/?post_type=product&#038;p=5847"},"modified":"2023-07-13T16:29:44","modified_gmt":"2023-07-13T14:29:44","slug":"sertifikovane-frigo-sadnice-jagode","status":"publish","type":"product","link":"https:\/\/agrarpetrovic.rs\/en\/proizvod\/sertifikovane-frigo-sadnice-jagode\/","title":{"rendered":"SERTIFIKOVANE FRIGO SADNICE JAGODE"},"content":{"rendered":"<p>Bezvirusne sortno \u010diste sadnice jagode se nazivaju\u00a0<strong>sertifikovane sadnice jagode<\/strong>\u00a0i one se mogu podeliti na: zelene, frigo (rashla\u0111ene), \u010dekaju\u0107e i kontejnerske sadnice.<\/p>\n<p>*<\/p>\n<p>Za podizanje proizvodnih zasada u praksi se naj\u010de\u0161\u0107e koriste\u00a0<strong>sertifikovane frigo sadnice<\/strong>\u00a0(\u017eivi\u0107i), koje se od momenta skidanja iz mati\u010dnog zasada do sadnje \u010duvaju u hladnja\u010di na konstantnoj temperaturi\u00a0\u2013 2\u00b0 C.<\/p>\n<p>Prema pre\u010dniku u zoni korenovog vrata frigo sadnice se klasifikuju:<\/p>\n<ul>\n<li>A ++ (pre\u010dnik korenovog vrata &gt; 15 mm)<\/li>\n<li>A + (pre\u010dnik korenovog vrata od 12 \u2013 15 mm)<\/li>\n<li>A (pre\u010dnik korenovog vrata od 8 \u2013 11 mm)<\/li>\n<li>A \u2013 (pre\u010dnik korenovog vrata od 6 \u2013 8 mm).<\/li>\n<\/ul>\n<p>*<\/p>\n<p>Za optimalno vreme sadnje frigo sadnica, u na\u0161im klimatskim uslovima, smatra se leto tzv.\u00a0<strong>letnja sadnja<\/strong>.<\/p>\n<p>*<\/p>\n<p>Na izbor sorte (sortiment) najvi\u0161e uti\u010du klimatski uslovi, fizi\u010dko-hemijski sastav zemlji\u0161ta i plasman na tr\u017ei\u0161tu.<\/p>\n<p>*<\/p>\n<p>Na\u0161e vi\u0161egodi\u0161nje iskustvo u proizvodnji i plasmanu na doma\u0107em i stranom tr\u017ei\u0161tu, pomoglo nam je da od velikog broja sorti jagoda prisutnih na tr\u017ei\u0161tu napravimo izbor onih koje su dale najbolje rezultate.<\/p>","protected":false},"excerpt":{"rendered":"<p>SORTE: Clary, Jolly, Sibila<\/p>\n<p>PROIZVO\u0110A\u010c: Salvi Vivai Italija<\/p>\n<p>KATEGORIJA: A- , 800 kom. u pakovanju<\/p>\n<p>Vrhunski sadni materijal od renomiranog Italijanskog rasadnika Salvi Vivai. Sadnice pripadaju klasi A-, ali debljina njihovog korenovog vrata nije ispod 8mm, \u0161to vam obezbe\u0111uje dobar potencijal za zasnivanje reprezentativnog i ekonomski isplativog zasada.<\/p>","protected":false},"featured_media":5871,"template":"","meta":[],"product_brand":[],"product_cat":[336,335],"product_tag":[],"class_list":{"0":"post-5847","1":"product","2":"type-product","3":"status-publish","4":"has-post-thumbnail","6":"product_cat-sadnice-jagode","7":"product_cat-semenska-roba","9":"first","10":"instock","11":"shipping-taxable","12":"product-type-simple"},"_links":{"self":[{"href":"https:\/\/agrarpetrovic.rs\/en\/wp-json\/wp\/v2\/product\/5847","targetHints":{"allow":["GET"]}}],"collection":[{"href":"https:\/\/agrarpetrovic.rs\/en\/wp-json\/wp\/v2\/product"}],"about":[{"href":"https:\/\/agrarpetrovic.rs\/en\/wp-json\/wp\/v2\/types\/product"}],"wp:featuredmedia":[{"embeddable":true,"href":"https:\/\/agrarpetrovic.rs\/en\/wp-json\/wp\/v2\/media\/5871"}],"wp:attachment":[{"href":"https:\/\/agrarpetrovic.rs\/en\/wp-json\/wp\/v2\/media?parent=5847"}],"wp:term":[{"taxonomy":"product_brand","embeddable":true,"href":"https:\/\/agrarpetrovic.rs\/en\/wp-json\/wp\/v2\/product_brand?post=5847"},{"taxonomy":"product_cat","embeddable":true,"href":"https:\/\/agrarpetrovic.rs\/en\/wp-json\/wp\/v2\/product_cat?post=5847"},{"taxonomy":"product_tag","embeddable":true,"href":"https:\/\/agrarpetrovic.rs\/en\/wp-json\/wp\/v2\/product_tag?post=5847"}],"curies":[{"name":"wp","href":"https:\/\/api.w.org\/{rel}","templated":true}]}}