{"id":5851,"date":"2023-07-13T16:29:42","date_gmt":"2023-07-13T14:29:42","guid":{"rendered":"https:\/\/agrarpetrovic.rs\/?post_type=product&#038;p=5851"},"modified":"2023-07-13T16:29:47","modified_gmt":"2023-07-13T14:29:47","slug":"qualix-ruby","status":"publish","type":"product","link":"https:\/\/agrarpetrovic.rs\/en\/proizvod\/qualix-ruby\/","title":{"rendered":"QUALIX RUBY"},"content":{"rendered":"","protected":false},"excerpt":{"rendered":"<p><strong>Prednosti primene:<\/strong><\/p>\n<p>&nbsp;<\/p>\n<ul class=\"ck_bullet_list\">\n<li>Poja\u010dava porast, rast kostiju i pravilan razvoj mi\u0161i\u0107a kod mladih kategorija \u017eivotinja<\/li>\n<li>Pobolj\u0161ava reprodukciju i plodnost<\/li>\n<li>Bolji proizvodni potencijal mleka i mesa<\/li>\n<li>Bolje iskori\u0161\u0107enje obroka<\/li>\n<li>Kontrola parazitskih infekcija (V-Phyt tehnologija na biljnoj bazi)<\/li>\n<\/ul>\n<p>&nbsp;<\/p>\n<p><strong>Proizvod predstavlja dodatak redovnoj ishrani goveda, koza i konja.<\/strong><\/p>","protected":false},"featured_media":5875,"template":"","meta":[],"product_brand":[],"product_cat":[196,199],"product_tag":[],"class_list":{"0":"post-5851","1":"product","2":"type-product","3":"status-publish","4":"has-post-thumbnail","6":"product_cat-ishrana-zivotinja","7":"product_cat-stocarstvo","9":"first","10":"instock","11":"shipping-taxable","12":"product-type-simple"},"_links":{"self":[{"href":"https:\/\/agrarpetrovic.rs\/en\/wp-json\/wp\/v2\/product\/5851","targetHints":{"allow":["GET"]}}],"collection":[{"href":"https:\/\/agrarpetrovic.rs\/en\/wp-json\/wp\/v2\/product"}],"about":[{"href":"https:\/\/agrarpetrovic.rs\/en\/wp-json\/wp\/v2\/types\/product"}],"wp:featuredmedia":[{"embeddable":true,"href":"https:\/\/agrarpetrovic.rs\/en\/wp-json\/wp\/v2\/media\/5875"}],"wp:attachment":[{"href":"https:\/\/agrarpetrovic.rs\/en\/wp-json\/wp\/v2\/media?parent=5851"}],"wp:term":[{"taxonomy":"product_brand","embeddable":true,"href":"https:\/\/agrarpetrovic.rs\/en\/wp-json\/wp\/v2\/product_brand?post=5851"},{"taxonomy":"product_cat","embeddable":true,"href":"https:\/\/agrarpetrovic.rs\/en\/wp-json\/wp\/v2\/product_cat?post=5851"},{"taxonomy":"product_tag","embeddable":true,"href":"https:\/\/agrarpetrovic.rs\/en\/wp-json\/wp\/v2\/product_tag?post=5851"}],"curies":[{"name":"wp","href":"https:\/\/api.w.org\/{rel}","templated":true}]}}