{"id":5853,"date":"2023-07-13T16:29:42","date_gmt":"2023-07-13T14:29:42","guid":{"rendered":"https:\/\/agrarpetrovic.rs\/?post_type=product&#038;p=5853"},"modified":"2023-07-13T16:29:49","modified_gmt":"2023-07-13T14:29:49","slug":"qualix-green","status":"publish","type":"product","link":"https:\/\/agrarpetrovic.rs\/en\/proizvod\/qualix-green\/","title":{"rendered":"QUALIX GREEN"},"content":{"rendered":"","protected":false},"excerpt":{"rendered":"<p><strong>Prednosti primene:<\/strong><\/p>\n<p>&nbsp;<\/p>\n<ul class=\"ck_bullet_list\">\n<li>Smanjenje poreme\u0107aja u promeni ishrane (ubrzan transport, lo\u0161e varenje i sl.)<\/li>\n<li>Lak\u0161e iskori\u0161\u0107enje obroka koji su bogati rastvorenim azotom<\/li>\n<li>Kontrola parazitskih infekcija (V-Phyt tehnologija na biljnoj bazi)<\/li>\n<li>Pobolj\u0161ava svarljivost sve\u017ee trave<\/li>\n<li>Obezbe\u0111uje iskoristljivost kvalitetnih hraniva iz trave<\/li>\n<li>\u010cuva jetru<\/li>\n<\/ul>\n<p>&nbsp;<\/p>\n<p><strong>Proizvod predstavlja dodatak redovnoj ishrani goveda, ovaca, koza i konja.<\/strong><\/p>","protected":false},"featured_media":5877,"template":"","meta":[],"product_brand":[],"product_cat":[196,199],"product_tag":[],"class_list":{"0":"post-5853","1":"product","2":"type-product","3":"status-publish","4":"has-post-thumbnail","6":"product_cat-ishrana-zivotinja","7":"product_cat-stocarstvo","9":"first","10":"instock","11":"shipping-taxable","12":"product-type-simple"},"_links":{"self":[{"href":"https:\/\/agrarpetrovic.rs\/en\/wp-json\/wp\/v2\/product\/5853","targetHints":{"allow":["GET"]}}],"collection":[{"href":"https:\/\/agrarpetrovic.rs\/en\/wp-json\/wp\/v2\/product"}],"about":[{"href":"https:\/\/agrarpetrovic.rs\/en\/wp-json\/wp\/v2\/types\/product"}],"wp:featuredmedia":[{"embeddable":true,"href":"https:\/\/agrarpetrovic.rs\/en\/wp-json\/wp\/v2\/media\/5877"}],"wp:attachment":[{"href":"https:\/\/agrarpetrovic.rs\/en\/wp-json\/wp\/v2\/media?parent=5853"}],"wp:term":[{"taxonomy":"product_brand","embeddable":true,"href":"https:\/\/agrarpetrovic.rs\/en\/wp-json\/wp\/v2\/product_brand?post=5853"},{"taxonomy":"product_cat","embeddable":true,"href":"https:\/\/agrarpetrovic.rs\/en\/wp-json\/wp\/v2\/product_cat?post=5853"},{"taxonomy":"product_tag","embeddable":true,"href":"https:\/\/agrarpetrovic.rs\/en\/wp-json\/wp\/v2\/product_tag?post=5853"}],"curies":[{"name":"wp","href":"https:\/\/api.w.org\/{rel}","templated":true}]}}