{"id":5854,"date":"2023-07-13T16:29:42","date_gmt":"2023-07-13T14:29:42","guid":{"rendered":"https:\/\/agrarpetrovic.rs\/?post_type=product&#038;p=5854"},"modified":"2023-07-13T16:29:50","modified_gmt":"2023-07-13T14:29:50","slug":"calseaoligo","status":"publish","type":"product","link":"https:\/\/agrarpetrovic.rs\/en\/proizvod\/calseaoligo\/","title":{"rendered":"CALSEAOLIGO"},"content":{"rendered":"","protected":false},"excerpt":{"rendered":"<ul class=\"ck_bullet_list\">\n<li>Nadokna\u0111uje mikroelemente u periodima slabije ishrane ili \u010deste ispa\u0161e kao i kod veoma intezivne proizvodnje<\/li>\n<li>Pogodan za sve kategorije goveda i koza<\/li>\n<li>Uti\u010de na bolju plodnost &#8211; reprodukciju i imunitet<\/li>\n<li>Uti\u010de na ja\u010danje papaka i zdravlje vimena (smanjenje somatskih \u0107elija i pojava mastitisa)<\/li>\n<li>Poja\u010dava apetit i varenje<\/li>\n<\/ul>","protected":false},"featured_media":5878,"template":"","meta":[],"product_brand":[],"product_cat":[196,199],"product_tag":[],"class_list":{"0":"post-5854","1":"product","2":"type-product","3":"status-publish","4":"has-post-thumbnail","6":"product_cat-ishrana-zivotinja","7":"product_cat-stocarstvo","9":"first","10":"instock","11":"shipping-taxable","12":"product-type-simple"},"_links":{"self":[{"href":"https:\/\/agrarpetrovic.rs\/en\/wp-json\/wp\/v2\/product\/5854","targetHints":{"allow":["GET"]}}],"collection":[{"href":"https:\/\/agrarpetrovic.rs\/en\/wp-json\/wp\/v2\/product"}],"about":[{"href":"https:\/\/agrarpetrovic.rs\/en\/wp-json\/wp\/v2\/types\/product"}],"wp:featuredmedia":[{"embeddable":true,"href":"https:\/\/agrarpetrovic.rs\/en\/wp-json\/wp\/v2\/media\/5878"}],"wp:attachment":[{"href":"https:\/\/agrarpetrovic.rs\/en\/wp-json\/wp\/v2\/media?parent=5854"}],"wp:term":[{"taxonomy":"product_brand","embeddable":true,"href":"https:\/\/agrarpetrovic.rs\/en\/wp-json\/wp\/v2\/product_brand?post=5854"},{"taxonomy":"product_cat","embeddable":true,"href":"https:\/\/agrarpetrovic.rs\/en\/wp-json\/wp\/v2\/product_cat?post=5854"},{"taxonomy":"product_tag","embeddable":true,"href":"https:\/\/agrarpetrovic.rs\/en\/wp-json\/wp\/v2\/product_tag?post=5854"}],"curies":[{"name":"wp","href":"https:\/\/api.w.org\/{rel}","templated":true}]}}