{"id":5856,"date":"2023-07-13T16:29:42","date_gmt":"2023-07-13T14:29:42","guid":{"rendered":"https:\/\/agrarpetrovic.rs\/?post_type=product&#038;p=5856"},"modified":"2023-07-13T16:29:52","modified_gmt":"2023-07-13T14:29:52","slug":"calseadigest-sp","status":"publish","type":"product","link":"https:\/\/agrarpetrovic.rs\/en\/proizvod\/calseadigest-sp\/","title":{"rendered":"CALSEADIGEST SP"},"content":{"rendered":"","protected":false},"excerpt":{"rendered":"<ul class=\"ck_bullet_list\">\n<li>Reguli\u0161e kiselost u buragu &#8211; pufersko delovanje<\/li>\n<li>Posledica ve\u0107e kiselosti u buragu je slabo varenje vlakana ili potpun prestanak varenja, \u0161to je glavna funkcija buraga<\/li>\n<li>Reguli\u0161e pH u buragu! Stimuli\u0161e mikrofloru buraga! Pove\u0107ava svarljivost vlakana i iskori\u0161\u0107enje energije iz obroka!<\/li>\n<li>Bolja sekrecija pljuva\u010dke, Bolji apetit, Bolja konzumacija<\/li>\n<li>Bolji prirast &#8211; Bolja proizvodnja<\/li>\n<li>Bolje obnavljanje epitela vimena, smanjenje broja somatskih \u0107elija i pobolj\u0161anje kvaliteta mleka<\/li>\n<li>Otporniji i ja\u010di papci<\/li>\n<\/ul>\n<p>&nbsp;<\/p>","protected":false},"featured_media":5880,"template":"","meta":[],"product_brand":[],"product_cat":[196,199],"product_tag":[],"class_list":{"0":"post-5856","1":"product","2":"type-product","3":"status-publish","4":"has-post-thumbnail","6":"product_cat-ishrana-zivotinja","7":"product_cat-stocarstvo","9":"first","10":"instock","11":"shipping-taxable","12":"product-type-simple"},"_links":{"self":[{"href":"https:\/\/agrarpetrovic.rs\/en\/wp-json\/wp\/v2\/product\/5856","targetHints":{"allow":["GET"]}}],"collection":[{"href":"https:\/\/agrarpetrovic.rs\/en\/wp-json\/wp\/v2\/product"}],"about":[{"href":"https:\/\/agrarpetrovic.rs\/en\/wp-json\/wp\/v2\/types\/product"}],"wp:featuredmedia":[{"embeddable":true,"href":"https:\/\/agrarpetrovic.rs\/en\/wp-json\/wp\/v2\/media\/5880"}],"wp:attachment":[{"href":"https:\/\/agrarpetrovic.rs\/en\/wp-json\/wp\/v2\/media?parent=5856"}],"wp:term":[{"taxonomy":"product_brand","embeddable":true,"href":"https:\/\/agrarpetrovic.rs\/en\/wp-json\/wp\/v2\/product_brand?post=5856"},{"taxonomy":"product_cat","embeddable":true,"href":"https:\/\/agrarpetrovic.rs\/en\/wp-json\/wp\/v2\/product_cat?post=5856"},{"taxonomy":"product_tag","embeddable":true,"href":"https:\/\/agrarpetrovic.rs\/en\/wp-json\/wp\/v2\/product_tag?post=5856"}],"curies":[{"name":"wp","href":"https:\/\/api.w.org\/{rel}","templated":true}]}}