{"id":5857,"date":"2023-07-13T16:29:42","date_gmt":"2023-07-13T14:29:42","guid":{"rendered":"https:\/\/agrarpetrovic.rs\/?post_type=product&#038;p=5857"},"modified":"2023-07-13T16:29:53","modified_gmt":"2023-07-13T14:29:53","slug":"calseacalver","status":"publish","type":"product","link":"https:\/\/agrarpetrovic.rs\/en\/proizvod\/calseacalver\/","title":{"rendered":"CALSEACALVER+"},"content":{"rendered":"","protected":false},"excerpt":{"rendered":"<ul class=\"ck_bullet_list\">\n<li>U toku 60 dana zasu\u0161enosti nastaje 60% svih zdravstvenih problema muznih krava kasnije u laktaciji<\/li>\n<li>Obrnut odnos Ca i P (prevencija hipokalcemije &#8211; sindrom padanja krava posle teljenja)<\/li>\n<li>Ishranjuje mi\u0161i\u0107e materice, uti\u010de na bolje otvaranje, ja\u010de kontrakcije i lak\u0161e teljenje (Mg)<\/li>\n<li>Podpoma\u017ee regeneraciju mle\u010dne \u017elezde i priprema je za novu laktaciju (Zn)<\/li>\n<li>Bolji kvalitet kolostruma (Co)<\/li>\n<li>Ja\u010da imunitet teleta i njegovu vitalnost nakon teljenja (Se)<\/li>\n<li>Podsti\u010de apetit posle teljenja kod krava<\/li>\n<li>Smanjenje pojave retencija (zaostajanja posteljice)<\/li>\n<\/ul>","protected":false},"featured_media":5881,"template":"","meta":[],"product_brand":[],"product_cat":[196,199],"product_tag":[],"class_list":{"0":"post-5857","1":"product","2":"type-product","3":"status-publish","4":"has-post-thumbnail","6":"product_cat-ishrana-zivotinja","7":"product_cat-stocarstvo","9":"first","10":"instock","11":"shipping-taxable","12":"product-type-simple"},"_links":{"self":[{"href":"https:\/\/agrarpetrovic.rs\/en\/wp-json\/wp\/v2\/product\/5857","targetHints":{"allow":["GET"]}}],"collection":[{"href":"https:\/\/agrarpetrovic.rs\/en\/wp-json\/wp\/v2\/product"}],"about":[{"href":"https:\/\/agrarpetrovic.rs\/en\/wp-json\/wp\/v2\/types\/product"}],"wp:featuredmedia":[{"embeddable":true,"href":"https:\/\/agrarpetrovic.rs\/en\/wp-json\/wp\/v2\/media\/5881"}],"wp:attachment":[{"href":"https:\/\/agrarpetrovic.rs\/en\/wp-json\/wp\/v2\/media?parent=5857"}],"wp:term":[{"taxonomy":"product_brand","embeddable":true,"href":"https:\/\/agrarpetrovic.rs\/en\/wp-json\/wp\/v2\/product_brand?post=5857"},{"taxonomy":"product_cat","embeddable":true,"href":"https:\/\/agrarpetrovic.rs\/en\/wp-json\/wp\/v2\/product_cat?post=5857"},{"taxonomy":"product_tag","embeddable":true,"href":"https:\/\/agrarpetrovic.rs\/en\/wp-json\/wp\/v2\/product_tag?post=5857"}],"curies":[{"name":"wp","href":"https:\/\/api.w.org\/{rel}","templated":true}]}}