{"id":5860,"date":"2023-07-13T16:29:42","date_gmt":"2023-07-13T14:29:42","guid":{"rendered":"https:\/\/agrarpetrovic.rs\/?post_type=product&#038;p=5860"},"modified":"2023-07-13T16:29:56","modified_gmt":"2023-07-13T14:29:56","slug":"litharumen","status":"publish","type":"product","link":"https:\/\/agrarpetrovic.rs\/en\/proizvod\/litharumen\/","title":{"rendered":"LITHARUMEN"},"content":{"rendered":"","protected":false},"excerpt":{"rendered":"<p>Predstavlja kombinaciju pufera, aktivatora buraga sa inaktivatorima mikotoksina i biljnih ekstrakata za detoksikaciju jetre.<\/p>\n<p>&nbsp;<\/p>\n<p><strong>Prednosti:<\/strong><\/p>\n<p>&nbsp;<\/p>\n<ul class=\"ck_bullet_list\">\n<li>Stimuli\u0161e imuni sistem i poja\u010dava otpornost \u017eivotinja prema infekcijama<\/li>\n<li>Deluje protiv mikotoksina i njihovih negativnih efekata (neplodnost, gubitak apetita, pad imuniteta, penali otkupljiva\u010da mleka zbog pove\u0107anog nivoa mikotoksina)<\/li>\n<\/ul>","protected":false},"featured_media":5884,"template":"","meta":[],"product_brand":[],"product_cat":[196,199],"product_tag":[],"class_list":{"0":"post-5860","1":"product","2":"type-product","3":"status-publish","4":"has-post-thumbnail","6":"product_cat-ishrana-zivotinja","7":"product_cat-stocarstvo","9":"first","10":"instock","11":"shipping-taxable","12":"product-type-simple"},"_links":{"self":[{"href":"https:\/\/agrarpetrovic.rs\/en\/wp-json\/wp\/v2\/product\/5860","targetHints":{"allow":["GET"]}}],"collection":[{"href":"https:\/\/agrarpetrovic.rs\/en\/wp-json\/wp\/v2\/product"}],"about":[{"href":"https:\/\/agrarpetrovic.rs\/en\/wp-json\/wp\/v2\/types\/product"}],"wp:featuredmedia":[{"embeddable":true,"href":"https:\/\/agrarpetrovic.rs\/en\/wp-json\/wp\/v2\/media\/5884"}],"wp:attachment":[{"href":"https:\/\/agrarpetrovic.rs\/en\/wp-json\/wp\/v2\/media?parent=5860"}],"wp:term":[{"taxonomy":"product_brand","embeddable":true,"href":"https:\/\/agrarpetrovic.rs\/en\/wp-json\/wp\/v2\/product_brand?post=5860"},{"taxonomy":"product_cat","embeddable":true,"href":"https:\/\/agrarpetrovic.rs\/en\/wp-json\/wp\/v2\/product_cat?post=5860"},{"taxonomy":"product_tag","embeddable":true,"href":"https:\/\/agrarpetrovic.rs\/en\/wp-json\/wp\/v2\/product_tag?post=5860"}],"curies":[{"name":"wp","href":"https:\/\/api.w.org\/{rel}","templated":true}]}}