{"id":5861,"date":"2023-07-13T16:29:42","date_gmt":"2023-07-13T14:29:42","guid":{"rendered":"https:\/\/agrarpetrovic.rs\/?post_type=product&#038;p=5861"},"modified":"2023-07-13T16:29:57","modified_gmt":"2023-07-13T14:29:57","slug":"betavit","status":"publish","type":"product","link":"https:\/\/agrarpetrovic.rs\/en\/proizvod\/betavit\/","title":{"rendered":"BETAVIT"},"content":{"rendered":"","protected":false},"excerpt":{"rendered":"<p>Proizvod koji idealnom kombinacijom svih esencijalnih vitamina, koji imaju va\u017ean uticaj na metabolizam, pru\u017ea odli\u010dnu potporu za sve vrste \u017eivotinja u razli\u010ditim stresnim periodima tokom uzrasta i uzgoja dok Betactyl dodatak poja\u010dava taj uticaj.<\/p>\n<p>&nbsp;<\/p>\n<ul>\n<li>Ubrzan rast \u017eivotinja<\/li>\n<li>Poja\u010dan imunitet<\/li>\n<li>Pobolj\u0161ana plodnost<\/li>\n<li>Re\u0111a pojava hormonalnih poreme\u0107aja<\/li>\n<li>Bolje iskori\u0161\u0107enje hrane<\/li>\n<li>Pobolj\u0161ano op\u0161te zdravstveno stanje \u017eivotinja<\/li>\n<\/ul>","protected":false},"featured_media":5885,"template":"","meta":[],"product_brand":[],"product_cat":[196,199],"product_tag":[],"class_list":{"0":"post-5861","1":"product","2":"type-product","3":"status-publish","4":"has-post-thumbnail","6":"product_cat-ishrana-zivotinja","7":"product_cat-stocarstvo","9":"first","10":"instock","11":"shipping-taxable","12":"product-type-simple"},"_links":{"self":[{"href":"https:\/\/agrarpetrovic.rs\/en\/wp-json\/wp\/v2\/product\/5861","targetHints":{"allow":["GET"]}}],"collection":[{"href":"https:\/\/agrarpetrovic.rs\/en\/wp-json\/wp\/v2\/product"}],"about":[{"href":"https:\/\/agrarpetrovic.rs\/en\/wp-json\/wp\/v2\/types\/product"}],"wp:featuredmedia":[{"embeddable":true,"href":"https:\/\/agrarpetrovic.rs\/en\/wp-json\/wp\/v2\/media\/5885"}],"wp:attachment":[{"href":"https:\/\/agrarpetrovic.rs\/en\/wp-json\/wp\/v2\/media?parent=5861"}],"wp:term":[{"taxonomy":"product_brand","embeddable":true,"href":"https:\/\/agrarpetrovic.rs\/en\/wp-json\/wp\/v2\/product_brand?post=5861"},{"taxonomy":"product_cat","embeddable":true,"href":"https:\/\/agrarpetrovic.rs\/en\/wp-json\/wp\/v2\/product_cat?post=5861"},{"taxonomy":"product_tag","embeddable":true,"href":"https:\/\/agrarpetrovic.rs\/en\/wp-json\/wp\/v2\/product_tag?post=5861"}],"curies":[{"name":"wp","href":"https:\/\/api.w.org\/{rel}","templated":true}]}}