{"id":5862,"date":"2023-07-13T16:29:42","date_gmt":"2023-07-13T14:29:42","guid":{"rendered":"https:\/\/agrarpetrovic.rs\/?post_type=product&#038;p=5862"},"modified":"2023-07-13T16:29:57","modified_gmt":"2023-07-13T14:29:57","slug":"betacetum","status":"publish","type":"product","link":"https:\/\/agrarpetrovic.rs\/en\/proizvod\/betacetum\/","title":{"rendered":"BETACETUM"},"content":{"rendered":"","protected":false},"excerpt":{"rendered":"<p>Prednosti:<\/p>\n<p>&nbsp;<\/p>\n<ul class=\"ck_bullet_list\">\n<li>Bolje kori\u0161\u0107enje energije iz obroka, pobolj\u0161anje metabolizma energije i izbegavanje negativnog bilansa energije na po\u010detku laktacije<\/li>\n<li>Efikasna terapija ketoze kod krava<\/li>\n<li>Smanjenje mobilizacije masnih rezervi<\/li>\n<li>Detoksikacija jetre<\/li>\n<li>Pobolj\u0161anje plodnosti (priprema za estrus)<\/li>\n<\/ul>","protected":false},"featured_media":5886,"template":"","meta":[],"product_brand":[],"product_cat":[196,199],"product_tag":[],"class_list":{"0":"post-5862","1":"product","2":"type-product","3":"status-publish","4":"has-post-thumbnail","6":"product_cat-ishrana-zivotinja","7":"product_cat-stocarstvo","9":"first","10":"instock","11":"shipping-taxable","12":"product-type-simple"},"_links":{"self":[{"href":"https:\/\/agrarpetrovic.rs\/en\/wp-json\/wp\/v2\/product\/5862","targetHints":{"allow":["GET"]}}],"collection":[{"href":"https:\/\/agrarpetrovic.rs\/en\/wp-json\/wp\/v2\/product"}],"about":[{"href":"https:\/\/agrarpetrovic.rs\/en\/wp-json\/wp\/v2\/types\/product"}],"wp:featuredmedia":[{"embeddable":true,"href":"https:\/\/agrarpetrovic.rs\/en\/wp-json\/wp\/v2\/media\/5886"}],"wp:attachment":[{"href":"https:\/\/agrarpetrovic.rs\/en\/wp-json\/wp\/v2\/media?parent=5862"}],"wp:term":[{"taxonomy":"product_brand","embeddable":true,"href":"https:\/\/agrarpetrovic.rs\/en\/wp-json\/wp\/v2\/product_brand?post=5862"},{"taxonomy":"product_cat","embeddable":true,"href":"https:\/\/agrarpetrovic.rs\/en\/wp-json\/wp\/v2\/product_cat?post=5862"},{"taxonomy":"product_tag","embeddable":true,"href":"https:\/\/agrarpetrovic.rs\/en\/wp-json\/wp\/v2\/product_tag?post=5862"}],"curies":[{"name":"wp","href":"https:\/\/api.w.org\/{rel}","templated":true}]}}