{"id":5863,"date":"2023-07-13T16:29:42","date_gmt":"2023-07-13T14:29:42","guid":{"rendered":"https:\/\/agrarpetrovic.rs\/?post_type=product&#038;p=5863"},"modified":"2023-07-13T16:29:58","modified_gmt":"2023-07-13T14:29:58","slug":"prosanex","status":"publish","type":"product","link":"https:\/\/agrarpetrovic.rs\/en\/proizvod\/prosanex\/","title":{"rendered":"PROSANEX"},"content":{"rendered":"","protected":false},"excerpt":{"rendered":"<p>Mineralni kompleks u prahu, posebno dizajniran da pobolj\u0161a higijenu sme\u0161taja \u017eivotinja. Preparat odli\u010dno deluje na pobolj\u0161anje higijene u \u0161tali kroz efikasno vezivanje vlage i amonijaka i direktno i indirektno delovanje na smanjenje razvoja i prisutnost bakterija u ambijentu.<\/p>\n<p>&nbsp;<\/p>\n<ul>\n<li>Super apsorbent kompleks<\/li>\n<li>Veoma visok kapacitet vezivanja vode (upijanja vlage) &gt;250%<\/li>\n<li>Ireverzibilno hemijsko zadr\u017eavanje vode<\/li>\n<li>Smanjenje neprijatnih mirisa i amonijaka<\/li>\n<li>Bogatiji stajnjak (N, Ca, S)<\/li>\n<li>Lako se nanosi i prijatnog je mirisa<\/li>\n<\/ul>","protected":false},"featured_media":5887,"template":"","meta":[],"product_brand":[],"product_cat":[196,199],"product_tag":[],"class_list":{"0":"post-5863","1":"product","2":"type-product","3":"status-publish","4":"has-post-thumbnail","6":"product_cat-ishrana-zivotinja","7":"product_cat-stocarstvo","9":"first","10":"instock","11":"shipping-taxable","12":"product-type-simple"},"_links":{"self":[{"href":"https:\/\/agrarpetrovic.rs\/en\/wp-json\/wp\/v2\/product\/5863","targetHints":{"allow":["GET"]}}],"collection":[{"href":"https:\/\/agrarpetrovic.rs\/en\/wp-json\/wp\/v2\/product"}],"about":[{"href":"https:\/\/agrarpetrovic.rs\/en\/wp-json\/wp\/v2\/types\/product"}],"wp:featuredmedia":[{"embeddable":true,"href":"https:\/\/agrarpetrovic.rs\/en\/wp-json\/wp\/v2\/media\/5887"}],"wp:attachment":[{"href":"https:\/\/agrarpetrovic.rs\/en\/wp-json\/wp\/v2\/media?parent=5863"}],"wp:term":[{"taxonomy":"product_brand","embeddable":true,"href":"https:\/\/agrarpetrovic.rs\/en\/wp-json\/wp\/v2\/product_brand?post=5863"},{"taxonomy":"product_cat","embeddable":true,"href":"https:\/\/agrarpetrovic.rs\/en\/wp-json\/wp\/v2\/product_cat?post=5863"},{"taxonomy":"product_tag","embeddable":true,"href":"https:\/\/agrarpetrovic.rs\/en\/wp-json\/wp\/v2\/product_tag?post=5863"}],"curies":[{"name":"wp","href":"https:\/\/api.w.org\/{rel}","templated":true}]}}