{"id":5865,"date":"2023-07-13T16:29:42","date_gmt":"2023-07-13T14:29:42","guid":{"rendered":"https:\/\/agrarpetrovic.rs\/?post_type=product&#038;p=5865"},"modified":"2023-07-13T16:29:59","modified_gmt":"2023-07-13T14:29:59","slug":"lithaxion","status":"publish","type":"product","link":"https:\/\/agrarpetrovic.rs\/en\/proizvod\/lithaxion\/","title":{"rendered":"LITHAXION"},"content":{"rendered":"","protected":false},"excerpt":{"rendered":"<p><strong>Lithaxion\u00a0<\/strong>predstavlja kombinaciju organskih (glukomanani i manan oligo saharidi iz \u0107elijskog zida kvasca) i neorganskih materija (bentonit, zeolit i aktivni ugalj).<\/p>\n<p>&nbsp;<\/p>\n<p>Organske i neorganske materije, zajedno sa ekstraktima biljaka za detoksikaciju jetre, predstavljaju idealno re\u0161enje za vezivanje i inaktivaciju mikotoksina iz hraniva te svojim delovanjem spre\u010davaju pojave mikotoksikoza usled \u0161tetnog delovanja mikotoksina na zdravlje \u017eivotinja.<\/p>","protected":false},"featured_media":5889,"template":"","meta":[],"product_brand":[],"product_cat":[196,199],"product_tag":[],"class_list":{"0":"post-5865","1":"product","2":"type-product","3":"status-publish","4":"has-post-thumbnail","6":"product_cat-ishrana-zivotinja","7":"product_cat-stocarstvo","9":"first","10":"instock","11":"shipping-taxable","12":"product-type-simple"},"_links":{"self":[{"href":"https:\/\/agrarpetrovic.rs\/en\/wp-json\/wp\/v2\/product\/5865","targetHints":{"allow":["GET"]}}],"collection":[{"href":"https:\/\/agrarpetrovic.rs\/en\/wp-json\/wp\/v2\/product"}],"about":[{"href":"https:\/\/agrarpetrovic.rs\/en\/wp-json\/wp\/v2\/types\/product"}],"wp:featuredmedia":[{"embeddable":true,"href":"https:\/\/agrarpetrovic.rs\/en\/wp-json\/wp\/v2\/media\/5889"}],"wp:attachment":[{"href":"https:\/\/agrarpetrovic.rs\/en\/wp-json\/wp\/v2\/media?parent=5865"}],"wp:term":[{"taxonomy":"product_brand","embeddable":true,"href":"https:\/\/agrarpetrovic.rs\/en\/wp-json\/wp\/v2\/product_brand?post=5865"},{"taxonomy":"product_cat","embeddable":true,"href":"https:\/\/agrarpetrovic.rs\/en\/wp-json\/wp\/v2\/product_cat?post=5865"},{"taxonomy":"product_tag","embeddable":true,"href":"https:\/\/agrarpetrovic.rs\/en\/wp-json\/wp\/v2\/product_tag?post=5865"}],"curies":[{"name":"wp","href":"https:\/\/api.w.org\/{rel}","templated":true}]}}