{"id":5866,"date":"2023-07-13T16:29:42","date_gmt":"2023-07-13T14:29:42","guid":{"rendered":"https:\/\/agrarpetrovic.rs\/?post_type=product&#038;p=5866"},"modified":"2023-07-13T16:30:00","modified_gmt":"2023-07-13T14:30:00","slug":"hypracid","status":"publish","type":"product","link":"https:\/\/agrarpetrovic.rs\/en\/proizvod\/hypracid\/","title":{"rendered":"HYPRACID"},"content":{"rendered":"","protected":false},"excerpt":{"rendered":"<p><strong>Hypracid\u00a0<\/strong>je koncentrovani kiseli deterd\u017eent koji pouzdano \u010disti, \u0161titi i osigurava du\u017eu upotrebu osetljivih delova muznog sistema.<\/p>\n<p>&nbsp;<\/p>\n<p><strong>Prednosti upotrebe Hypracid-a:<\/strong><\/p>\n<ul class=\"ck_bullet_list\">\n<li>Temeljno skidanje i pranje naslaga u sistemima za mu\u017eu i \u010duvanje mleka<\/li>\n<li>Elimini\u0161e stvaranje mineralnih naslaga mleka i vode posle ispiranja<\/li>\n<li>Pouzdana dezinfekcija<\/li>\n<li>Bezbedno pranje muzne opreme<\/li>\n<li>Upotreba na svim vrstama materijala (nije agresivan)<\/li>\n<li>Prilago\u0111en svakodnevnoj upotrebi<\/li>\n<li>Radna koncentracija \u2013 0,4 do 0,5 % na 50\u00b0C, 7 \u2013 10 minuta<\/li>\n<\/ul>\n<p>&nbsp;<\/p>\n<p>Proizvod je dostupan u pakovanjima od 6, 12 i 25 kg.<\/p>","protected":false},"featured_media":5890,"template":"","meta":[],"product_brand":[],"product_cat":[197,337],"product_tag":[],"class_list":{"0":"post-5866","1":"product","2":"type-product","3":"status-publish","4":"has-post-thumbnail","6":"product_cat-razni-artikli","7":"product_cat-sredstva-za-higijenu-na-farmi-i-domacinstvu","9":"first","10":"instock","11":"shipping-taxable","12":"product-type-simple"},"_links":{"self":[{"href":"https:\/\/agrarpetrovic.rs\/en\/wp-json\/wp\/v2\/product\/5866","targetHints":{"allow":["GET"]}}],"collection":[{"href":"https:\/\/agrarpetrovic.rs\/en\/wp-json\/wp\/v2\/product"}],"about":[{"href":"https:\/\/agrarpetrovic.rs\/en\/wp-json\/wp\/v2\/types\/product"}],"wp:featuredmedia":[{"embeddable":true,"href":"https:\/\/agrarpetrovic.rs\/en\/wp-json\/wp\/v2\/media\/5890"}],"wp:attachment":[{"href":"https:\/\/agrarpetrovic.rs\/en\/wp-json\/wp\/v2\/media?parent=5866"}],"wp:term":[{"taxonomy":"product_brand","embeddable":true,"href":"https:\/\/agrarpetrovic.rs\/en\/wp-json\/wp\/v2\/product_brand?post=5866"},{"taxonomy":"product_cat","embeddable":true,"href":"https:\/\/agrarpetrovic.rs\/en\/wp-json\/wp\/v2\/product_cat?post=5866"},{"taxonomy":"product_tag","embeddable":true,"href":"https:\/\/agrarpetrovic.rs\/en\/wp-json\/wp\/v2\/product_tag?post=5866"}],"curies":[{"name":"wp","href":"https:\/\/api.w.org\/{rel}","templated":true}]}}