{"id":5893,"date":"2023-07-13T16:30:04","date_gmt":"2023-07-13T14:30:04","guid":{"rendered":"https:\/\/agrarpetrovic.rs\/?post_type=product&#038;p=5893"},"modified":"2023-07-13T16:30:07","modified_gmt":"2023-07-13T14:30:07","slug":"dip-io-5000","status":"publish","type":"product","link":"https:\/\/agrarpetrovic.rs\/en\/proizvod\/dip-io-5000\/","title":{"rendered":"DIP-IO 5000"},"content":{"rendered":"","protected":false},"excerpt":{"rendered":"<p><strong>Dip-io 5000<\/strong>\u00a0je proizvod na bazi joda i namenjen je primeni posle mu\u017ee sa odli\u010dnim dezifekcionim i kozmeti\u010dkim efektom.<\/p>\n<p>&nbsp;<\/p>\n<p><strong>Prednosti upotrebe Dip-io 5000:<\/strong><\/p>\n<p>&nbsp;<\/p>\n<ul class=\"ck_bullet_list\">\n<li>5.000 ppm joda<\/li>\n<li>Dezinfekciono dejstvo na bakterije i kvasce u roku od 5 minuta a na viruse u roku od 30 minuta<\/li>\n<li>Dobro kozmeti\u010do delovanje u pore\u0111enju sa drugim proizvodima na bazi joda<\/li>\n<li>Vizueli efekat \u2013 jarko crvena boja<\/li>\n<li>Bez kapljanja<\/li>\n<\/ul>\n<p>&nbsp;<\/p>\n<p>Proizvod je dostupan u pakovanju od 10 kg.<\/p>","protected":false},"featured_media":5923,"template":"","meta":[],"product_brand":[],"product_cat":[197,337],"product_tag":[],"class_list":{"0":"post-5893","1":"product","2":"type-product","3":"status-publish","4":"has-post-thumbnail","6":"product_cat-razni-artikli","7":"product_cat-sredstva-za-higijenu-na-farmi-i-domacinstvu","9":"first","10":"instock","11":"shipping-taxable","12":"product-type-simple"},"_links":{"self":[{"href":"https:\/\/agrarpetrovic.rs\/en\/wp-json\/wp\/v2\/product\/5893","targetHints":{"allow":["GET"]}}],"collection":[{"href":"https:\/\/agrarpetrovic.rs\/en\/wp-json\/wp\/v2\/product"}],"about":[{"href":"https:\/\/agrarpetrovic.rs\/en\/wp-json\/wp\/v2\/types\/product"}],"wp:featuredmedia":[{"embeddable":true,"href":"https:\/\/agrarpetrovic.rs\/en\/wp-json\/wp\/v2\/media\/5923"}],"wp:attachment":[{"href":"https:\/\/agrarpetrovic.rs\/en\/wp-json\/wp\/v2\/media?parent=5893"}],"wp:term":[{"taxonomy":"product_brand","embeddable":true,"href":"https:\/\/agrarpetrovic.rs\/en\/wp-json\/wp\/v2\/product_brand?post=5893"},{"taxonomy":"product_cat","embeddable":true,"href":"https:\/\/agrarpetrovic.rs\/en\/wp-json\/wp\/v2\/product_cat?post=5893"},{"taxonomy":"product_tag","embeddable":true,"href":"https:\/\/agrarpetrovic.rs\/en\/wp-json\/wp\/v2\/product_tag?post=5893"}],"curies":[{"name":"wp","href":"https:\/\/api.w.org\/{rel}","templated":true}]}}