{"id":5894,"date":"2023-07-13T16:30:04","date_gmt":"2023-07-13T14:30:04","guid":{"rendered":"https:\/\/agrarpetrovic.rs\/?post_type=product&#038;p=5894"},"modified":"2023-07-13T16:30:07","modified_gmt":"2023-07-13T14:30:07","slug":"hm-vir-film","status":"publish","type":"product","link":"https:\/\/agrarpetrovic.rs\/en\/proizvod\/hm-vir-film\/","title":{"rendered":"HM VIR FILM+"},"content":{"rendered":"","protected":false},"excerpt":{"rendered":"<p>Hm vir Film+ je proizvod za negu vimena namenjen primeni posle mu\u017ee. Ima odli\u010dan dezinfekcioni efekat (LSA kompleks) i izuzetan kozmeti\u010dki efekat (\u010dak i na hiperkeratozu vimena).<\/p>\n<p>&nbsp;<\/p>\n<p>Ne kaplje i stvara film dobrog vizuelnog efekta. Baktericidni efekat pojavljuje se nakon 30 sekundi, na kvasce deluje u roku od 1 minuta dok na viruse u roku od 30 minuta.<\/p>\n<p>&nbsp;<\/p>\n<p>Proizvod je dostupan u pakovanjima od 5, 10 i 22 kg.<\/p>","protected":false},"featured_media":5924,"template":"","meta":[],"product_brand":[],"product_cat":[197,337],"product_tag":[],"class_list":{"0":"post-5894","1":"product","2":"type-product","3":"status-publish","4":"has-post-thumbnail","6":"product_cat-razni-artikli","7":"product_cat-sredstva-za-higijenu-na-farmi-i-domacinstvu","9":"first","10":"instock","11":"shipping-taxable","12":"product-type-simple"},"_links":{"self":[{"href":"https:\/\/agrarpetrovic.rs\/en\/wp-json\/wp\/v2\/product\/5894","targetHints":{"allow":["GET"]}}],"collection":[{"href":"https:\/\/agrarpetrovic.rs\/en\/wp-json\/wp\/v2\/product"}],"about":[{"href":"https:\/\/agrarpetrovic.rs\/en\/wp-json\/wp\/v2\/types\/product"}],"wp:featuredmedia":[{"embeddable":true,"href":"https:\/\/agrarpetrovic.rs\/en\/wp-json\/wp\/v2\/media\/5924"}],"wp:attachment":[{"href":"https:\/\/agrarpetrovic.rs\/en\/wp-json\/wp\/v2\/media?parent=5894"}],"wp:term":[{"taxonomy":"product_brand","embeddable":true,"href":"https:\/\/agrarpetrovic.rs\/en\/wp-json\/wp\/v2\/product_brand?post=5894"},{"taxonomy":"product_cat","embeddable":true,"href":"https:\/\/agrarpetrovic.rs\/en\/wp-json\/wp\/v2\/product_cat?post=5894"},{"taxonomy":"product_tag","embeddable":true,"href":"https:\/\/agrarpetrovic.rs\/en\/wp-json\/wp\/v2\/product_tag?post=5894"}],"curies":[{"name":"wp","href":"https:\/\/api.w.org\/{rel}","templated":true}]}}