{"id":5896,"date":"2023-07-13T16:30:04","date_gmt":"2023-07-13T14:30:04","guid":{"rendered":"https:\/\/agrarpetrovic.rs\/?post_type=product&#038;p=5896"},"modified":"2023-07-13T16:30:09","modified_gmt":"2023-07-13T14:30:09","slug":"premil-junior","status":"publish","type":"product","link":"https:\/\/agrarpetrovic.rs\/en\/proizvod\/premil-junior\/","title":{"rendered":"PREMIL JUNIOR"},"content":{"rendered":"<p>Kompletna hrana za \u0161tenad velikih rasa i veli\u010dina kao i za sve mlade pse. Bogata potrebnim makro i mikro elementima. Dobro izbalansiran aminokiselinski sastav sa kvalitetnim masnim kiselinama i prirodnim fruktooligosaharidima i mananooligosaharidima omogu\u0107ava odli\u010dnu iskoristivost i svarljivost hrane. Poma\u017ee u rastu i pravilnom formiranju kostiju. Prirodan odnos omega 6 i omega 3 masnih kiselina, naro\u010dito DHA smanjuje stres kod mladih pasa.<\/p>\n<p>Sastav: dehidrirana piletina, \u0107uretina i tuna 31%, pirina\u010d 20%, kukuruz, pile\u0107a mast, hladno ce\u0111eno biljno ulje, riblje ulje, laneno seme 4%, repin rezanac, hidrolizovana jetra, pivski kvasac, inulin (ekstrakt cikorije), MOS (ekstrakt kvasca) i lecitin.<\/p>\n<table>\n<tbody>\n<tr>\n<td>te\u017eina \u0161teneta u kg<\/td>\n<td>1-2<\/td>\n<td>2-5<\/td>\n<td>5-10<\/td>\n<td>10-20<\/td>\n<td>20-30<\/td>\n<td>30-40<\/td>\n<td>40+<\/td>\n<\/tr>\n<tr>\n<td>do 2 meseca<\/td>\n<td>50 &#8211; 85<\/td>\n<td>85 &#8211; 170<\/td>\n<td>170 &#8211; 290<\/td>\n<td>290 &#8211; 480<\/td>\n<td>480 &#8211; 530<\/td>\n<td>\/<\/td>\n<td>\/<\/td>\n<\/tr>\n<tr>\n<td>do 4 meseca<\/td>\n<td>45 &#8211; 70<\/td>\n<td>70 &#8211; 155<\/td>\n<td>155 &#8211; 265<\/td>\n<td>265 &#8211; 445<\/td>\n<td>445 &#8211; 600<\/td>\n<td>600 &#8211; 675<\/td>\n<td>\/<\/td>\n<\/tr>\n<tr>\n<td>do 6 meseca<\/td>\n<td>40 &#8211; 65<\/td>\n<td>65 &#8211; 130<\/td>\n<td>130 &#8211; 240<\/td>\n<td>240 &#8211; 405<\/td>\n<td>405 &#8211; 545<\/td>\n<td>545 &#8211; 680<\/td>\n<td>\/<\/td>\n<\/tr>\n<tr>\n<td>do 9 meseca<\/td>\n<td>35 -55<\/td>\n<td>55 -100<\/td>\n<td>100 -190<\/td>\n<td>190 &#8211; 365<\/td>\n<td>365 -495<\/td>\n<td>495 &#8211; 600<\/td>\n<td>\/<\/td>\n<\/tr>\n<tr>\n<td>do 12 meseca<\/td>\n<td>30 &#8211; 50<\/td>\n<td>50 &#8211; 90<\/td>\n<td>90 &#8211; 170<\/td>\n<td>170 &#8211; 350<\/td>\n<td>350 &#8211; 470<\/td>\n<td>470 &#8211; 550<\/td>\n<td>13g\/kg<\/td>\n<\/tr>\n<\/tbody>\n<\/table>","protected":false},"excerpt":{"rendered":"<p>Za \u0161tenad velikih rasa i veli\u010dina,za mlade pse &#8211; 78% proteina \u017eivotinjskog porekla<\/p>\n<div><\/div>\n<div class=\"product__premil-info\">\n<div class=\"product-describe__body\">\n<ul>\n<li>Aktivnost ljubimca:\n<ul>\n<li>Aktivan,\u00a0Umerena<\/li>\n<\/ul>\n<\/li>\n<li>Pakovanje:\n<ul>\n<li>1 Kg,\u00a015 Kg,\u00a03 Kg<\/li>\n<\/ul>\n<\/li>\n<li>Uzrast:\n<ul>\n<li>Mlad pas,\u00a0\u0160tene<\/li>\n<\/ul>\n<\/li>\n<li>Veli\u010dina psa:\n<ul>\n<li>Mali,\u00a0Srednji,\u00a0Veliki<\/li>\n<\/ul>\n<\/li>\n<\/ul>\n<\/div>\n<\/div>","protected":false},"featured_media":5926,"template":"","meta":[],"product_brand":[],"product_cat":[338,196],"product_tag":[],"class_list":{"0":"post-5896","1":"product","2":"type-product","3":"status-publish","4":"has-post-thumbnail","6":"product_cat-hrana-za-pse","7":"product_cat-ishrana-zivotinja","9":"first","10":"instock","11":"shipping-taxable","12":"product-type-simple"},"_links":{"self":[{"href":"https:\/\/agrarpetrovic.rs\/en\/wp-json\/wp\/v2\/product\/5896","targetHints":{"allow":["GET"]}}],"collection":[{"href":"https:\/\/agrarpetrovic.rs\/en\/wp-json\/wp\/v2\/product"}],"about":[{"href":"https:\/\/agrarpetrovic.rs\/en\/wp-json\/wp\/v2\/types\/product"}],"wp:featuredmedia":[{"embeddable":true,"href":"https:\/\/agrarpetrovic.rs\/en\/wp-json\/wp\/v2\/media\/5926"}],"wp:attachment":[{"href":"https:\/\/agrarpetrovic.rs\/en\/wp-json\/wp\/v2\/media?parent=5896"}],"wp:term":[{"taxonomy":"product_brand","embeddable":true,"href":"https:\/\/agrarpetrovic.rs\/en\/wp-json\/wp\/v2\/product_brand?post=5896"},{"taxonomy":"product_cat","embeddable":true,"href":"https:\/\/agrarpetrovic.rs\/en\/wp-json\/wp\/v2\/product_cat?post=5896"},{"taxonomy":"product_tag","embeddable":true,"href":"https:\/\/agrarpetrovic.rs\/en\/wp-json\/wp\/v2\/product_tag?post=5896"}],"curies":[{"name":"wp","href":"https:\/\/api.w.org\/{rel}","templated":true}]}}