{"id":5897,"date":"2023-07-13T16:30:04","date_gmt":"2023-07-13T14:30:04","guid":{"rendered":"https:\/\/agrarpetrovic.rs\/?post_type=product&#038;p=5897"},"modified":"2023-07-13T16:30:10","modified_gmt":"2023-07-13T14:30:10","slug":"premil-large","status":"publish","type":"product","link":"https:\/\/agrarpetrovic.rs\/en\/proizvod\/premil-large\/","title":{"rendered":"PREMIL LARGE"},"content":{"rendered":"<section id=\"product-opis\" class=\"product-describe\">\n<div class=\"container\">\n<div id=\"PageContentPlaceHolder_DescriptionContent\">\n<div class=\"product-describe__body\">\n<p>Kompletna hrana za odrasle pse srednjih i velikih rasa i veli\u010dina.Bogata potrebnim makro i mikro elementima namenjena odraslim srednje velikim, velikim i izrazito velikim psima. Obezbe\u0111uje dovoljno kvalitetne energije za normalne i poja\u010dane aktivnosti. Pogodna za takmi\u010darske pse jer im smanjuje stres pri takmi\u010denju. Uti\u010de na dobar kvalitet dlake i doprinosi \u010dvrsto\u0107i zglobova.<\/p>\n<p>Sastav: dehidrirana piletina i tuna 28%, pirina\u010d 15%, kukuruz, hladno ce\u0111ena biljna ulja, pile\u0107a mast, laneno seme 5%, repin rezanac, pivski kvasac, hidrolizovana jetra, inulin (ekstrakt cikorije), MOS (ekstrakt kvasca), lecitin, hondroitin i glukozamin.<\/p>\n<div><\/div>\n<\/div>\n<\/div>\n<\/div>\n<\/section>\n<section id=\"product-katalog\" class=\"product-katalog\">\n<div class=\"container\">\n<section id=\"product-preporuka\" class=\"product-preporuka\">\n<div class=\"container\">\n<div id=\"PageContentPlaceHolder_liPreporukaHranjenje\" class=\"product-preporuka__tabela\">\n<table>\n<tbody>\n<tr>\n<th>te\u017eina psa u kg<\/th>\n<th>&#8211; 5<\/th>\n<th>5 &#8211; 15<\/th>\n<th>15 &#8211; 30<\/th>\n<th>30 &#8211; 45<\/th>\n<th>45 &#8211; 60<\/th>\n<th>60+<\/th>\n<\/tr>\n<tr>\n<td>kolicina hrane u 24h u g \/<\/td>\n<td>55 &#8211; 85<\/td>\n<td>85 &#8211; 200<\/td>\n<td>200 &#8211; 350<\/td>\n<td>350 &#8211; 450<\/td>\n<td>450 &#8211; 550<\/td>\n<td>12g \/ kg<\/td>\n<\/tr>\n<\/tbody>\n<\/table>\n<\/div>\n<\/div>\n<\/section>\n<footer class=\"footer\">\n<div class=\"container\">\n<div class=\"newsletter\">\n<div class=\"newsletter__body\">\n<div class=\"newsletter__social\"><a href=\"https:\/\/www.facebook.com\/PremilOfficiallPage\/\"><img decoding=\"async\" src=\"https:\/\/www.premil.rs\/static\/img\/social\/Facebook.png\" alt=\"\" \/>\u00a0<\/a><\/div>\n<\/div>\n<\/div>\n<\/div>\n<\/footer>\n<\/div>\n<\/section>","protected":false},"excerpt":{"rendered":"<p>Za odrasle pse srednjih i velikih rasa i veli\u010dina-72% proteina \u017eivotinjskog porekla<\/p>\n<div class=\"product__premil-info\">\n<div class=\"product-describe__body\">\n<ul>\n<li>Aktivnost ljubimca:\n<ul>\n<li>Slaba,\u00a0Umerena<\/li>\n<\/ul>\n<\/li>\n<li>Pakovanje:\n<ul>\n<li>1 Kg,\u00a015 Kg,\u00a03 Kg<\/li>\n<\/ul>\n<\/li>\n<li>Uzrast:\n<ul>\n<li>Odrastao,\u00a0Senior<\/li>\n<\/ul>\n<\/li>\n<li>Veli\u010dina psa:\n<ul>\n<li>Veliki<\/li>\n<\/ul>\n<\/li>\n<\/ul>\n<\/div>\n<\/div>","protected":false},"featured_media":5927,"template":"","meta":[],"product_brand":[],"product_cat":[338,196],"product_tag":[],"class_list":{"0":"post-5897","1":"product","2":"type-product","3":"status-publish","4":"has-post-thumbnail","6":"product_cat-hrana-za-pse","7":"product_cat-ishrana-zivotinja","9":"first","10":"instock","11":"shipping-taxable","12":"product-type-simple"},"_links":{"self":[{"href":"https:\/\/agrarpetrovic.rs\/en\/wp-json\/wp\/v2\/product\/5897","targetHints":{"allow":["GET"]}}],"collection":[{"href":"https:\/\/agrarpetrovic.rs\/en\/wp-json\/wp\/v2\/product"}],"about":[{"href":"https:\/\/agrarpetrovic.rs\/en\/wp-json\/wp\/v2\/types\/product"}],"wp:featuredmedia":[{"embeddable":true,"href":"https:\/\/agrarpetrovic.rs\/en\/wp-json\/wp\/v2\/media\/5927"}],"wp:attachment":[{"href":"https:\/\/agrarpetrovic.rs\/en\/wp-json\/wp\/v2\/media?parent=5897"}],"wp:term":[{"taxonomy":"product_brand","embeddable":true,"href":"https:\/\/agrarpetrovic.rs\/en\/wp-json\/wp\/v2\/product_brand?post=5897"},{"taxonomy":"product_cat","embeddable":true,"href":"https:\/\/agrarpetrovic.rs\/en\/wp-json\/wp\/v2\/product_cat?post=5897"},{"taxonomy":"product_tag","embeddable":true,"href":"https:\/\/agrarpetrovic.rs\/en\/wp-json\/wp\/v2\/product_tag?post=5897"}],"curies":[{"name":"wp","href":"https:\/\/api.w.org\/{rel}","templated":true}]}}