{"id":5898,"date":"2023-07-13T16:30:05","date_gmt":"2023-07-13T14:30:05","guid":{"rendered":"https:\/\/agrarpetrovic.rs\/?post_type=product&#038;p=5898"},"modified":"2023-07-13T16:30:11","modified_gmt":"2023-07-13T14:30:11","slug":"premil-maxi-adult","status":"publish","type":"product","link":"https:\/\/agrarpetrovic.rs\/en\/proizvod\/premil-maxi-adult\/","title":{"rendered":"PREMIL MAXI ADULT"},"content":{"rendered":"<p>Kompletna hrana za normalno aktivne pse svih rasa koji nisu izlo\u017eeni ve\u0107im fizi\u010dkim optere\u0107enjima. Hrana premium ranga bogata vitaminima, makro i mikro elementima potrebnim za zdrav \u017eivot odraslih pasa. Energetska vrednost hrane Maxi Adult prilago\u0111ena je smanjenim potrebama manje aktivnih pasa.<\/p>\n<p>Sastav: Kukuruz, dehidrirana piletina, svinjetina i govedina, hladno ce\u0111ena biljna ulja, mast, repin rezanac, kvasac, natrijum hlorid.<\/p>\n<section id=\"product-preporuka\" class=\"product-preporuka\">\n<div class=\"container\">\n<div id=\"PageContentPlaceHolder_liPreporukaHranjenje\" class=\"product-preporuka__tabela\">\n<table>\n<tbody>\n<tr>\n<th>te\u017eina psa u kg<\/th>\n<th>&#8211; 5<\/th>\n<th>5 &#8211; 15<\/th>\n<th>15 &#8211; 30<\/th>\n<th>30 &#8211; 45<\/th>\n<th>45 &#8211; 60<\/th>\n<th>60+<\/th>\n<\/tr>\n<tr>\n<td>kolicina hrane u 24h u g<\/td>\n<td>60 &#8211; 110<\/td>\n<td>110 &#8211; 230<\/td>\n<td>230 &#8211; 380<\/td>\n<td>380 &#8211; 500<\/td>\n<td>500 &#8211; 720<\/td>\n<td>13 g\/kg<\/td>\n<\/tr>\n<\/tbody>\n<\/table>\n<\/div>\n<\/div>\n<\/section>\n<footer class=\"footer\">\n<div class=\"container\">\n<div class=\"newsletter\">\n<div class=\"newsletter__body\">\n<div class=\"newsletter__social\"><\/div>\n<\/div>\n<\/div>\n<\/div>\n<\/footer>","protected":false},"excerpt":{"rendered":"<p>Kompletna hrana za normalno aktivne pse svih rasa<\/p>\n<div class=\"product__premil-info\">\n<div class=\"product-describe__body\">\n<ul>\n<li>Aktivnost ljubimca:\n<ul>\n<li>Slaba<\/li>\n<\/ul>\n<\/li>\n<li>Pakovanje:\n<ul>\n<li>1 Kg,\u00a010 Kg,\u00a015 Kg,\u00a03 Kg<\/li>\n<\/ul>\n<\/li>\n<li>Uzrast:\n<ul>\n<li>Odrastao,\u00a0Senior<\/li>\n<\/ul>\n<\/li>\n<li>Veli\u010dina psa:\n<ul>\n<li>Srednji,\u00a0Veliki<\/li>\n<\/ul>\n<\/li>\n<\/ul>\n<\/div>\n<\/div>\n<div class=\"product__premil-scroll-links\">\n<ul>\n<li id=\"PageContentPlaceHolder_liReadDescription\"><a href=\"https:\/\/www.premil.rs\/sr\/proizvod\/29\/maxi-adult#product-opis\">Pro\u010ditaj opis<\/a><\/li>\n<\/ul>\n<\/div>","protected":false},"featured_media":5928,"template":"","meta":[],"product_brand":[],"product_cat":[338,196],"product_tag":[],"class_list":{"0":"post-5898","1":"product","2":"type-product","3":"status-publish","4":"has-post-thumbnail","6":"product_cat-hrana-za-pse","7":"product_cat-ishrana-zivotinja","9":"first","10":"instock","11":"shipping-taxable","12":"product-type-simple"},"_links":{"self":[{"href":"https:\/\/agrarpetrovic.rs\/en\/wp-json\/wp\/v2\/product\/5898","targetHints":{"allow":["GET"]}}],"collection":[{"href":"https:\/\/agrarpetrovic.rs\/en\/wp-json\/wp\/v2\/product"}],"about":[{"href":"https:\/\/agrarpetrovic.rs\/en\/wp-json\/wp\/v2\/types\/product"}],"wp:featuredmedia":[{"embeddable":true,"href":"https:\/\/agrarpetrovic.rs\/en\/wp-json\/wp\/v2\/media\/5928"}],"wp:attachment":[{"href":"https:\/\/agrarpetrovic.rs\/en\/wp-json\/wp\/v2\/media?parent=5898"}],"wp:term":[{"taxonomy":"product_brand","embeddable":true,"href":"https:\/\/agrarpetrovic.rs\/en\/wp-json\/wp\/v2\/product_brand?post=5898"},{"taxonomy":"product_cat","embeddable":true,"href":"https:\/\/agrarpetrovic.rs\/en\/wp-json\/wp\/v2\/product_cat?post=5898"},{"taxonomy":"product_tag","embeddable":true,"href":"https:\/\/agrarpetrovic.rs\/en\/wp-json\/wp\/v2\/product_tag?post=5898"}],"curies":[{"name":"wp","href":"https:\/\/api.w.org\/{rel}","templated":true}]}}