{"id":5900,"date":"2023-07-13T16:30:05","date_gmt":"2023-07-13T14:30:05","guid":{"rendered":"https:\/\/agrarpetrovic.rs\/?post_type=product&#038;p=5900"},"modified":"2023-07-13T16:30:12","modified_gmt":"2023-07-13T14:30:12","slug":"maxi-basic","status":"publish","type":"product","link":"https:\/\/agrarpetrovic.rs\/en\/proizvod\/maxi-basic\/","title":{"rendered":"MAXI BASIC"},"content":{"rendered":"<p>Kompletna hrana za normalno aktivne i gojazne pse svih veli\u010dina i rasa. Hrana premium ranga bogata vitaminima, makro i mikro elementima potrebnim za zdrav \u017eivot odraslih i normalno aktivnih starijih pasa. Uz hranu Maxi Basic te\u017eina gojaznih pasa lako se dovodi na optimalni nivo.<\/p>\n<p>Sastav: Kukuruz, dehidrirana piletina, svinjetina i govedina, hladno ce\u0111ena biljna ulja, mast, repin rezanac, kvasac, natrijum hlorid.<\/p>\n<div>\n<table>\n<tbody>\n<tr>\n<th>te\u017eina psa u kg<\/th>\n<th>&#8211; 5<\/th>\n<th>5 &#8211; 15<\/th>\n<th>15 &#8211; 30<\/th>\n<th>30 &#8211; 45<\/th>\n<th>45 &#8211; 60<\/th>\n<th>60+<\/th>\n<\/tr>\n<tr>\n<td>kolicina hrane u 24h u g \/<\/td>\n<td>60 &#8211; 160<\/td>\n<td>160 &#8211; 390<\/td>\n<td>390 &#8211; 500<\/td>\n<td>500 &#8211; 690<\/td>\n<td>690 &#8211; 820<\/td>\n<td>14-16 g\/kg<\/td>\n<\/tr>\n<\/tbody>\n<\/table>\n<\/div>","protected":false},"excerpt":{"rendered":"<p>Kompletna hrana za normalno aktivne i gojazne pse<\/p>","protected":false},"featured_media":5930,"template":"","meta":[],"product_brand":[],"product_cat":[338,196],"product_tag":[],"class_list":{"0":"post-5900","1":"product","2":"type-product","3":"status-publish","4":"has-post-thumbnail","6":"product_cat-hrana-za-pse","7":"product_cat-ishrana-zivotinja","9":"first","10":"instock","11":"shipping-taxable","12":"product-type-simple"},"_links":{"self":[{"href":"https:\/\/agrarpetrovic.rs\/en\/wp-json\/wp\/v2\/product\/5900","targetHints":{"allow":["GET"]}}],"collection":[{"href":"https:\/\/agrarpetrovic.rs\/en\/wp-json\/wp\/v2\/product"}],"about":[{"href":"https:\/\/agrarpetrovic.rs\/en\/wp-json\/wp\/v2\/types\/product"}],"wp:featuredmedia":[{"embeddable":true,"href":"https:\/\/agrarpetrovic.rs\/en\/wp-json\/wp\/v2\/media\/5930"}],"wp:attachment":[{"href":"https:\/\/agrarpetrovic.rs\/en\/wp-json\/wp\/v2\/media?parent=5900"}],"wp:term":[{"taxonomy":"product_brand","embeddable":true,"href":"https:\/\/agrarpetrovic.rs\/en\/wp-json\/wp\/v2\/product_brand?post=5900"},{"taxonomy":"product_cat","embeddable":true,"href":"https:\/\/agrarpetrovic.rs\/en\/wp-json\/wp\/v2\/product_cat?post=5900"},{"taxonomy":"product_tag","embeddable":true,"href":"https:\/\/agrarpetrovic.rs\/en\/wp-json\/wp\/v2\/product_tag?post=5900"}],"curies":[{"name":"wp","href":"https:\/\/api.w.org\/{rel}","templated":true}]}}