{"id":5904,"date":"2023-07-13T16:30:05","date_gmt":"2023-07-13T14:30:05","guid":{"rendered":"https:\/\/agrarpetrovic.rs\/?post_type=product&#038;p=5904"},"modified":"2023-07-13T16:30:15","modified_gmt":"2023-07-13T14:30:15","slug":"premil-mini","status":"publish","type":"product","link":"https:\/\/agrarpetrovic.rs\/en\/proizvod\/premil-mini\/","title":{"rendered":"PREMIL MINI"},"content":{"rendered":"<p>Kompletna hrana za \u0161tenad i mlade pse malih i srednjih rasa i veli\u010dina, za \u0161tenad velikih rasa zaostalih u rastu kao i za aktivne odrasle pse malih rasa i veli\u010dina. Bogata potrebnim makro i mikro elementima kao i visoko i lako svarljivim proteinima dobijenih iz najkvalitetnijih mesa. Prirodni izvori omega 6 i omega 3 masnih kiselina naro\u010dito EPA i DHA, kao i vitamina B grupe omogu\u0107avaju pravilan rast pasa i izuzetan sjaj i viskozitet dlake i poddlake. Kod belih pasa ne menja boju dlake.<\/p>\n<p>Sastav: dehidrirana \u0107uretina, pa\u010detina i tuna 35%, pirina\u010d 20%, kukuruz, pile\u0107a mast, hladno ce\u0111eno biljno ulje, riblje ulje, laneno seme 5%, repin rezanac, pivski kvasac, hidrolizovana jetra, su\u0161ena jabuka, inulin (ekstrakt cikorije), MOS (ekstrakt kvasca) i lecitin.<\/p>\n<table>\n<tbody>\n<tr>\n<th>te\u017eina psa u kg<\/th>\n<th>1 &#8211; 2<\/th>\n<th>2 &#8211; 5<\/th>\n<th>5 &#8211; 8<\/th>\n<th>8 &#8211; 12,5<\/th>\n<th>12,5 &#8211; 16<\/th>\n<th>16 &#8211; 20<\/th>\n<th>20+<\/th>\n<\/tr>\n<tr>\n<td>do 3 meseca<\/td>\n<td>45 &#8211; 85<\/td>\n<td>85 &#8211; 150<\/td>\n<td>150 &#8211; 210<\/td>\n<td>210 &#8211; 280<\/td>\n<td>280 &#8211; 350<\/td>\n<td>\/<\/td>\n<td>\/<\/td>\n<\/tr>\n<tr>\n<td>do 3 &#8211; 5 meseci<\/td>\n<td>40 &#8211; 80<\/td>\n<td>80 &#8211; 155<\/td>\n<td>155 &#8211; 190<\/td>\n<td>190 &#8211; 270<\/td>\n<td>270 &#8211; 340<\/td>\n<td>\/<\/td>\n<td>\/<\/td>\n<\/tr>\n<tr>\n<td>do 5 &#8211; 8 meseci<\/td>\n<td>35 &#8211; 75<\/td>\n<td>75 &#8211; 130<\/td>\n<td>130 &#8211; 160<\/td>\n<td>160 &#8211; 220<\/td>\n<td>220 &#8211; 310<\/td>\n<td>310 &#8211; 350<\/td>\n<td>\/<\/td>\n<\/tr>\n<tr>\n<td>do 8 &#8211; 12 meseci<\/td>\n<td>30 -70<\/td>\n<td>70 -115<\/td>\n<td>115 -145<\/td>\n<td>145 -210<\/td>\n<td>210 -260<\/td>\n<td>260 -300<\/td>\n<td>13g\/kg<\/td>\n<\/tr>\n<\/tbody>\n<\/table>","protected":false},"excerpt":{"rendered":"<p><b>Za \u0161tenad i mlade pse malih i srednjih rasa i veli\u010dina-79% proteina \u017eivotinjskog porekla<\/b><\/p>\n<div class=\"product__premil-info\">\n<div class=\"product-describe__body\">\n<ul>\n<li>Aktivnost ljubimca:\n<ul>\n<li>Aktivan,\u00a0Umerena<\/li>\n<\/ul>\n<\/li>\n<li>Pakovanje:\n<ul>\n<li>1 Kg,\u00a015 Kg,\u00a03 Kg<\/li>\n<\/ul>\n<\/li>\n<li>Uzrast:\n<ul>\n<li>Mlad pas,\u00a0Odrastao<\/li>\n<\/ul>\n<\/li>\n<li>Veli\u010dina psa:\n<ul>\n<li>Mali<\/li>\n<\/ul>\n<\/li>\n<\/ul>\n<\/div>\n<\/div>","protected":false},"featured_media":5934,"template":"","meta":[],"product_brand":[],"product_cat":[338,196],"product_tag":[],"class_list":{"0":"post-5904","1":"product","2":"type-product","3":"status-publish","4":"has-post-thumbnail","6":"product_cat-hrana-za-pse","7":"product_cat-ishrana-zivotinja","9":"first","10":"instock","11":"shipping-taxable","12":"product-type-simple"},"_links":{"self":[{"href":"https:\/\/agrarpetrovic.rs\/en\/wp-json\/wp\/v2\/product\/5904","targetHints":{"allow":["GET"]}}],"collection":[{"href":"https:\/\/agrarpetrovic.rs\/en\/wp-json\/wp\/v2\/product"}],"about":[{"href":"https:\/\/agrarpetrovic.rs\/en\/wp-json\/wp\/v2\/types\/product"}],"wp:featuredmedia":[{"embeddable":true,"href":"https:\/\/agrarpetrovic.rs\/en\/wp-json\/wp\/v2\/media\/5934"}],"wp:attachment":[{"href":"https:\/\/agrarpetrovic.rs\/en\/wp-json\/wp\/v2\/media?parent=5904"}],"wp:term":[{"taxonomy":"product_brand","embeddable":true,"href":"https:\/\/agrarpetrovic.rs\/en\/wp-json\/wp\/v2\/product_brand?post=5904"},{"taxonomy":"product_cat","embeddable":true,"href":"https:\/\/agrarpetrovic.rs\/en\/wp-json\/wp\/v2\/product_cat?post=5904"},{"taxonomy":"product_tag","embeddable":true,"href":"https:\/\/agrarpetrovic.rs\/en\/wp-json\/wp\/v2\/product_tag?post=5904"}],"curies":[{"name":"wp","href":"https:\/\/api.w.org\/{rel}","templated":true}]}}