{"id":5905,"date":"2023-07-13T16:30:05","date_gmt":"2023-07-13T14:30:05","guid":{"rendered":"https:\/\/agrarpetrovic.rs\/?post_type=product&#038;p=5905"},"modified":"2023-07-13T16:30:16","modified_gmt":"2023-07-13T14:30:16","slug":"premil-special","status":"publish","type":"product","link":"https:\/\/agrarpetrovic.rs\/en\/proizvod\/premil-special\/","title":{"rendered":"PREMIL SPECIAL"},"content":{"rendered":"<p>Kompletna hrana za izbirljive i odrasle pse svih rasa i veli\u010dina. Sadr\u017ei lako svarljiva mesa- jagnjetinu, \u0107uretinu i tunu. Dobro izbalansirane masti obezbe\u0111uju visok procenat energije preporu\u010dljiv za normalno i srednje aktivne pse. Special naro\u010dito pogoduje psima alergi\u010dnim na gluten. Ne sadr\u017ei \u017eitarice koje u sebi imaju gluten, dok je bogat pirin\u010dem koji sa jagnjetinom, \u0107uretinom i tunom omogu\u0107ava lako varenje. Odli\u010dnog je ukusa, lako prihvatljiv pa se preporu\u010duje svim izbirljivim odraslim psima. Bogat je mnogim makro i mikro elementima koji uti\u010du na tamnjenje zubnog mesa kod takmi\u010darskih pasa. Prirodni mananooligosaharidi (MOS) u kombinaciji sa fruktooligosaharidima (FOS) omogu\u0107avaju veliko iskori\u0161\u0107enje svih hranljivih elemenata.<\/p>\n<p>Sastav: dehidrirana jagnjetina, \u0107uretina i tuna 31%, pirina\u010d 31%, krompirov protein, pile\u0107a mast, hladno ce\u0111ena biljna ulja, riblje ulje, laneno seme 6%, repin rezanac, hidrolizovana jetra, pivski kvasac, su\u0161ena jabuka, inulin (ekstrakt cikorije), MOS (ekstrakt kvasca) i lecitin.<\/p>\n<table>\n<tbody>\n<tr>\n<th>tezina psa u kg<\/th>\n<th>&#8211; 5<\/th>\n<th>5 &#8211; 15<\/th>\n<th>15 &#8211; 30<\/th>\n<th>30 &#8211; 45<\/th>\n<th>45 &#8211; 60<\/th>\n<th>60+<\/th>\n<\/tr>\n<tr>\n<td>Kolicina hrane u 24h u g<\/td>\n<td>30 &#8211; 65<\/td>\n<td>65 &#8211; 130<\/td>\n<td>130 &#8211; 280<\/td>\n<td>280 &#8211; 420<\/td>\n<td>420 &#8211; 570<\/td>\n<td>9 g\/kg<\/td>\n<\/tr>\n<\/tbody>\n<\/table>","protected":false},"excerpt":{"rendered":"<p>Za izbirljive i odrasle pse svih rasa i veli\u010dina-74% proteina \u017eivotinjskog porekla<\/p>\n<div><\/div>\n<div class=\"product__premil-info\">\n<div class=\"product-describe__body\">\n<ul>\n<li>Aktivnost ljubimca:\n<ul>\n<li>Umerena<\/li>\n<\/ul>\n<\/li>\n<li>Pakovanje:\n<ul>\n<li>1 Kg,\u00a015 Kg,\u00a03 Kg<\/li>\n<\/ul>\n<\/li>\n<li>Uzrast:\n<ul>\n<li>Mlad pas,\u00a0Odrastao<\/li>\n<\/ul>\n<\/li>\n<li>Veli\u010dina psa:\n<ul>\n<li>Srednji,\u00a0Veliki<\/li>\n<\/ul>\n<\/li>\n<\/ul>\n<\/div>\n<\/div>","protected":false},"featured_media":5935,"template":"","meta":[],"product_brand":[],"product_cat":[338,196],"product_tag":[],"class_list":{"0":"post-5905","1":"product","2":"type-product","3":"status-publish","4":"has-post-thumbnail","6":"product_cat-hrana-za-pse","7":"product_cat-ishrana-zivotinja","9":"first","10":"instock","11":"shipping-taxable","12":"product-type-simple"},"_links":{"self":[{"href":"https:\/\/agrarpetrovic.rs\/en\/wp-json\/wp\/v2\/product\/5905","targetHints":{"allow":["GET"]}}],"collection":[{"href":"https:\/\/agrarpetrovic.rs\/en\/wp-json\/wp\/v2\/product"}],"about":[{"href":"https:\/\/agrarpetrovic.rs\/en\/wp-json\/wp\/v2\/types\/product"}],"wp:featuredmedia":[{"embeddable":true,"href":"https:\/\/agrarpetrovic.rs\/en\/wp-json\/wp\/v2\/media\/5935"}],"wp:attachment":[{"href":"https:\/\/agrarpetrovic.rs\/en\/wp-json\/wp\/v2\/media?parent=5905"}],"wp:term":[{"taxonomy":"product_brand","embeddable":true,"href":"https:\/\/agrarpetrovic.rs\/en\/wp-json\/wp\/v2\/product_brand?post=5905"},{"taxonomy":"product_cat","embeddable":true,"href":"https:\/\/agrarpetrovic.rs\/en\/wp-json\/wp\/v2\/product_cat?post=5905"},{"taxonomy":"product_tag","embeddable":true,"href":"https:\/\/agrarpetrovic.rs\/en\/wp-json\/wp\/v2\/product_tag?post=5905"}],"curies":[{"name":"wp","href":"https:\/\/api.w.org\/{rel}","templated":true}]}}