{"id":5908,"date":"2023-07-13T16:30:05","date_gmt":"2023-07-13T14:30:05","guid":{"rendered":"https:\/\/agrarpetrovic.rs\/?post_type=product&#038;p=5908"},"modified":"2023-07-13T16:30:18","modified_gmt":"2023-07-13T14:30:18","slug":"premil-fancy","status":"publish","type":"product","link":"https:\/\/agrarpetrovic.rs\/en\/proizvod\/premil-fancy\/","title":{"rendered":"PREMIL FANCY"},"content":{"rendered":"<section id=\"product-opis\" class=\"product-describe\">\n<div class=\"container\">\n<div id=\"PageContentPlaceHolder_DescriptionContent\">\n<div class=\"product-describe__body\">\n<p>mpletna hrana za mlade i odrasle ma\u010dke svih vrsta i izbirljivog ukusa. Kvalitetno pile\u0107e i \u0107ure\u0107e meso zadovolji\u0107e ukus i najizbirljivijih ma\u010daka. Dobro izbalansirane masti u kombinaciji sa potrebnim makro i mikro elementima obezbedi\u0107e zdravu ko\u017eu, sjajnu dlaku i dovoljno energije kako ku\u0107nim, tako i ma\u010dkama koje svoje vreme provode van domova vlasnika. Pojava kamenca u mokra\u0107nim kanalima smanjena je zbog dobre pH vrednosti od 6,0 &#8211; 6,5. Dijetetska vlakna spre\u010davaju stvaranje kuglica dlake.<\/p>\n<p>Sastav: dehidrirana piletina i \u0107uretina, kukuruz, pirina\u010d, hladno ce\u0111ena biljna ulja, pile\u0107a mast, repin rezanac, celuloza, dehidrirana hidrolizovana jetra, kvasac, morske alge, Yucca Schidigera, taurin, kalijum hlorid.<\/p>\n<div>\n<h3>PREPORUKA ZA HRANJENJE<\/h3>\n<div id=\"PageContentPlaceHolder_liPreporukaHranjenje\" class=\"product-preporuka__tabela\">\n<table>\n<tbody>\n<tr>\n<th>te\u017eina macke u kg<\/th>\n<th>2kg<\/th>\n<th>3kg<\/th>\n<th>4kg<\/th>\n<th>5kg<\/th>\n<th>6kg<\/th>\n<th>7kg+<\/th>\n<\/tr>\n<tr>\n<td>kolicina hrane za 24h u g<\/td>\n<td>&#8211; 30<\/td>\n<td>30 &#8211; 45<\/td>\n<td>45 &#8211; 60<\/td>\n<td>60 &#8211; 75<\/td>\n<td>75 &#8211; 90<\/td>\n<td>10 &#8211; 13 g\/kg<\/td>\n<\/tr>\n<\/tbody>\n<\/table>\n<\/div>\n<\/div>\n<\/div>\n<\/div>\n<\/div>\n<\/section>","protected":false},"excerpt":{"rendered":"<p>Kompletna hrana za mlade i odrasle ma\u010dke svih vrsta<\/p>","protected":false},"featured_media":5938,"template":"","meta":[],"product_brand":[],"product_cat":[339,196],"product_tag":[],"class_list":{"0":"post-5908","1":"product","2":"type-product","3":"status-publish","4":"has-post-thumbnail","6":"product_cat-hrana-za-mace","7":"product_cat-ishrana-zivotinja","9":"first","10":"instock","11":"shipping-taxable","12":"product-type-simple"},"_links":{"self":[{"href":"https:\/\/agrarpetrovic.rs\/en\/wp-json\/wp\/v2\/product\/5908","targetHints":{"allow":["GET"]}}],"collection":[{"href":"https:\/\/agrarpetrovic.rs\/en\/wp-json\/wp\/v2\/product"}],"about":[{"href":"https:\/\/agrarpetrovic.rs\/en\/wp-json\/wp\/v2\/types\/product"}],"wp:featuredmedia":[{"embeddable":true,"href":"https:\/\/agrarpetrovic.rs\/en\/wp-json\/wp\/v2\/media\/5938"}],"wp:attachment":[{"href":"https:\/\/agrarpetrovic.rs\/en\/wp-json\/wp\/v2\/media?parent=5908"}],"wp:term":[{"taxonomy":"product_brand","embeddable":true,"href":"https:\/\/agrarpetrovic.rs\/en\/wp-json\/wp\/v2\/product_brand?post=5908"},{"taxonomy":"product_cat","embeddable":true,"href":"https:\/\/agrarpetrovic.rs\/en\/wp-json\/wp\/v2\/product_cat?post=5908"},{"taxonomy":"product_tag","embeddable":true,"href":"https:\/\/agrarpetrovic.rs\/en\/wp-json\/wp\/v2\/product_tag?post=5908"}],"curies":[{"name":"wp","href":"https:\/\/api.w.org\/{rel}","templated":true}]}}