{"id":5910,"date":"2023-07-13T16:30:05","date_gmt":"2023-07-13T14:30:05","guid":{"rendered":"https:\/\/agrarpetrovic.rs\/?post_type=product&#038;p=5910"},"modified":"2023-07-13T16:30:20","modified_gmt":"2023-07-13T14:30:20","slug":"premil-sleep","status":"publish","type":"product","link":"https:\/\/agrarpetrovic.rs\/en\/proizvod\/premil-sleep\/","title":{"rendered":"PREMIL SLEEP"},"content":{"rendered":"<p>Kompletna hrana za sterilisane ma\u010dke i ma\u010dke koje se slabije kre\u0107u i imaju problema sa vi\u0161kom telesne te\u017eine (sterlisane i kastrirane ma\u010dke).\u00a0 Proizvedena kombinacijom proteina animalnog porekla dobijenih iz najkvalitetnijih mesa i lako svarljivih \u017eitarica. Visok sadr\u017eaj proteina uz nizak sadr\u017eaj masti omogu\u0107ava odr\u017eanje mi\u0161i\u0107ne mase uz kontrolu te\u017eine. Prisustvo vlakana (celuloze) omogu\u0107ava olak\u0161anu probavu i doprinosi izbacivanju kuglica dlake. Ph vrednost proizvoda spre\u010dava formiranje urinarnog kamenca.<\/p>\n<p>Sastav: dehidrirana piletina i \u0107uretina, kukuruz, pirina\u010d, hladno ce\u0111ena biljna ulja, pile\u0107a mast, repin rezanac, celuloza, dehidrirana hidrolizovana jetra, kvasac, morske alge, Yucca Schidigera, taurin, kalijum hlorid.<\/p>\n<div>\n<h3 style=\"font-weight: 400\">PREPORUKA ZA HRANJENJE<\/h3>\n<table>\n<tbody>\n<tr>\n<td style=\"font-weight: 400\" width=\"86\"><b><strong>te\u017eina macke u kg<\/strong><\/b><\/td>\n<td style=\"font-weight: 400\" width=\"86\"><b><strong>2kg<\/strong><\/b><\/td>\n<td style=\"font-weight: 400\" width=\"86\"><b><strong>3kg<\/strong><\/b><\/td>\n<td style=\"font-weight: 400\" width=\"86\"><b><strong>4kg<\/strong><\/b><\/td>\n<td style=\"font-weight: 400\" width=\"86\"><b><strong>5kg<\/strong><\/b><\/td>\n<td style=\"font-weight: 400\" width=\"86\"><b><strong>6kg<\/strong><\/b><\/td>\n<td style=\"font-weight: 400\" width=\"86\"><b><strong>7kg+<\/strong><\/b><\/td>\n<\/tr>\n<tr>\n<td style=\"font-weight: 400\"><b><strong>kolicina hrane za 24h u g<\/strong><\/b><\/td>\n<td style=\"font-weight: 400\"><b><strong>-30<\/strong><\/b><\/td>\n<td style=\"font-weight: 400\"><b><strong>30 &#8211; 45<\/strong><\/b><\/td>\n<td style=\"font-weight: 400\"><b><strong>45 &#8211; 60<\/strong><\/b><\/td>\n<td style=\"font-weight: 400\"><b><strong>60 &#8211; 75<\/strong><\/b><\/td>\n<td style=\"font-weight: 400\"><b><strong>75 &#8211; 90<\/strong><\/b><\/td>\n<td style=\"font-weight: 400\"><b><strong>10 \u2013 11 g\/kg<\/strong><\/b><\/td>\n<\/tr>\n<\/tbody>\n<\/table>\n<\/div>","protected":false},"excerpt":{"rendered":"<p><strong>Kompletna hrana za sterilisane ma\u010dke<\/strong><\/p>","protected":false},"featured_media":5940,"template":"","meta":[],"product_brand":[],"product_cat":[339,196],"product_tag":[],"class_list":{"0":"post-5910","1":"product","2":"type-product","3":"status-publish","4":"has-post-thumbnail","6":"product_cat-hrana-za-mace","7":"product_cat-ishrana-zivotinja","9":"first","10":"instock","11":"shipping-taxable","12":"product-type-simple"},"_links":{"self":[{"href":"https:\/\/agrarpetrovic.rs\/en\/wp-json\/wp\/v2\/product\/5910","targetHints":{"allow":["GET"]}}],"collection":[{"href":"https:\/\/agrarpetrovic.rs\/en\/wp-json\/wp\/v2\/product"}],"about":[{"href":"https:\/\/agrarpetrovic.rs\/en\/wp-json\/wp\/v2\/types\/product"}],"wp:featuredmedia":[{"embeddable":true,"href":"https:\/\/agrarpetrovic.rs\/en\/wp-json\/wp\/v2\/media\/5940"}],"wp:attachment":[{"href":"https:\/\/agrarpetrovic.rs\/en\/wp-json\/wp\/v2\/media?parent=5910"}],"wp:term":[{"taxonomy":"product_brand","embeddable":true,"href":"https:\/\/agrarpetrovic.rs\/en\/wp-json\/wp\/v2\/product_brand?post=5910"},{"taxonomy":"product_cat","embeddable":true,"href":"https:\/\/agrarpetrovic.rs\/en\/wp-json\/wp\/v2\/product_cat?post=5910"},{"taxonomy":"product_tag","embeddable":true,"href":"https:\/\/agrarpetrovic.rs\/en\/wp-json\/wp\/v2\/product_tag?post=5910"}],"curies":[{"name":"wp","href":"https:\/\/api.w.org\/{rel}","templated":true}]}}