{"id":5913,"date":"2023-07-13T16:30:05","date_gmt":"2023-07-13T14:30:05","guid":{"rendered":"https:\/\/agrarpetrovic.rs\/?post_type=product&#038;p=5913"},"modified":"2023-07-13T16:30:22","modified_gmt":"2023-07-13T14:30:22","slug":"premil-standard-mix","status":"publish","type":"product","link":"https:\/\/agrarpetrovic.rs\/en\/proizvod\/premil-standard-mix\/","title":{"rendered":"PREMIL STANDARD MIX"},"content":{"rendered":"<p>Kompletna hrana za ma\u010dke svih uzrasta sa prirodnim, dobro izbalansiranim aminokiselinama koje poti\u010du od najkvalitetnijih mesa. Aminokiseline u kombinaciji sa makro i mikro elementima ma\u010dkama obezbedjuju pravilan razvoj, zdrav i dug \u017eivot. Zbog pH vrednosti od 6.0-6.5 smanjena je mogu\u0107nost pojave kamenca u mokra\u0107nim kanalima. Kvalitetne masti uz vitamine uti\u010du na stvaranje sjajne i guste dlake.<\/p>\n<p>Sastav: dehidrirana piletina, svinjetina i govedina, kukuruz, pirina\u010d, hladno ce\u0111ena ulja, mast, repin rezanac, celuloza, dehidrirana hidrolizovana jetra, kvasac, vitamini i minerali, prehrambene boje.<\/p>\n<h3>PREPORUKA ZA HRANJENJE<\/h3>\n<div id=\"PageContentPlaceHolder_liPreporukaHranjenje\" class=\"product-preporuka__tabela\">\n<table>\n<tbody>\n<tr>\n<th>te\u017eina macke u kg<\/th>\n<th>2kg<\/th>\n<th>3kg<\/th>\n<th>4kg<\/th>\n<th>5kg<\/th>\n<th>6kg<\/th>\n<th>7kg+<\/th>\n<\/tr>\n<tr>\n<td>kolicina hrane za 24h u g<\/td>\n<td>35 &#8211; 45<\/td>\n<td>40 &#8211; 50<\/td>\n<td>45 &#8211; 65<\/td>\n<td>60 &#8211; 80<\/td>\n<td>65 &#8211; 90<\/td>\n<td>10 &#8211; 15 g\/kg<\/td>\n<\/tr>\n<\/tbody>\n<\/table>\n<\/div>","protected":false},"excerpt":{"rendered":"<p>Kompletna hrana za ma\u010dke svih uzrasta<\/p>","protected":false},"featured_media":5943,"template":"","meta":[],"product_brand":[],"product_cat":[339,196],"product_tag":[],"class_list":{"0":"post-5913","1":"product","2":"type-product","3":"status-publish","4":"has-post-thumbnail","6":"product_cat-hrana-za-mace","7":"product_cat-ishrana-zivotinja","9":"first","10":"instock","11":"shipping-taxable","12":"product-type-simple"},"_links":{"self":[{"href":"https:\/\/agrarpetrovic.rs\/en\/wp-json\/wp\/v2\/product\/5913","targetHints":{"allow":["GET"]}}],"collection":[{"href":"https:\/\/agrarpetrovic.rs\/en\/wp-json\/wp\/v2\/product"}],"about":[{"href":"https:\/\/agrarpetrovic.rs\/en\/wp-json\/wp\/v2\/types\/product"}],"wp:featuredmedia":[{"embeddable":true,"href":"https:\/\/agrarpetrovic.rs\/en\/wp-json\/wp\/v2\/media\/5943"}],"wp:attachment":[{"href":"https:\/\/agrarpetrovic.rs\/en\/wp-json\/wp\/v2\/media?parent=5913"}],"wp:term":[{"taxonomy":"product_brand","embeddable":true,"href":"https:\/\/agrarpetrovic.rs\/en\/wp-json\/wp\/v2\/product_brand?post=5913"},{"taxonomy":"product_cat","embeddable":true,"href":"https:\/\/agrarpetrovic.rs\/en\/wp-json\/wp\/v2\/product_cat?post=5913"},{"taxonomy":"product_tag","embeddable":true,"href":"https:\/\/agrarpetrovic.rs\/en\/wp-json\/wp\/v2\/product_tag?post=5913"}],"curies":[{"name":"wp","href":"https:\/\/api.w.org\/{rel}","templated":true}]}}